{"id":6508,"date":"2026-02-22T17:43:40","date_gmt":"2026-02-22T16:43:40","guid":{"rendered":"https:\/\/laballade.de\/wordpress\/?page_id=6508"},"modified":"2026-02-22T17:43:40","modified_gmt":"2026-02-22T16:43:40","slug":"leseprobe-blaumeise-sturzflug","status":"publish","type":"page","link":"https:\/\/laballade.de\/wordpress\/bibliothek\/geschriebenes\/leseprobe-blaumeise-sturzflug\/","title":{"rendered":"Leseprobe \u2013 Blaumeise Sturzflug"},"content":{"rendered":"<p><img loading=\"lazy\" decoding=\"async\" class=\"alignleft size-medium wp-image-6499\" src=\"https:\/\/laballade.de\/wordpress\/wp-content\/uploads\/2026\/02\/Blaumeise-Cover-192x300.jpg\" alt=\"Buchcover: Susanne Bonn, Blaumeise Sturzflug, M\u00e4rchen-Abenteuer mit Musik\" width=\"192\" height=\"300\" srcset=\"https:\/\/laballade.de\/wordpress\/wp-content\/uploads\/2026\/02\/Blaumeise-Cover-192x300.jpg 192w, https:\/\/laballade.de\/wordpress\/wp-content\/uploads\/2026\/02\/Blaumeise-Cover-655x1024.jpg 655w, https:\/\/laballade.de\/wordpress\/wp-content\/uploads\/2026\/02\/Blaumeise-Cover-768x1200.jpg 768w, https:\/\/laballade.de\/wordpress\/wp-content\/uploads\/2026\/02\/Blaumeise-Cover-983x1536.jpg 983w, https:\/\/laballade.de\/wordpress\/wp-content\/uploads\/2026\/02\/Blaumeise-Cover-1311x2048.jpg 1311w, https:\/\/laballade.de\/wordpress\/wp-content\/uploads\/2026\/02\/Blaumeise-Cover-900x1406.jpg 900w, https:\/\/laballade.de\/wordpress\/wp-content\/uploads\/2026\/02\/Blaumeise-Cover-1280x2000.jpg 1280w, https:\/\/laballade.de\/wordpress\/wp-content\/uploads\/2026\/02\/Blaumeise-Cover.jpg 1600w\" sizes=\"auto, (max-width: 192px) 100vw, 192px\" \/><\/p>\n<p>\u00bbIch hab im Wald n Wolf getroffen!\u00ab<\/p>\n<p>Das war die Stimme von Vanessa aus dem Flur. Sie kam wohl gerade vom Joggen nach Hause.<\/p>\n<p>\u00bbWolf\u00ab, wiederholte Onkel Hartmut in seinem Rollstuhl am Fenster.<\/p>\n<p>Sanjo war schon auf dem Weg aus dem Zimmer, aber bei diesem Wort fuhr sie herum. Ihr Gro\u00dfonkel sagte sonst h\u00f6chstens: \u00bbJa, ja.\u00ab<\/p>\n<p>\u00bbDann setz halt n\u00e4chstes Mal nicht die rote Kappe auf\u00ab, h\u00f6rte sie Robin drau\u00dfen l\u00e4stern.<\/p>\n<p><span style=\"font-family: Liberation Serif, serif;\">Konnten die beiden sich nicht in ihrer Wohnung unterhalten? Sanjo hatte sowieso keine Lust, ihre lautstarken Gespr\u00e4che mit anzuh\u00f6ren, und erst recht nicht, wenn sie Onkel Hartmut von der Rolle brachten.<\/span><\/p>\n<p><span style=\"font-family: Liberation Serif, serif;\">\u00bbQuatschkopp\u00ab, fauchte Vanessa. \u00bbDer Wolf ist mir nachgelaufen, fast bis ins Ort.\u00ab<\/span><\/p>\n<p><span style=\"font-family: Liberation Serif, serif;\">\u00bbWolf! Schnell!\u00ab<\/span><\/p>\n<p><span style=\"font-family: Liberation Serif, serif;\">\u00bbDas war einer vom Schlappes seinen Huskies\u00ab, beharrte Robin noch lauter. \u00bbWas solls denn sonst gewesen sein?\u00ab<\/span><\/p>\n<p><span style=\"font-family: Liberation Serif, serif;\">\u00bbEin Wolf, sag ich doch.\u00ab Den Ger\u00e4uschen nach war sie inzwischen mit Schuhe wechseln besch\u00e4ftigt. \u00bbSteht bestimmt morgen in der Zeitung \u2026\u00ab<\/span><\/p>\n<p><span style=\"font-family: Liberation Serif, serif;\">\u00bb&#8230; und die Gr\u00fcnen jubeln\u00ab, unterbrach Robin. \u00bbBis dann irgendwo ein St\u00fcck Vieh gerissen ist, dann war\u2019s garantiert kein Wolf mehr, sondern ein Hund.\u00ab<\/span><\/p>\n<p><span style=\"font-family: Liberation Serif, serif;\">\u00bbDas war ein Wolf\u00ab, betonte Vanessa noch einmal. \u00bbKannst ja morgen mal mitlaufen.\u00ab Damit verschwanden sie endlich die Treppe hinauf.<\/span><\/p>\n<p><span style=\"font-family: Liberation Serif, serif;\">\u00bbDer Wolf! Komm!\u00ab Onkel Hartmut wippte aufgeregt in seinem Stuhl vor und zur\u00fcck und drohte fast herauszufallen.<\/span><\/p>\n<p><span style=\"font-family: Liberation Serif, serif;\">Schnell ging Sanjo zu ihm hin und redete ihm beruhigend zu. Mit Rosinenbrot und einem Schluck Tee lie\u00df er sich ablenken. Dann kam auf der Stra\u00dfe ein Nachbar vorbei und winkte herauf. Onkel Hartmut hob die Hand. Jetzt konnte man ihn wohl alleine lassen, bis der Pflegedienst kam, um ihn ins Bett zu bringen. Sanjo schaltete das Opafon ein und ging in ihre Wohnung nebenan.<\/span><\/p>\n<p style=\"text-align: center;\">* * *<\/p>\n<p>E-Book bei <a href=\"https:\/\/schlapp.buchhandlung.de\/shop\/article\/57933634\/susanne_bonn_blaumeise_sturzflug.html\">H. L. Schlap<\/a>p * <a href=\"https:\/\/www.bookzilla.de\/shop\/article\/57933634\/susanne_bonn_blaumeise_sturzflug.html\">Bookzilla<\/a> * <a href=\"https:\/\/www.fairbuch.de\/shop\/article\/57933634\/susanne_bonn_blaumeise_sturzflug.html\">Fairbuch<\/a> * <a href=\"https:\/\/www.hugendubel.de\/de\/ebook_epub\/susanne_bonn-blaumeise_sturzflug-52615251-produkt-details.html\">Hugendubel<\/a> * <a href=\"https:\/\/www.orellfuessli.ch\/shop\/home\/artikeldetails\/A1078294459\">Orell F\u00fcssli<\/a> * <a href=\"https:\/\/www.osiander.de\/shop\/home\/artikeldetails\/A1078294459\">Osiander<\/a> * <a href=\"https:\/\/www.thalia.de\/shop\/home\/artikeldetails\/A1078294459\">Thalia<\/a><\/p>\n<p>&nbsp;<\/p>\n<p>&nbsp;<\/p>\n","protected":false},"excerpt":{"rendered":"<p>\u00bbIch hab im Wald n Wolf getroffen!\u00ab Das war die Stimme von Vanessa aus dem Flur. Sie kam wohl gerade vom Joggen nach Hause. \u00bbWolf\u00ab, wiederholte Onkel Hartmut in seinem Rollstuhl am Fenster. Sanjo war schon auf dem Weg aus dem Zimmer, aber bei diesem Wort fuhr sie herum. Ihr Gro\u00dfonkel sagte sonst h\u00f6chstens: \u00bbJa, [&hellip;]<\/p>\n","protected":false},"author":1,"featured_media":0,"parent":173,"menu_order":0,"comment_status":"closed","ping_status":"closed","template":"","meta":{"footnotes":""},"class_list":["post-6508","page","type-page","status-publish","hentry"],"yoast_head":"<!-- This site is optimized with the Yoast SEO plugin v27.4 - https:\/\/yoast.com\/product\/yoast-seo-wordpress\/ -->\n<title>Leseprobe \u2013 Blaumeise Sturzflug - La Ballade<\/title>\n<meta name=\"description\" content=\"Leseprobe zu \u201eBlaumeise Sturzflug\u201c, m\u00e4rchenhafte Fantasy mit tapferem Schneiderlein, reichlich Whisky und Ukulele\" \/>\n<meta name=\"robots\" content=\"index, follow, max-snippet:-1, max-image-preview:large, max-video-preview:-1\" \/>\n<link rel=\"canonical\" href=\"https:\/\/laballade.de\/wordpress\/bibliothek\/geschriebenes\/leseprobe-blaumeise-sturzflug\/\" \/>\n<meta property=\"og:locale\" content=\"de_DE\" \/>\n<meta property=\"og:type\" content=\"article\" \/>\n<meta property=\"og:title\" content=\"Leseprobe \u2013 Blaumeise Sturzflug - La Ballade\" \/>\n<meta property=\"og:description\" content=\"Leseprobe zu \u201eBlaumeise Sturzflug\u201c, m\u00e4rchenhafte Fantasy mit tapferem Schneiderlein, reichlich Whisky und Ukulele\" \/>\n<meta property=\"og:url\" content=\"https:\/\/laballade.de\/wordpress\/bibliothek\/geschriebenes\/leseprobe-blaumeise-sturzflug\/\" \/>\n<meta property=\"og:site_name\" content=\"La Ballade\" \/>\n<meta property=\"og:image\" content=\"https:\/\/laballade.de\/wordpress\/wp-content\/uploads\/2026\/02\/Blaumeise-Cover-192x300.jpg\" \/>\n<meta name=\"twitter:card\" content=\"summary_large_image\" \/>\n<meta name=\"twitter:label1\" content=\"Gesch\u00e4tzte Lesezeit\" \/>\n\t<meta name=\"twitter:data1\" content=\"2\u00a0Minuten\" \/>\n<script type=\"application\/ld+json\" class=\"yoast-schema-graph\">{\"@context\":\"https:\\\/\\\/schema.org\",\"@graph\":[{\"@type\":\"WebPage\",\"@id\":\"https:\\\/\\\/laballade.de\\\/wordpress\\\/bibliothek\\\/geschriebenes\\\/leseprobe-blaumeise-sturzflug\\\/\",\"url\":\"https:\\\/\\\/laballade.de\\\/wordpress\\\/bibliothek\\\/geschriebenes\\\/leseprobe-blaumeise-sturzflug\\\/\",\"name\":\"Leseprobe \u2013 Blaumeise Sturzflug - La Ballade\",\"isPartOf\":{\"@id\":\"https:\\\/\\\/laballade.de\\\/wordpress\\\/#website\"},\"primaryImageOfPage\":{\"@id\":\"https:\\\/\\\/laballade.de\\\/wordpress\\\/bibliothek\\\/geschriebenes\\\/leseprobe-blaumeise-sturzflug\\\/#primaryimage\"},\"image\":{\"@id\":\"https:\\\/\\\/laballade.de\\\/wordpress\\\/bibliothek\\\/geschriebenes\\\/leseprobe-blaumeise-sturzflug\\\/#primaryimage\"},\"thumbnailUrl\":\"https:\\\/\\\/laballade.de\\\/wordpress\\\/wp-content\\\/uploads\\\/2026\\\/02\\\/Blaumeise-Cover-192x300.jpg\",\"datePublished\":\"2026-02-22T16:43:40+00:00\",\"description\":\"Leseprobe zu \u201eBlaumeise Sturzflug\u201c, m\u00e4rchenhafte Fantasy mit tapferem Schneiderlein, reichlich Whisky und Ukulele\",\"breadcrumb\":{\"@id\":\"https:\\\/\\\/laballade.de\\\/wordpress\\\/bibliothek\\\/geschriebenes\\\/leseprobe-blaumeise-sturzflug\\\/#breadcrumb\"},\"inLanguage\":\"de\",\"potentialAction\":[{\"@type\":\"ReadAction\",\"target\":[\"https:\\\/\\\/laballade.de\\\/wordpress\\\/bibliothek\\\/geschriebenes\\\/leseprobe-blaumeise-sturzflug\\\/\"]}]},{\"@type\":\"ImageObject\",\"inLanguage\":\"de\",\"@id\":\"https:\\\/\\\/laballade.de\\\/wordpress\\\/bibliothek\\\/geschriebenes\\\/leseprobe-blaumeise-sturzflug\\\/#primaryimage\",\"url\":\"https:\\\/\\\/laballade.de\\\/wordpress\\\/wp-content\\\/uploads\\\/2026\\\/02\\\/Blaumeise-Cover.jpg\",\"contentUrl\":\"https:\\\/\\\/laballade.de\\\/wordpress\\\/wp-content\\\/uploads\\\/2026\\\/02\\\/Blaumeise-Cover.jpg\",\"width\":1600,\"height\":2500,\"caption\":\"Buchcover: Susanne Bonn, Blaumeise Sturzflug, M\u00e4rchen-Abenteuer mit Musik\"},{\"@type\":\"BreadcrumbList\",\"@id\":\"https:\\\/\\\/laballade.de\\\/wordpress\\\/bibliothek\\\/geschriebenes\\\/leseprobe-blaumeise-sturzflug\\\/#breadcrumb\",\"itemListElement\":[{\"@type\":\"ListItem\",\"position\":1,\"name\":\"Startseite\",\"item\":\"https:\\\/\\\/laballade.de\\\/wordpress\\\/\"},{\"@type\":\"ListItem\",\"position\":2,\"name\":\"Bibliothek\",\"item\":\"https:\\\/\\\/laballade.de\\\/wordpress\\\/bibliothek\\\/\"},{\"@type\":\"ListItem\",\"position\":3,\"name\":\"Geschriebenes\",\"item\":\"https:\\\/\\\/laballade.de\\\/wordpress\\\/bibliothek\\\/geschriebenes\\\/\"},{\"@type\":\"ListItem\",\"position\":4,\"name\":\"Leseprobe \u2013 Blaumeise Sturzflug\"}]},{\"@type\":\"WebSite\",\"@id\":\"https:\\\/\\\/laballade.de\\\/wordpress\\\/#website\",\"url\":\"https:\\\/\\\/laballade.de\\\/wordpress\\\/\",\"name\":\"La Ballade\",\"description\":\"Geschichten und Musik\",\"publisher\":{\"@id\":\"https:\\\/\\\/laballade.de\\\/wordpress\\\/#\\\/schema\\\/person\\\/6fadccd64c10acbfe6c9d563789d29a1\"},\"potentialAction\":[{\"@type\":\"SearchAction\",\"target\":{\"@type\":\"EntryPoint\",\"urlTemplate\":\"https:\\\/\\\/laballade.de\\\/wordpress\\\/?s={search_term_string}\"},\"query-input\":{\"@type\":\"PropertyValueSpecification\",\"valueRequired\":true,\"valueName\":\"search_term_string\"}}],\"inLanguage\":\"de\"},{\"@type\":[\"Person\",\"Organization\"],\"@id\":\"https:\\\/\\\/laballade.de\\\/wordpress\\\/#\\\/schema\\\/person\\\/6fadccd64c10acbfe6c9d563789d29a1\",\"name\":\"Susanne\",\"logo\":{\"@id\":\"https:\\\/\\\/laballade.de\\\/wordpress\\\/#\\\/schema\\\/person\\\/image\\\/\"},\"sameAs\":[\"https:\\\/\\\/www.laballade.de\"]}]}<\/script>\n<!-- \/ Yoast SEO plugin. -->","yoast_head_json":{"title":"Leseprobe \u2013 Blaumeise Sturzflug - La Ballade","description":"Leseprobe zu \u201eBlaumeise Sturzflug\u201c, m\u00e4rchenhafte Fantasy mit tapferem Schneiderlein, reichlich Whisky und Ukulele","robots":{"index":"index","follow":"follow","max-snippet":"max-snippet:-1","max-image-preview":"max-image-preview:large","max-video-preview":"max-video-preview:-1"},"canonical":"https:\/\/laballade.de\/wordpress\/bibliothek\/geschriebenes\/leseprobe-blaumeise-sturzflug\/","og_locale":"de_DE","og_type":"article","og_title":"Leseprobe \u2013 Blaumeise Sturzflug - La Ballade","og_description":"Leseprobe zu \u201eBlaumeise Sturzflug\u201c, m\u00e4rchenhafte Fantasy mit tapferem Schneiderlein, reichlich Whisky und Ukulele","og_url":"https:\/\/laballade.de\/wordpress\/bibliothek\/geschriebenes\/leseprobe-blaumeise-sturzflug\/","og_site_name":"La Ballade","og_image":[{"url":"https:\/\/laballade.de\/wordpress\/wp-content\/uploads\/2026\/02\/Blaumeise-Cover-192x300.jpg","type":"","width":"","height":""}],"twitter_card":"summary_large_image","twitter_misc":{"Gesch\u00e4tzte Lesezeit":"2\u00a0Minuten"},"schema":{"@context":"https:\/\/schema.org","@graph":[{"@type":"WebPage","@id":"https:\/\/laballade.de\/wordpress\/bibliothek\/geschriebenes\/leseprobe-blaumeise-sturzflug\/","url":"https:\/\/laballade.de\/wordpress\/bibliothek\/geschriebenes\/leseprobe-blaumeise-sturzflug\/","name":"Leseprobe \u2013 Blaumeise Sturzflug - La Ballade","isPartOf":{"@id":"https:\/\/laballade.de\/wordpress\/#website"},"primaryImageOfPage":{"@id":"https:\/\/laballade.de\/wordpress\/bibliothek\/geschriebenes\/leseprobe-blaumeise-sturzflug\/#primaryimage"},"image":{"@id":"https:\/\/laballade.de\/wordpress\/bibliothek\/geschriebenes\/leseprobe-blaumeise-sturzflug\/#primaryimage"},"thumbnailUrl":"https:\/\/laballade.de\/wordpress\/wp-content\/uploads\/2026\/02\/Blaumeise-Cover-192x300.jpg","datePublished":"2026-02-22T16:43:40+00:00","description":"Leseprobe zu \u201eBlaumeise Sturzflug\u201c, m\u00e4rchenhafte Fantasy mit tapferem Schneiderlein, reichlich Whisky und Ukulele","breadcrumb":{"@id":"https:\/\/laballade.de\/wordpress\/bibliothek\/geschriebenes\/leseprobe-blaumeise-sturzflug\/#breadcrumb"},"inLanguage":"de","potentialAction":[{"@type":"ReadAction","target":["https:\/\/laballade.de\/wordpress\/bibliothek\/geschriebenes\/leseprobe-blaumeise-sturzflug\/"]}]},{"@type":"ImageObject","inLanguage":"de","@id":"https:\/\/laballade.de\/wordpress\/bibliothek\/geschriebenes\/leseprobe-blaumeise-sturzflug\/#primaryimage","url":"https:\/\/laballade.de\/wordpress\/wp-content\/uploads\/2026\/02\/Blaumeise-Cover.jpg","contentUrl":"https:\/\/laballade.de\/wordpress\/wp-content\/uploads\/2026\/02\/Blaumeise-Cover.jpg","width":1600,"height":2500,"caption":"Buchcover: Susanne Bonn, Blaumeise Sturzflug, M\u00e4rchen-Abenteuer mit Musik"},{"@type":"BreadcrumbList","@id":"https:\/\/laballade.de\/wordpress\/bibliothek\/geschriebenes\/leseprobe-blaumeise-sturzflug\/#breadcrumb","itemListElement":[{"@type":"ListItem","position":1,"name":"Startseite","item":"https:\/\/laballade.de\/wordpress\/"},{"@type":"ListItem","position":2,"name":"Bibliothek","item":"https:\/\/laballade.de\/wordpress\/bibliothek\/"},{"@type":"ListItem","position":3,"name":"Geschriebenes","item":"https:\/\/laballade.de\/wordpress\/bibliothek\/geschriebenes\/"},{"@type":"ListItem","position":4,"name":"Leseprobe \u2013 Blaumeise Sturzflug"}]},{"@type":"WebSite","@id":"https:\/\/laballade.de\/wordpress\/#website","url":"https:\/\/laballade.de\/wordpress\/","name":"La Ballade","description":"Geschichten und Musik","publisher":{"@id":"https:\/\/laballade.de\/wordpress\/#\/schema\/person\/6fadccd64c10acbfe6c9d563789d29a1"},"potentialAction":[{"@type":"SearchAction","target":{"@type":"EntryPoint","urlTemplate":"https:\/\/laballade.de\/wordpress\/?s={search_term_string}"},"query-input":{"@type":"PropertyValueSpecification","valueRequired":true,"valueName":"search_term_string"}}],"inLanguage":"de"},{"@type":["Person","Organization"],"@id":"https:\/\/laballade.de\/wordpress\/#\/schema\/person\/6fadccd64c10acbfe6c9d563789d29a1","name":"Susanne","logo":{"@id":"https:\/\/laballade.de\/wordpress\/#\/schema\/person\/image\/"},"sameAs":["https:\/\/www.laballade.de"]}]}},"_links":{"self":[{"href":"https:\/\/laballade.de\/wordpress\/wp-json\/wp\/v2\/pages\/6508","targetHints":{"allow":["GET"]}}],"collection":[{"href":"https:\/\/laballade.de\/wordpress\/wp-json\/wp\/v2\/pages"}],"about":[{"href":"https:\/\/laballade.de\/wordpress\/wp-json\/wp\/v2\/types\/page"}],"author":[{"embeddable":true,"href":"https:\/\/laballade.de\/wordpress\/wp-json\/wp\/v2\/users\/1"}],"replies":[{"embeddable":true,"href":"https:\/\/laballade.de\/wordpress\/wp-json\/wp\/v2\/comments?post=6508"}],"version-history":[{"count":2,"href":"https:\/\/laballade.de\/wordpress\/wp-json\/wp\/v2\/pages\/6508\/revisions"}],"predecessor-version":[{"id":6514,"href":"https:\/\/laballade.de\/wordpress\/wp-json\/wp\/v2\/pages\/6508\/revisions\/6514"}],"up":[{"embeddable":true,"href":"https:\/\/laballade.de\/wordpress\/wp-json\/wp\/v2\/pages\/173"}],"wp:attachment":[{"href":"https:\/\/laballade.de\/wordpress\/wp-json\/wp\/v2\/media?parent=6508"}],"curies":[{"name":"wp","href":"https:\/\/api.w.org\/{rel}","templated":true}]}}