{"id":6281,"date":"2025-03-25T23:00:08","date_gmt":"2025-03-25T22:00:08","guid":{"rendered":"https:\/\/laballade.de\/wordpress\/?page_id=6281"},"modified":"2026-01-17T19:02:45","modified_gmt":"2026-01-17T18:02:45","slug":"leseprobe-gold-edition","status":"publish","type":"page","link":"https:\/\/laballade.de\/wordpress\/bibliothek\/geschriebenes\/leseprobe-gold-edition\/","title":{"rendered":"Leseprobe \u2013 Gold Edition"},"content":{"rendered":"<h3 class=\"western\"><img loading=\"lazy\" decoding=\"async\" class=\"alignleft size-medium wp-image-6275\" src=\"https:\/\/laballade.de\/wordpress\/wp-content\/uploads\/2025\/03\/Gold-Edition-ebook-cover-200x300.jpg\" alt=\"E-Book-Cover: Susanne Bonn, Gold Edition, Zwei m\u00e4rchenhafte Abenteuer\" width=\"200\" height=\"300\" srcset=\"https:\/\/laballade.de\/wordpress\/wp-content\/uploads\/2025\/03\/Gold-Edition-ebook-cover-200x300.jpg 200w, https:\/\/laballade.de\/wordpress\/wp-content\/uploads\/2025\/03\/Gold-Edition-ebook-cover-683x1024.jpg 683w, https:\/\/laballade.de\/wordpress\/wp-content\/uploads\/2025\/03\/Gold-Edition-ebook-cover-768x1152.jpg 768w, https:\/\/laballade.de\/wordpress\/wp-content\/uploads\/2025\/03\/Gold-Edition-ebook-cover-1024x1536.jpg 1024w, https:\/\/laballade.de\/wordpress\/wp-content\/uploads\/2025\/03\/Gold-Edition-ebook-cover-1365x2048.jpg 1365w, https:\/\/laballade.de\/wordpress\/wp-content\/uploads\/2025\/03\/Gold-Edition-ebook-cover-900x1350.jpg 900w, https:\/\/laballade.de\/wordpress\/wp-content\/uploads\/2025\/03\/Gold-Edition-ebook-cover-1280x1920.jpg 1280w, https:\/\/laballade.de\/wordpress\/wp-content\/uploads\/2025\/03\/Gold-Edition-ebook-cover.jpg 1600w\" sizes=\"auto, (max-width: 200px) 100vw, 200px\" \/>Der M\u00e4rchenprinz<\/h3>\n<p>Es war ein Samstagabend im zeitigen Fr\u00fchjahr, und ich dachte an nichts B\u00f6ses. Wir waren beim Chinesen und schlugen uns ordentlich die B\u00e4uche voll. Der Chef zahlte, denn das war die Firmen-Faschingsfeier. F\u00fcr die angemessene Stimmung sollten alle im Schlafanzug kommen. Na gut. Ich brauchte mich da nicht rumzumachen. Ich wohnte allein, und es konnte mir v\u00f6llig egal sein, ob auf meinem Schlafanzug Snoopy zu sehen war und die Hose mit lauter winzigen Woodstocks bedruckt war. Als Fastnachts-Outfit fand ich das kicherw\u00fcrdig genug.<\/p>\n<p class=\"western\">Klappte auch bei den meisten anderen Leuten mit langen, notfalls blau-wei\u00df karierten Hemden und Zipfelm\u00fctze oder Spitzenh\u00e4ubchen, mit pseudo-sexy Babydolls oder Seidenpyjamas. Nur Pauline hatte die Sache mal wieder zu w\u00f6rtlich genommen und ein verfrommeltes Band-Sweatshirt und eine lange Herrenunterhose an. Beides sah aus, als ob es in dieser Woche schon mehrfach gebraucht worden w\u00e4re.<\/p>\n<p class=\"western\">\u00bbWas denn? Ich dachte, wir sollen im Schlafanzug kommen\u00ab, sagte sie, als sie jemand darauf ansprach. \u00bbDas ist mein Schlafanzug, voll authentisch, direkt aus dem Bett.\u00ab<\/p>\n<p>&nbsp;<\/p>\n<h3 class=\"western\">D\u00e4mlich, aber froh<\/h3>\n<p>Harry fuhr nach Hause. Endlich war es abends wieder hell, die Stra\u00dfe trocken, rechts und links nur Wiesen, freie Sicht. Da konnte er mal Gummi geben und \u00fcber die H\u00fcgelkuppe schie\u00dfen wie im Flug.<\/p>\n<p class=\"western\">Dahinter waren Tiere auf der Weide, ziemlich viele, ziemlich kleine Tiere, und sie str\u00f6mten auf die Stra\u00dfe zu.<\/p>\n<p class=\"western\">H\u00fchner. Nicht gerade das typische Weidevieh. Da sauste ein Gr\u00fcppchen unter dem Zaun durch und kabbelte sich auf der Stra\u00dfe.<\/p>\n<p class=\"western\">Harry bremste scharf, riss das Lenkrad zur Seite. Eine Hupe t\u00f6nte.<\/p>\n<p class=\"western\">Hatte es nun gekracht oder nicht?<\/p>\n<p class=\"western\">Harry fuhr rechts ran, stieg aus und den H\u00fcgel wieder hinauf. Nein, da lag kein plattgefahrenes Federvieh auf der Stra\u00dfe.<\/p>\n<p class=\"western\">Er atmete auf und merkte, wie sehr er zitterte.<\/p>\n<p class=\"western\">Bevor er die letzten paar Kilometer in Angriff nahm, ging er lieber noch ein St\u00fcck \u00fcber die Wiese. Mitten zwischen Gras und H\u00fchnern stand eine Art Bauwagen. Vielleicht fand er dort eine Kontaktadresse, wo er sich melden konnte, falls doch etwas schiefgegangen w\u00e4re.<\/p>\n<p class=\"western\">Er drehte langsam eine Runde um den Wagen, misstrauisch be\u00e4ugt von den braun gl\u00e4nzenden Hennen und einer schwarz gescheckten Ziege. \u00bbRent-a-Chicken\u00ab stand auf der Seite des Wagens, sonst nichts. Harry fotografierte trotzdem. Er atmete noch ein paarmal tief durch und machte sich auf den R\u00fcckweg. So langsam knurrte ihm doch der Magen.<\/p>\n<p class=\"western\">Da funkelte etwas im Gras, als die Sonne darauf schien. Harry ging hin.<\/p>\n<p class=\"western\">Ein Ei. Aber es war nicht eierschalenfarben sondern golden. Deshalb gl\u00e4nzte und blinkte es so. Harry schaute sich um. Wo war die versteckte Kamera?<\/p>\n<p style=\"text-align: center;\">* * *<\/p>\n<p>E-Book bei <a href=\"https:\/\/schlapp.buchhandlung.de\/shop\/article\/55195635\/susanne_bonn_gold_edition.html\">H. L. Schlapp<\/a> *\u00a0<a href=\"https:\/\/www.fairbuch.de\/shop\/article\/55195635\/susanne_bonn_gold_edition.html\">Fairbuch<\/a> * <a href=\"https:\/\/www.hugendubel.de\/de\/ebook_epub\/susanne_bonn-gold_edition-50244303-produkt-details.html\">Hugendubel<\/a> * <a href=\"https:\/\/www.orellfuessli.ch\/shop\/home\/artikeldetails\/A1074798292\">Orell F\u00fcssli<\/a> * <a href=\"https:\/\/www.osiander.de\/shop\/home\/artikeldetails\/A1074798292\">Osiander<\/a> * <a href=\"https:\/\/www.skoobe.de\/books\/susanne-bonn\/gold-edition-viel-wirbel-um-wenig-gold\">Skoobe<\/a> * <a href=\"https:\/\/www.thalia.de\/shop\/home\/artikeldetails\/A1074798292\">Thalia<\/a><\/p>\n<p>Taschenbuch bei <a href=\"https:\/\/www.epubli.com\/shop\/gold-edition-9783819069390\">epubli<\/a><\/p>\n","protected":false},"excerpt":{"rendered":"<p>Der M\u00e4rchenprinz Es war ein Samstagabend im zeitigen Fr\u00fchjahr, und ich dachte an nichts B\u00f6ses. Wir waren beim Chinesen und schlugen uns ordentlich die B\u00e4uche voll. Der Chef zahlte, denn das war die Firmen-Faschingsfeier. F\u00fcr die angemessene Stimmung sollten alle im Schlafanzug kommen. Na gut. Ich brauchte mich da nicht rumzumachen. Ich wohnte allein, und [&hellip;]<\/p>\n","protected":false},"author":1,"featured_media":0,"parent":173,"menu_order":0,"comment_status":"closed","ping_status":"closed","template":"","meta":{"footnotes":""},"class_list":["post-6281","page","type-page","status-publish","hentry"],"yoast_head":"<!-- This site is optimized with the Yoast SEO plugin v27.4 - https:\/\/yoast.com\/product\/yoast-seo-wordpress\/ -->\n<title>Leseprobe \u2013 Gold Edition - La Ballade<\/title>\n<meta name=\"description\" content=\"Leseprobe zu \u201eGold Edition\u201c \u2013 zwei m\u00e4rchenhafte Abenteuer mit viel Wirbel um wenig Gold: Der M\u00e4rchenprinz + D\u00e4mlich, aber froh\" \/>\n<meta name=\"robots\" content=\"index, follow, max-snippet:-1, max-image-preview:large, max-video-preview:-1\" \/>\n<link rel=\"canonical\" href=\"https:\/\/laballade.de\/wordpress\/bibliothek\/geschriebenes\/leseprobe-gold-edition\/\" \/>\n<meta property=\"og:locale\" content=\"de_DE\" \/>\n<meta property=\"og:type\" content=\"article\" \/>\n<meta property=\"og:title\" content=\"Leseprobe \u2013 Gold Edition - La Ballade\" \/>\n<meta property=\"og:description\" content=\"Leseprobe zu \u201eGold Edition\u201c \u2013 zwei m\u00e4rchenhafte Abenteuer mit viel Wirbel um wenig Gold: Der M\u00e4rchenprinz + D\u00e4mlich, aber froh\" \/>\n<meta property=\"og:url\" content=\"https:\/\/laballade.de\/wordpress\/bibliothek\/geschriebenes\/leseprobe-gold-edition\/\" \/>\n<meta property=\"og:site_name\" content=\"La Ballade\" \/>\n<meta property=\"article:modified_time\" content=\"2026-01-17T18:02:45+00:00\" \/>\n<meta property=\"og:image\" content=\"https:\/\/laballade.de\/wordpress\/wp-content\/uploads\/2025\/03\/Gold-Edition-ebook-cover-200x300.jpg\" \/>\n<meta name=\"twitter:card\" content=\"summary_large_image\" \/>\n<meta name=\"twitter:label1\" content=\"Gesch\u00e4tzte Lesezeit\" \/>\n\t<meta name=\"twitter:data1\" content=\"3\u00a0Minuten\" \/>\n<script type=\"application\/ld+json\" class=\"yoast-schema-graph\">{\"@context\":\"https:\\\/\\\/schema.org\",\"@graph\":[{\"@type\":\"WebPage\",\"@id\":\"https:\\\/\\\/laballade.de\\\/wordpress\\\/bibliothek\\\/geschriebenes\\\/leseprobe-gold-edition\\\/\",\"url\":\"https:\\\/\\\/laballade.de\\\/wordpress\\\/bibliothek\\\/geschriebenes\\\/leseprobe-gold-edition\\\/\",\"name\":\"Leseprobe \u2013 Gold Edition - La Ballade\",\"isPartOf\":{\"@id\":\"https:\\\/\\\/laballade.de\\\/wordpress\\\/#website\"},\"primaryImageOfPage\":{\"@id\":\"https:\\\/\\\/laballade.de\\\/wordpress\\\/bibliothek\\\/geschriebenes\\\/leseprobe-gold-edition\\\/#primaryimage\"},\"image\":{\"@id\":\"https:\\\/\\\/laballade.de\\\/wordpress\\\/bibliothek\\\/geschriebenes\\\/leseprobe-gold-edition\\\/#primaryimage\"},\"thumbnailUrl\":\"https:\\\/\\\/laballade.de\\\/wordpress\\\/wp-content\\\/uploads\\\/2025\\\/03\\\/Gold-Edition-ebook-cover-200x300.jpg\",\"datePublished\":\"2025-03-25T22:00:08+00:00\",\"dateModified\":\"2026-01-17T18:02:45+00:00\",\"description\":\"Leseprobe zu \u201eGold Edition\u201c \u2013 zwei m\u00e4rchenhafte Abenteuer mit viel Wirbel um wenig Gold: Der M\u00e4rchenprinz + D\u00e4mlich, aber froh\",\"breadcrumb\":{\"@id\":\"https:\\\/\\\/laballade.de\\\/wordpress\\\/bibliothek\\\/geschriebenes\\\/leseprobe-gold-edition\\\/#breadcrumb\"},\"inLanguage\":\"de\",\"potentialAction\":[{\"@type\":\"ReadAction\",\"target\":[\"https:\\\/\\\/laballade.de\\\/wordpress\\\/bibliothek\\\/geschriebenes\\\/leseprobe-gold-edition\\\/\"]}]},{\"@type\":\"ImageObject\",\"inLanguage\":\"de\",\"@id\":\"https:\\\/\\\/laballade.de\\\/wordpress\\\/bibliothek\\\/geschriebenes\\\/leseprobe-gold-edition\\\/#primaryimage\",\"url\":\"https:\\\/\\\/laballade.de\\\/wordpress\\\/wp-content\\\/uploads\\\/2025\\\/03\\\/Gold-Edition-ebook-cover.jpg\",\"contentUrl\":\"https:\\\/\\\/laballade.de\\\/wordpress\\\/wp-content\\\/uploads\\\/2025\\\/03\\\/Gold-Edition-ebook-cover.jpg\",\"width\":1600,\"height\":2400,\"caption\":\"E-Book-Cover: Susanne Bonn, Gold Edition, Zwei m\u00e4rchenhafte Abenteuer\"},{\"@type\":\"BreadcrumbList\",\"@id\":\"https:\\\/\\\/laballade.de\\\/wordpress\\\/bibliothek\\\/geschriebenes\\\/leseprobe-gold-edition\\\/#breadcrumb\",\"itemListElement\":[{\"@type\":\"ListItem\",\"position\":1,\"name\":\"Startseite\",\"item\":\"https:\\\/\\\/laballade.de\\\/wordpress\\\/\"},{\"@type\":\"ListItem\",\"position\":2,\"name\":\"Bibliothek\",\"item\":\"https:\\\/\\\/laballade.de\\\/wordpress\\\/bibliothek\\\/\"},{\"@type\":\"ListItem\",\"position\":3,\"name\":\"Geschriebenes\",\"item\":\"https:\\\/\\\/laballade.de\\\/wordpress\\\/bibliothek\\\/geschriebenes\\\/\"},{\"@type\":\"ListItem\",\"position\":4,\"name\":\"Leseprobe \u2013 Gold Edition\"}]},{\"@type\":\"WebSite\",\"@id\":\"https:\\\/\\\/laballade.de\\\/wordpress\\\/#website\",\"url\":\"https:\\\/\\\/laballade.de\\\/wordpress\\\/\",\"name\":\"La Ballade\",\"description\":\"Geschichten und Musik\",\"publisher\":{\"@id\":\"https:\\\/\\\/laballade.de\\\/wordpress\\\/#\\\/schema\\\/person\\\/6fadccd64c10acbfe6c9d563789d29a1\"},\"potentialAction\":[{\"@type\":\"SearchAction\",\"target\":{\"@type\":\"EntryPoint\",\"urlTemplate\":\"https:\\\/\\\/laballade.de\\\/wordpress\\\/?s={search_term_string}\"},\"query-input\":{\"@type\":\"PropertyValueSpecification\",\"valueRequired\":true,\"valueName\":\"search_term_string\"}}],\"inLanguage\":\"de\"},{\"@type\":[\"Person\",\"Organization\"],\"@id\":\"https:\\\/\\\/laballade.de\\\/wordpress\\\/#\\\/schema\\\/person\\\/6fadccd64c10acbfe6c9d563789d29a1\",\"name\":\"Susanne\",\"logo\":{\"@id\":\"https:\\\/\\\/laballade.de\\\/wordpress\\\/#\\\/schema\\\/person\\\/image\\\/\"},\"sameAs\":[\"https:\\\/\\\/www.laballade.de\"]}]}<\/script>\n<!-- \/ Yoast SEO plugin. -->","yoast_head_json":{"title":"Leseprobe \u2013 Gold Edition - La Ballade","description":"Leseprobe zu \u201eGold Edition\u201c \u2013 zwei m\u00e4rchenhafte Abenteuer mit viel Wirbel um wenig Gold: Der M\u00e4rchenprinz + D\u00e4mlich, aber froh","robots":{"index":"index","follow":"follow","max-snippet":"max-snippet:-1","max-image-preview":"max-image-preview:large","max-video-preview":"max-video-preview:-1"},"canonical":"https:\/\/laballade.de\/wordpress\/bibliothek\/geschriebenes\/leseprobe-gold-edition\/","og_locale":"de_DE","og_type":"article","og_title":"Leseprobe \u2013 Gold Edition - La Ballade","og_description":"Leseprobe zu \u201eGold Edition\u201c \u2013 zwei m\u00e4rchenhafte Abenteuer mit viel Wirbel um wenig Gold: Der M\u00e4rchenprinz + D\u00e4mlich, aber froh","og_url":"https:\/\/laballade.de\/wordpress\/bibliothek\/geschriebenes\/leseprobe-gold-edition\/","og_site_name":"La Ballade","article_modified_time":"2026-01-17T18:02:45+00:00","og_image":[{"url":"https:\/\/laballade.de\/wordpress\/wp-content\/uploads\/2025\/03\/Gold-Edition-ebook-cover-200x300.jpg","type":"","width":"","height":""}],"twitter_card":"summary_large_image","twitter_misc":{"Gesch\u00e4tzte Lesezeit":"3\u00a0Minuten"},"schema":{"@context":"https:\/\/schema.org","@graph":[{"@type":"WebPage","@id":"https:\/\/laballade.de\/wordpress\/bibliothek\/geschriebenes\/leseprobe-gold-edition\/","url":"https:\/\/laballade.de\/wordpress\/bibliothek\/geschriebenes\/leseprobe-gold-edition\/","name":"Leseprobe \u2013 Gold Edition - La Ballade","isPartOf":{"@id":"https:\/\/laballade.de\/wordpress\/#website"},"primaryImageOfPage":{"@id":"https:\/\/laballade.de\/wordpress\/bibliothek\/geschriebenes\/leseprobe-gold-edition\/#primaryimage"},"image":{"@id":"https:\/\/laballade.de\/wordpress\/bibliothek\/geschriebenes\/leseprobe-gold-edition\/#primaryimage"},"thumbnailUrl":"https:\/\/laballade.de\/wordpress\/wp-content\/uploads\/2025\/03\/Gold-Edition-ebook-cover-200x300.jpg","datePublished":"2025-03-25T22:00:08+00:00","dateModified":"2026-01-17T18:02:45+00:00","description":"Leseprobe zu \u201eGold Edition\u201c \u2013 zwei m\u00e4rchenhafte Abenteuer mit viel Wirbel um wenig Gold: Der M\u00e4rchenprinz + D\u00e4mlich, aber froh","breadcrumb":{"@id":"https:\/\/laballade.de\/wordpress\/bibliothek\/geschriebenes\/leseprobe-gold-edition\/#breadcrumb"},"inLanguage":"de","potentialAction":[{"@type":"ReadAction","target":["https:\/\/laballade.de\/wordpress\/bibliothek\/geschriebenes\/leseprobe-gold-edition\/"]}]},{"@type":"ImageObject","inLanguage":"de","@id":"https:\/\/laballade.de\/wordpress\/bibliothek\/geschriebenes\/leseprobe-gold-edition\/#primaryimage","url":"https:\/\/laballade.de\/wordpress\/wp-content\/uploads\/2025\/03\/Gold-Edition-ebook-cover.jpg","contentUrl":"https:\/\/laballade.de\/wordpress\/wp-content\/uploads\/2025\/03\/Gold-Edition-ebook-cover.jpg","width":1600,"height":2400,"caption":"E-Book-Cover: Susanne Bonn, Gold Edition, Zwei m\u00e4rchenhafte Abenteuer"},{"@type":"BreadcrumbList","@id":"https:\/\/laballade.de\/wordpress\/bibliothek\/geschriebenes\/leseprobe-gold-edition\/#breadcrumb","itemListElement":[{"@type":"ListItem","position":1,"name":"Startseite","item":"https:\/\/laballade.de\/wordpress\/"},{"@type":"ListItem","position":2,"name":"Bibliothek","item":"https:\/\/laballade.de\/wordpress\/bibliothek\/"},{"@type":"ListItem","position":3,"name":"Geschriebenes","item":"https:\/\/laballade.de\/wordpress\/bibliothek\/geschriebenes\/"},{"@type":"ListItem","position":4,"name":"Leseprobe \u2013 Gold Edition"}]},{"@type":"WebSite","@id":"https:\/\/laballade.de\/wordpress\/#website","url":"https:\/\/laballade.de\/wordpress\/","name":"La Ballade","description":"Geschichten und Musik","publisher":{"@id":"https:\/\/laballade.de\/wordpress\/#\/schema\/person\/6fadccd64c10acbfe6c9d563789d29a1"},"potentialAction":[{"@type":"SearchAction","target":{"@type":"EntryPoint","urlTemplate":"https:\/\/laballade.de\/wordpress\/?s={search_term_string}"},"query-input":{"@type":"PropertyValueSpecification","valueRequired":true,"valueName":"search_term_string"}}],"inLanguage":"de"},{"@type":["Person","Organization"],"@id":"https:\/\/laballade.de\/wordpress\/#\/schema\/person\/6fadccd64c10acbfe6c9d563789d29a1","name":"Susanne","logo":{"@id":"https:\/\/laballade.de\/wordpress\/#\/schema\/person\/image\/"},"sameAs":["https:\/\/www.laballade.de"]}]}},"_links":{"self":[{"href":"https:\/\/laballade.de\/wordpress\/wp-json\/wp\/v2\/pages\/6281","targetHints":{"allow":["GET"]}}],"collection":[{"href":"https:\/\/laballade.de\/wordpress\/wp-json\/wp\/v2\/pages"}],"about":[{"href":"https:\/\/laballade.de\/wordpress\/wp-json\/wp\/v2\/types\/page"}],"author":[{"embeddable":true,"href":"https:\/\/laballade.de\/wordpress\/wp-json\/wp\/v2\/users\/1"}],"replies":[{"embeddable":true,"href":"https:\/\/laballade.de\/wordpress\/wp-json\/wp\/v2\/comments?post=6281"}],"version-history":[{"count":6,"href":"https:\/\/laballade.de\/wordpress\/wp-json\/wp\/v2\/pages\/6281\/revisions"}],"predecessor-version":[{"id":6451,"href":"https:\/\/laballade.de\/wordpress\/wp-json\/wp\/v2\/pages\/6281\/revisions\/6451"}],"up":[{"embeddable":true,"href":"https:\/\/laballade.de\/wordpress\/wp-json\/wp\/v2\/pages\/173"}],"wp:attachment":[{"href":"https:\/\/laballade.de\/wordpress\/wp-json\/wp\/v2\/media?parent=6281"}],"curies":[{"name":"wp","href":"https:\/\/api.w.org\/{rel}","templated":true}]}}