{"id":5470,"date":"2024-01-21T16:48:57","date_gmt":"2024-01-21T15:48:57","guid":{"rendered":"https:\/\/laballade.de\/wordpress\/?page_id=5470"},"modified":"2026-01-17T19:07:49","modified_gmt":"2026-01-17T18:07:49","slug":"leseprobe-buntspecht-und-anton","status":"publish","type":"page","link":"https:\/\/laballade.de\/wordpress\/bibliothek\/geschriebenes\/leseprobe-buntspecht-und-anton\/","title":{"rendered":"Leseprobe &#8211; Buntspecht und Anton"},"content":{"rendered":"<p align=\"left\"><span style=\"font-family: Liberation Serif, serif;\"><span style=\"font-size: large;\"><img loading=\"lazy\" decoding=\"async\" class=\"alignleft size-medium wp-image-3542\" src=\"https:\/\/laballade.de\/wordpress\/wp-content\/uploads\/2020\/08\/Buntspecht-und-Anton-cover-klein-206x300.jpg\" alt=\"Leseprobe Buntspecht und Anton\" width=\"206\" height=\"300\" srcset=\"https:\/\/laballade.de\/wordpress\/wp-content\/uploads\/2020\/08\/Buntspecht-und-Anton-cover-klein-206x300.jpg 206w, https:\/\/laballade.de\/wordpress\/wp-content\/uploads\/2020\/08\/Buntspecht-und-Anton-cover-klein.jpg 385w\" sizes=\"auto, (max-width: 206px) 100vw, 206px\" \/>Maria Lichtmess fiel in diesem Jahr auf einen Freitag, und laut Mondkalender war sogar noch Vollmond. F\u00fcr den Zauber, den Steffi vorhatte, sollte das reichen. Sie hatte ein paar Tage frei und beschloss, dass es h\u00f6chste Zeit war, die Outdoor-Ritualsaison zu beginnen.<\/span><\/span><\/p>\n<p align=\"left\"><span style=\"font-family: Liberation Serif, serif;\"><span style=\"font-size: large;\">Sie zog sich warm an, packte die Trommel und die anderen Utensilien ein und machte sich auf den Weg in den Wald, zum Standing Stone. So nannte ihn zwar niemand in der Gegend, weil die Leute das gar nicht aussprechen konnten, aber Hinkelstein klang in Steffis Ohren zu sehr nach gallischem Dorf. Der \u00fcber zwei Meter hohe, etwa anderthalb Meter breite Granitbrocken stand ein wenig abseits vom Weg. Hinter B\u00e4umen und Gestr\u00fcpp sah man ihn kaum, Spazierg\u00e4nger lie\u00dfen ihn deshalb links liegen. Also konnte Steffi an seinem Fu\u00df, zwischen Hasel und Eberesche und Eibe, in aller Ruhe ihre Rituale feiern. Eine Eiche in der N\u00e4he bot die meiste Zeit des Jahres einen kr\u00e4ftigen Ast als Dach an. Der ideale Rahmen.<\/span><\/span><\/p>\n<p align=\"left\"><span style=\"font-family: Liberation Serif, serif;\"><span style=\"font-size: large;\">Heute wollte sie den Mann f\u00fcr dieses Jahr zu sich rufen, bei Gefallen auch f\u00fcr l\u00e4nger. Unterwegs \u00fcberlegte sie, wer oder was ihr dabei helfen k\u00f6nnte. Vielleicht eine ihrer Ahninnen, die der Inquisition ein Schnippchen hatten schlagen k\u00f6nnen &#8211; weil sie eben wussten, was sie taten. Von denen gab es in ihrer Familie mehrere, und eine von ihnen hatte Steffi schon bei einer Spirit-Reise getroffen.<\/span><\/span><\/p>\n<p align=\"left\"><span style=\"font-family: Liberation Serif, serif;\"><span style=\"font-size: large;\">Sie r\u00e4umte den kleinen Ritualplatz vor dem Hinkelstein auf. Der Wind in den letzten Tagen war wohl doch st\u00e4rker gewesen, als es jenseits des Wohnzimmerfensters ausgesehen hatte. Schon auf dem Weg hatten teilweise recht kr\u00e4ftige \u00c4ste gelegen, hier war sogar eine d\u00fcnne Birke umgeknickt. Anschlie\u00dfend baute Steffi Schneegl\u00f6ckchen, Kerzen, Wasserschale und R\u00e4ucherung auf. Sie rief die Himmelsrichtungen und die Elemente an, setzte sich mit dem R\u00fccken zum Stein und begann ihre Meditation. Den Weg in jene Welt, in der die Ahnin und ihre Spirit Guides auf sie warteten, war sie schon einige Male gegangen. Sie konzentrierte sich und wollte diesem Pfad folgen, aber etwas hielt sie in ihrem Kreis fest.<\/span><\/span><\/p>\n<p align=\"left\"><span style=\"font-family: Liberation Serif, serif;\"><span style=\"font-size: large;\">Steffi erwartete, dass die Ahnin sich zeigen und sie hinausf\u00fchren w\u00fcrde. Aber vergeblich. Stattdessen sa\u00df ihr pl\u00f6tzlich eine schwarze Katze gegen\u00fcber und sah sie lauernd an. <\/span><\/span><\/p>\n<p align=\"left\"><span style=\"font-family: Liberation Serif, serif;\"><span style=\"font-size: large;\">Sollte dieses Tier sie heute abholen und in die Spirit-Welt f\u00fchren?<\/span><\/span><\/p>\n<p align=\"left\"><span style=\"font-family: Liberation Serif, serif;\"><span style=\"font-size: large;\">Die Katze streckte sich und ging davon. Steffi folgte ihr. Es sah fast so aus, als ob das Tier einen kleinen H\u00f6cker h\u00e4tte und mit Fell \u00fcberzogene H\u00f6rner auf dem Kopf. War das \u00fcberhaupt eine Katze? Wenn nicht, was war es denn?<\/span><\/span><\/p>\n<p align=\"left\"><span style=\"font-family: Liberation Serif, serif;\"><span style=\"font-size: large;\">Egal, nachdenken konnte sie sp\u00e4ter. Jetzt hie\u00df es sehen und erleben.<\/span><\/span><\/p>\n<p align=\"left\"><span style=\"font-family: Liberation Serif, serif;\"><span style=\"font-size: large;\">Die Katze mit H\u00f6cker f\u00fchrte sie weder nach unten noch nach oben. Oder gab es in der Spirit-Welt auch so einen Buchenwald wie im realen Leben, mit breitem Schotterweg? Da stand sogar die sechseckige Schutzh\u00fctte mit rundum geschlossenen L\u00e4den und dem Schild \u201eGr\u00fcner Baum &#8211; Ableger\u201c \u00fcber der T\u00fcr. <\/span><\/span><\/p>\n<p align=\"left\"><span style=\"font-family: Liberation Serif, serif;\"><span style=\"font-size: large;\">Auf einem der Granitbrocken vor der H\u00fctte sa\u00df ein Mann mit langen schwarzen Haaren und Bart. Auch sein Gesicht war dunkel verschmiert, als ob er sich ein Blackface geschminkt und es nicht ordentlich wieder abgewaschen h\u00e4tte. Sein Mantel war wohl ebenfalls fr\u00fcher rein schwarz gewesen, hatte aber in letzter Zeit sehr gelitten. Aus vielen L\u00f6chern quoll helle Wolle. Nicht einmal Flicken sa\u00dfen darauf. Eine Waffe konnte Steffi nicht entdecken. Er schien ihre Anwesenheit gar nicht zu bemerken, denn er konzentrierte sich auf das Jo-Jo, das vor ihm trudelte. Oder was immer das genau war.<\/span><\/span><\/p>\n<p align=\"left\"><span style=\"font-family: Liberation Serif, serif;\"><span style=\"font-size: large;\">Steffi l\u00e4chelte betont, breitete die H\u00e4nde aus und ging langsam auf die Erscheinung zu, wie auf ein Tier, das sie nicht erschrecken wollte. Als sie den Fu\u00df auf die erste Stufe setzte, die zur H\u00fctte hinauff\u00fchrte, hob der Mann den Kopf. Er hielt sein Spielzeug an und g\u00f6nnte seinerseits Steffi ein sparsames L\u00e4cheln.<\/span><\/span><\/p>\n<p align=\"left\"><span style=\"font-family: Liberation Serif, serif;\"><span style=\"font-size: large;\">Er hatte unglaublich gr\u00fcne Augen.<\/span><\/span><\/p>\n<p align=\"left\"><span style=\"font-family: Liberation Serif, serif;\"><span style=\"font-size: large;\">Sie sah ihn wie gebannt an und pr\u00e4gte sich sein Aussehen genau ein. Hoffte sie jedenfalls. Wie sollte sie ihn sonst im Alltag wiederfinden?<\/span><\/span><\/p>\n<p align=\"left\"><span style=\"font-family: Liberation Serif, serif;\"><span style=\"font-size: large;\">Da legte sich die schmutziggraue Katze mit den sonderbaren Ausw\u00fcchsen quer ins Bild und schaute Steffi herausfordernd an. Steffi hob beschwichtigend die H\u00e4nde und gab sich M\u00fche, an nichts zu denken, denn mit Denken hatte sie bei fr\u00fcheren Spirit-Reisen schlechte Erfahrungen gemacht. Sie betrachtete weiterhin unverwandt den Fremden, der inzwischen wieder sein Jo-Jo kreisen lie\u00df.<\/span><\/span><\/p>\n<p align=\"left\"><span style=\"font-family: Liberation Serif, serif;\"><span style=\"font-size: large;\">Nein, das war kein Jo-Jo, das war eine Spindel. Der Mann mit den gr\u00fcnen Augen produzierte ein kleines Kn\u00e4uel Wolle. Je l\u00e4nger der Faden wurde, desto blasser und durchscheinender sah der Mann aus. Nur die H\u00fctte im Hintergrund blieb solide wie bisher. Steffi f\u00fchlte sich r\u00fccklings \u00fcber den Weg geschoben, bis zur\u00fcck auf ihren Platz am Fu\u00df des Hinkelsteins.<\/span><\/span><\/p>\n<p align=\"left\"><span style=\"font-family: Liberation Serif, serif;\"><span style=\"font-size: large;\">Steffis Kopf schwamm. Bilder flossen an ihr vor\u00fcber, alles schien sich zu drehen, immer langsamer, wie ein Kreisel, der gleich umkippen wird. Aber er kippte nicht, er legte sich sanft auf die Seite.<\/span><\/span><\/p>\n<p align=\"left\"><span style=\"font-family: Liberation Serif, serif;\"><span style=\"font-size: large;\">Sie war der Kreisel.<\/span><\/span><\/p>\n<h4 class=\"western\" align=\"left\">* * *<\/h4>\n<p align=\"left\"><span style=\"font-family: Liberation Serif, serif;\"><span style=\"font-size: large;\">Der Boden unter ihr war hart und kalt und roch nach Wald. Aber war da nicht ein Mann gewesen? Widerwillig hob sie den Kopf.<\/span><\/span><\/p>\n<p align=\"left\"><span style=\"font-family: Liberation Serif, serif;\"><span style=\"font-size: large;\">Nein, kein Mann.<\/span><\/span><\/p>\n<p align=\"left\"><span style=\"font-family: Liberation Serif, serif;\"><span style=\"font-size: large;\">Leiser Wind strich durch das Ge\u00e4st. Steffi merkte, wie steif sie geworden war. Es wurde Zeit, aufzustehen und zu gehen. M\u00fchsam rappelte sie sich auf und sammelte ihre Gedanken wenigstens so weit, dass sie das Ritual ordentlich abschlie\u00dfen konnte. Es fiel ihr schwer, und sie sp\u00fcrte keine Energie im Kreis, die sie mit dem Rauch h\u00e4tte wegwedeln k\u00f6nnen.<\/span><\/span><\/p>\n<p align=\"left\"><span style=\"font-family: Liberation Serif, serif;\"><span style=\"font-size: large;\">\u00dcber ihr, in der Krone der Eiche, kr\u00e4chzte ein Vogel. Viel zu tief f\u00fcr einen Eichelh\u00e4her, wohl eher eine Kr\u00e4he. Sie schaute hinauf. Auch nicht. Mit dem gro\u00dfen wei\u00dfen Fleck an der Seite konnte es nur eine Elster sein.<\/span><\/span><\/p>\n<p style=\"text-align: center;\" align=\"left\">* * *<\/p>\n<p align=\"left\">Taschenbuch direkt beim <a href=\"https:\/\/www.machandel-verlag.de\/readerview\/buntspecht-und-anton.html\">Machandel-Verlag<\/a><\/p>\n<p align=\"left\">E-Book bei <a href=\"https:\/\/schlapp.buchhandlung.de\/shop\/article\/43578413\/susanne_bonn_buntspecht_und_anton.html\">H. L. Schlapp<\/a> * <a href=\"https:\/\/www.buch7.de\/produkt\/buntspecht-und-anton-susanne-bonn\/1040244200?ean=9783959592932\">Buch7<\/a> * <a href=\"https:\/\/www.fairbuch.de\/shop\/article\/43578413\/susanne_bonn_buntspecht_und_anton.html\">Fairbuch<\/a> * <a href=\"https:\/\/www.hugendubel.de\/de\/ebook_epub\/susanne_bonn-buntspecht_und_anton-39465173-produkt-details.html\">Hugendubel<\/a> * <a href=\"https:\/\/www.orellfuessli.ch\/shop\/home\/artikeldetails\/A1058926658\">Orell F\u00fcssli<\/a> * <a href=\"https:\/\/www.osiander.de\/shop\/home\/artikeldetails\/A1058926658\">Osiander<\/a> * <a href=\"https:\/\/www.skoobe.de\/books\/susanne-bonn\/buntspecht-und-anton\">Skoobe<\/a> * <a href=\"https:\/\/www.thalia.de\/shop\/home\/artikeldetails\/A1058926658\">Thalia<\/a><\/p>\n","protected":false},"excerpt":{"rendered":"<p>Maria Lichtmess fiel in diesem Jahr auf einen Freitag, und laut Mondkalender war sogar noch Vollmond. F\u00fcr den Zauber, den Steffi vorhatte, sollte das reichen. Sie hatte ein paar Tage frei und beschloss, dass es h\u00f6chste Zeit war, die Outdoor-Ritualsaison zu beginnen. Sie zog sich warm an, packte die Trommel und die anderen Utensilien ein [&hellip;]<\/p>\n","protected":false},"author":1,"featured_media":0,"parent":173,"menu_order":0,"comment_status":"closed","ping_status":"closed","template":"","meta":{"footnotes":""},"class_list":["post-5470","page","type-page","status-publish","hentry"],"yoast_head":"<!-- This site is optimized with the Yoast SEO plugin v27.4 - https:\/\/yoast.com\/product\/yoast-seo-wordpress\/ -->\n<title>Leseprobe - Buntspecht und Anton - La Ballade<\/title>\n<meta name=\"description\" content=\"Was macht man, wenn die Magie der eigenen Welt nicht mehr ausreicht? Man versucht, sie von den Menschen zu stehlen!\" \/>\n<meta name=\"robots\" content=\"index, follow, max-snippet:-1, max-image-preview:large, max-video-preview:-1\" \/>\n<link rel=\"canonical\" href=\"https:\/\/laballade.de\/wordpress\/bibliothek\/geschriebenes\/leseprobe-buntspecht-und-anton\/\" \/>\n<meta property=\"og:locale\" content=\"de_DE\" \/>\n<meta property=\"og:type\" content=\"article\" \/>\n<meta property=\"og:title\" content=\"Leseprobe - Buntspecht und Anton - La Ballade\" \/>\n<meta property=\"og:description\" content=\"Was macht man, wenn die Magie der eigenen Welt nicht mehr ausreicht? Man versucht, sie von den Menschen zu stehlen!\" \/>\n<meta property=\"og:url\" content=\"https:\/\/laballade.de\/wordpress\/bibliothek\/geschriebenes\/leseprobe-buntspecht-und-anton\/\" \/>\n<meta property=\"og:site_name\" content=\"La Ballade\" \/>\n<meta property=\"article:modified_time\" content=\"2026-01-17T18:07:49+00:00\" \/>\n<meta property=\"og:image\" content=\"https:\/\/laballade.de\/wordpress\/wp-content\/uploads\/2020\/08\/Buntspecht-und-Anton-cover-klein-206x300.jpg\" \/>\n<meta name=\"twitter:card\" content=\"summary_large_image\" \/>\n<meta name=\"twitter:label1\" content=\"Gesch\u00e4tzte Lesezeit\" \/>\n\t<meta name=\"twitter:data1\" content=\"6\u00a0Minuten\" \/>\n<script type=\"application\/ld+json\" class=\"yoast-schema-graph\">{\"@context\":\"https:\\\/\\\/schema.org\",\"@graph\":[{\"@type\":\"WebPage\",\"@id\":\"https:\\\/\\\/laballade.de\\\/wordpress\\\/bibliothek\\\/geschriebenes\\\/leseprobe-buntspecht-und-anton\\\/\",\"url\":\"https:\\\/\\\/laballade.de\\\/wordpress\\\/bibliothek\\\/geschriebenes\\\/leseprobe-buntspecht-und-anton\\\/\",\"name\":\"Leseprobe - Buntspecht und Anton - La Ballade\",\"isPartOf\":{\"@id\":\"https:\\\/\\\/laballade.de\\\/wordpress\\\/#website\"},\"primaryImageOfPage\":{\"@id\":\"https:\\\/\\\/laballade.de\\\/wordpress\\\/bibliothek\\\/geschriebenes\\\/leseprobe-buntspecht-und-anton\\\/#primaryimage\"},\"image\":{\"@id\":\"https:\\\/\\\/laballade.de\\\/wordpress\\\/bibliothek\\\/geschriebenes\\\/leseprobe-buntspecht-und-anton\\\/#primaryimage\"},\"thumbnailUrl\":\"https:\\\/\\\/laballade.de\\\/wordpress\\\/wp-content\\\/uploads\\\/2020\\\/08\\\/Buntspecht-und-Anton-cover-klein-206x300.jpg\",\"datePublished\":\"2024-01-21T15:48:57+00:00\",\"dateModified\":\"2026-01-17T18:07:49+00:00\",\"description\":\"Was macht man, wenn die Magie der eigenen Welt nicht mehr ausreicht? Man versucht, sie von den Menschen zu stehlen!\",\"breadcrumb\":{\"@id\":\"https:\\\/\\\/laballade.de\\\/wordpress\\\/bibliothek\\\/geschriebenes\\\/leseprobe-buntspecht-und-anton\\\/#breadcrumb\"},\"inLanguage\":\"de\",\"potentialAction\":[{\"@type\":\"ReadAction\",\"target\":[\"https:\\\/\\\/laballade.de\\\/wordpress\\\/bibliothek\\\/geschriebenes\\\/leseprobe-buntspecht-und-anton\\\/\"]}]},{\"@type\":\"ImageObject\",\"inLanguage\":\"de\",\"@id\":\"https:\\\/\\\/laballade.de\\\/wordpress\\\/bibliothek\\\/geschriebenes\\\/leseprobe-buntspecht-und-anton\\\/#primaryimage\",\"url\":\"https:\\\/\\\/laballade.de\\\/wordpress\\\/wp-content\\\/uploads\\\/2020\\\/08\\\/Buntspecht-und-Anton-cover-klein.jpg\",\"contentUrl\":\"https:\\\/\\\/laballade.de\\\/wordpress\\\/wp-content\\\/uploads\\\/2020\\\/08\\\/Buntspecht-und-Anton-cover-klein.jpg\",\"width\":385,\"height\":561,\"caption\":\"Leseprobe Buntspecht und Anton\"},{\"@type\":\"BreadcrumbList\",\"@id\":\"https:\\\/\\\/laballade.de\\\/wordpress\\\/bibliothek\\\/geschriebenes\\\/leseprobe-buntspecht-und-anton\\\/#breadcrumb\",\"itemListElement\":[{\"@type\":\"ListItem\",\"position\":1,\"name\":\"Startseite\",\"item\":\"https:\\\/\\\/laballade.de\\\/wordpress\\\/\"},{\"@type\":\"ListItem\",\"position\":2,\"name\":\"Bibliothek\",\"item\":\"https:\\\/\\\/laballade.de\\\/wordpress\\\/bibliothek\\\/\"},{\"@type\":\"ListItem\",\"position\":3,\"name\":\"Geschriebenes\",\"item\":\"https:\\\/\\\/laballade.de\\\/wordpress\\\/bibliothek\\\/geschriebenes\\\/\"},{\"@type\":\"ListItem\",\"position\":4,\"name\":\"Leseprobe &#8211; Buntspecht und Anton\"}]},{\"@type\":\"WebSite\",\"@id\":\"https:\\\/\\\/laballade.de\\\/wordpress\\\/#website\",\"url\":\"https:\\\/\\\/laballade.de\\\/wordpress\\\/\",\"name\":\"La Ballade\",\"description\":\"Geschichten und Musik\",\"publisher\":{\"@id\":\"https:\\\/\\\/laballade.de\\\/wordpress\\\/#\\\/schema\\\/person\\\/6fadccd64c10acbfe6c9d563789d29a1\"},\"potentialAction\":[{\"@type\":\"SearchAction\",\"target\":{\"@type\":\"EntryPoint\",\"urlTemplate\":\"https:\\\/\\\/laballade.de\\\/wordpress\\\/?s={search_term_string}\"},\"query-input\":{\"@type\":\"PropertyValueSpecification\",\"valueRequired\":true,\"valueName\":\"search_term_string\"}}],\"inLanguage\":\"de\"},{\"@type\":[\"Person\",\"Organization\"],\"@id\":\"https:\\\/\\\/laballade.de\\\/wordpress\\\/#\\\/schema\\\/person\\\/6fadccd64c10acbfe6c9d563789d29a1\",\"name\":\"Susanne\",\"logo\":{\"@id\":\"https:\\\/\\\/laballade.de\\\/wordpress\\\/#\\\/schema\\\/person\\\/image\\\/\"},\"sameAs\":[\"https:\\\/\\\/www.laballade.de\"]}]}<\/script>\n<!-- \/ Yoast SEO plugin. -->","yoast_head_json":{"title":"Leseprobe - Buntspecht und Anton - La Ballade","description":"Was macht man, wenn die Magie der eigenen Welt nicht mehr ausreicht? Man versucht, sie von den Menschen zu stehlen!","robots":{"index":"index","follow":"follow","max-snippet":"max-snippet:-1","max-image-preview":"max-image-preview:large","max-video-preview":"max-video-preview:-1"},"canonical":"https:\/\/laballade.de\/wordpress\/bibliothek\/geschriebenes\/leseprobe-buntspecht-und-anton\/","og_locale":"de_DE","og_type":"article","og_title":"Leseprobe - Buntspecht und Anton - La Ballade","og_description":"Was macht man, wenn die Magie der eigenen Welt nicht mehr ausreicht? Man versucht, sie von den Menschen zu stehlen!","og_url":"https:\/\/laballade.de\/wordpress\/bibliothek\/geschriebenes\/leseprobe-buntspecht-und-anton\/","og_site_name":"La Ballade","article_modified_time":"2026-01-17T18:07:49+00:00","og_image":[{"url":"https:\/\/laballade.de\/wordpress\/wp-content\/uploads\/2020\/08\/Buntspecht-und-Anton-cover-klein-206x300.jpg","type":"","width":"","height":""}],"twitter_card":"summary_large_image","twitter_misc":{"Gesch\u00e4tzte Lesezeit":"6\u00a0Minuten"},"schema":{"@context":"https:\/\/schema.org","@graph":[{"@type":"WebPage","@id":"https:\/\/laballade.de\/wordpress\/bibliothek\/geschriebenes\/leseprobe-buntspecht-und-anton\/","url":"https:\/\/laballade.de\/wordpress\/bibliothek\/geschriebenes\/leseprobe-buntspecht-und-anton\/","name":"Leseprobe - Buntspecht und Anton - La Ballade","isPartOf":{"@id":"https:\/\/laballade.de\/wordpress\/#website"},"primaryImageOfPage":{"@id":"https:\/\/laballade.de\/wordpress\/bibliothek\/geschriebenes\/leseprobe-buntspecht-und-anton\/#primaryimage"},"image":{"@id":"https:\/\/laballade.de\/wordpress\/bibliothek\/geschriebenes\/leseprobe-buntspecht-und-anton\/#primaryimage"},"thumbnailUrl":"https:\/\/laballade.de\/wordpress\/wp-content\/uploads\/2020\/08\/Buntspecht-und-Anton-cover-klein-206x300.jpg","datePublished":"2024-01-21T15:48:57+00:00","dateModified":"2026-01-17T18:07:49+00:00","description":"Was macht man, wenn die Magie der eigenen Welt nicht mehr ausreicht? Man versucht, sie von den Menschen zu stehlen!","breadcrumb":{"@id":"https:\/\/laballade.de\/wordpress\/bibliothek\/geschriebenes\/leseprobe-buntspecht-und-anton\/#breadcrumb"},"inLanguage":"de","potentialAction":[{"@type":"ReadAction","target":["https:\/\/laballade.de\/wordpress\/bibliothek\/geschriebenes\/leseprobe-buntspecht-und-anton\/"]}]},{"@type":"ImageObject","inLanguage":"de","@id":"https:\/\/laballade.de\/wordpress\/bibliothek\/geschriebenes\/leseprobe-buntspecht-und-anton\/#primaryimage","url":"https:\/\/laballade.de\/wordpress\/wp-content\/uploads\/2020\/08\/Buntspecht-und-Anton-cover-klein.jpg","contentUrl":"https:\/\/laballade.de\/wordpress\/wp-content\/uploads\/2020\/08\/Buntspecht-und-Anton-cover-klein.jpg","width":385,"height":561,"caption":"Leseprobe Buntspecht und Anton"},{"@type":"BreadcrumbList","@id":"https:\/\/laballade.de\/wordpress\/bibliothek\/geschriebenes\/leseprobe-buntspecht-und-anton\/#breadcrumb","itemListElement":[{"@type":"ListItem","position":1,"name":"Startseite","item":"https:\/\/laballade.de\/wordpress\/"},{"@type":"ListItem","position":2,"name":"Bibliothek","item":"https:\/\/laballade.de\/wordpress\/bibliothek\/"},{"@type":"ListItem","position":3,"name":"Geschriebenes","item":"https:\/\/laballade.de\/wordpress\/bibliothek\/geschriebenes\/"},{"@type":"ListItem","position":4,"name":"Leseprobe &#8211; Buntspecht und Anton"}]},{"@type":"WebSite","@id":"https:\/\/laballade.de\/wordpress\/#website","url":"https:\/\/laballade.de\/wordpress\/","name":"La Ballade","description":"Geschichten und Musik","publisher":{"@id":"https:\/\/laballade.de\/wordpress\/#\/schema\/person\/6fadccd64c10acbfe6c9d563789d29a1"},"potentialAction":[{"@type":"SearchAction","target":{"@type":"EntryPoint","urlTemplate":"https:\/\/laballade.de\/wordpress\/?s={search_term_string}"},"query-input":{"@type":"PropertyValueSpecification","valueRequired":true,"valueName":"search_term_string"}}],"inLanguage":"de"},{"@type":["Person","Organization"],"@id":"https:\/\/laballade.de\/wordpress\/#\/schema\/person\/6fadccd64c10acbfe6c9d563789d29a1","name":"Susanne","logo":{"@id":"https:\/\/laballade.de\/wordpress\/#\/schema\/person\/image\/"},"sameAs":["https:\/\/www.laballade.de"]}]}},"_links":{"self":[{"href":"https:\/\/laballade.de\/wordpress\/wp-json\/wp\/v2\/pages\/5470","targetHints":{"allow":["GET"]}}],"collection":[{"href":"https:\/\/laballade.de\/wordpress\/wp-json\/wp\/v2\/pages"}],"about":[{"href":"https:\/\/laballade.de\/wordpress\/wp-json\/wp\/v2\/types\/page"}],"author":[{"embeddable":true,"href":"https:\/\/laballade.de\/wordpress\/wp-json\/wp\/v2\/users\/1"}],"replies":[{"embeddable":true,"href":"https:\/\/laballade.de\/wordpress\/wp-json\/wp\/v2\/comments?post=5470"}],"version-history":[{"count":7,"href":"https:\/\/laballade.de\/wordpress\/wp-json\/wp\/v2\/pages\/5470\/revisions"}],"predecessor-version":[{"id":6453,"href":"https:\/\/laballade.de\/wordpress\/wp-json\/wp\/v2\/pages\/5470\/revisions\/6453"}],"up":[{"embeddable":true,"href":"https:\/\/laballade.de\/wordpress\/wp-json\/wp\/v2\/pages\/173"}],"wp:attachment":[{"href":"https:\/\/laballade.de\/wordpress\/wp-json\/wp\/v2\/media?parent=5470"}],"curies":[{"name":"wp","href":"https:\/\/api.w.org\/{rel}","templated":true}]}}