{"id":4468,"date":"2021-06-19T14:16:32","date_gmt":"2021-06-19T12:16:32","guid":{"rendered":"https:\/\/laballade.de\/wordpress\/?page_id=4468"},"modified":"2026-01-17T18:44:19","modified_gmt":"2026-01-17T17:44:19","slug":"leseprobe-schatzzeiger","status":"publish","type":"page","link":"https:\/\/laballade.de\/wordpress\/bibliothek\/geschriebenes\/leseprobe-schatzzeiger\/","title":{"rendered":"Leseprobe &#8211; Schatzzeiger"},"content":{"rendered":"<p><img loading=\"lazy\" decoding=\"async\" class=\"size-medium wp-image-478 alignleft\" src=\"https:\/\/laballade.de\/wordpress\/wp-content\/uploads\/2018\/10\/Schatzzeiger-199x300.jpg\" alt=\"Fantastische Kurzgeschichte &quot;Schatzzeiger&quot; von Susanne Bonn\" width=\"199\" height=\"300\" srcset=\"https:\/\/laballade.de\/wordpress\/wp-content\/uploads\/2018\/10\/Schatzzeiger-199x300.jpg 199w, https:\/\/laballade.de\/wordpress\/wp-content\/uploads\/2018\/10\/Schatzzeiger-768x1157.jpg 768w, https:\/\/laballade.de\/wordpress\/wp-content\/uploads\/2018\/10\/Schatzzeiger-680x1024.jpg 680w, https:\/\/laballade.de\/wordpress\/wp-content\/uploads\/2018\/10\/Schatzzeiger-624x940.jpg 624w, https:\/\/laballade.de\/wordpress\/wp-content\/uploads\/2018\/10\/Schatzzeiger.jpg 1405w\" sizes=\"auto, (max-width: 199px) 100vw, 199px\" \/><\/p>\n<p><span style=\"color: #000000;\">Ich war gerade mal wieder solo. Mein Ex war mit seiner Neuen sonst wohin gezogen, und ich hatte mir einen Tapetenwechsel verordnet. Eine Kreuzfahrt war bei meinem Etat nicht drin. Es wurde also trotz Winterwetter das Ferienhaus einer Kollegin im Schwarzwald. Das kam meinem aktuellen Bed\u00fcrfnis entgegen, m\u00f6glichst keine M\u00e4nner zu Gesicht zu bekommen. Mit neuen Bekanntschaften hatte ich es so gar nicht eilig. Und in diesem niedlichen Dorf in der Mitte von Nirgendwo lie\u00df es sich leicht einrichten, dass ich au\u00dfer der B\u00e4ckersfrau plus Tante Emma \u00fcberhaupt keinen Menschen traf.<\/span><\/p>\n<p><span style=\"color: #000000;\">Tags\u00fcber wanderte ich durch den Wald und tr\u00e4umte von M\u00e4rchenprinzen. Die gab es nur in meiner Einbildung, und andere Leute kamen hier nicht vorbei. Manchmal sah ich Spuren, die zeigten, dass doch jemand hier gewesen sein musste, sei es der F\u00f6rster im Jeep oder eben doch der M\u00e4rchenprinz auf seinem wei\u00dfen Ross.<\/span><\/p>\n<p><span style=\"color: #000000;\">W\u00e4hrend ich so vor mich hinwanderte und tr\u00e4umte, spielte ich in der Jackentasche mit einem Anh\u00e4nger, den mir besagter Ex geschenkt hatte. Alles andere hatte er anhand seiner akribischen Buchf\u00fchrung aufgelistet und zur\u00fcckverlangt, nur dieses Teil nicht. Vielleicht war es ihm doch zu peinlich gewesen. Es war ein goldener Tropfen, etwa so gro\u00df wie meine Fingerkuppe.<\/span><\/p>\n<p><span style=\"color: #000000;\">Eines Tages war er damit angekommen. \u00bbDas ist von meiner Oma. Die meinte, ich soll es dir schenken.\u00ab<\/span><\/p>\n<p><span style=\"color: #000000;\">\u00bbDanke sch\u00f6n. Was verschafft mir die Ehre?\u00ab Patrick erz\u00e4hlte normalerweise nicht von seiner Familie. Schon gar nicht hatte er mich bei ihnen vorgestellt. Jetzt gab es also pl\u00f6tzlich eine Oma.<\/span><\/p>\n<p><span style=\"color: #000000;\">\u00bbAch, die ist schon v\u00f6llig gaga. Wei\u00dft du, wo sie das Ding herhaben will?\u00ab<\/span><\/p>\n<p><span style=\"color: #000000;\">Nat\u00fcrlich nicht. \u00bbIn der Tombola gewonnen?\u00ab<\/span><\/p>\n<p><span style=\"color: #000000;\">Patrick sch\u00fcttelte den Kopf. \u00bbViel schlimmer. Ein Geisterfrosch hat ihr angeblich gezeigt, wo ein Schatz liegt.\u00ab<\/span><\/p>\n<p style=\"text-align: center;\">* * *<\/p>\n<p>E-Book bei <a href=\"https:\/\/www.bod.de\/buchshop\/schatzzeiger-susanne-bonn-9783752897647\">BOD<\/a> * <a href=\"https:\/\/www.buch7.de\/produkt\/schatzzeiger-susanne-bonn\/1035173267?ean=9783752897647\">Buch7<\/a> * <a href=\"https:\/\/www.fairbuch.de\/shop\/article\/38243463\/susanne_bonn_schatzzeiger.html\">Fairbuch<\/a> * <a href=\"https:\/\/www.hugendubel.de\/de\/ebook_epub\/susanne_bonn-schatzzeiger-34517171-produkt-details.html\">Hugendubel<\/a> * <a href=\"https:\/\/www.orellfuessli.ch\/shop\/home\/artikeldetails\/A1052569237\">Orell F\u00fcssli<\/a> * <a href=\"https:\/\/www.osiander.de\/shop\/home\/artikeldetails\/A1052569237\">Osiander<\/a> * <a href=\"https:\/\/www.skoobe.de\/books\/susanne-bonn\/schatzzeiger-fantastische-kurzgeschichte\">Skoobe<\/a> * <a href=\"https:\/\/www.thalia.de\/shop\/home\/artikeldetails\/A1052569237\">Thalia<\/a><\/p>\n","protected":false},"excerpt":{"rendered":"<p>Ich war gerade mal wieder solo. Mein Ex war mit seiner Neuen sonst wohin gezogen, und ich hatte mir einen Tapetenwechsel verordnet. Eine Kreuzfahrt war bei meinem Etat nicht drin. Es wurde also trotz Winterwetter das Ferienhaus einer Kollegin im Schwarzwald. Das kam meinem aktuellen Bed\u00fcrfnis entgegen, m\u00f6glichst keine M\u00e4nner zu Gesicht zu bekommen. Mit [&hellip;]<\/p>\n","protected":false},"author":1,"featured_media":0,"parent":173,"menu_order":0,"comment_status":"closed","ping_status":"closed","template":"","meta":{"footnotes":""},"class_list":["post-4468","page","type-page","status-publish","hentry"],"yoast_head":"<!-- This site is optimized with the Yoast SEO plugin v27.4 - https:\/\/yoast.com\/product\/yoast-seo-wordpress\/ -->\n<title>Leseprobe - Schatzzeiger - La Ballade<\/title>\n<meta name=\"robots\" content=\"index, follow, max-snippet:-1, max-image-preview:large, max-video-preview:-1\" \/>\n<link rel=\"canonical\" href=\"https:\/\/laballade.de\/wordpress\/bibliothek\/geschriebenes\/leseprobe-schatzzeiger\/\" \/>\n<meta property=\"og:locale\" content=\"de_DE\" \/>\n<meta property=\"og:type\" content=\"article\" \/>\n<meta property=\"og:title\" content=\"Leseprobe - Schatzzeiger - La Ballade\" \/>\n<meta property=\"og:description\" content=\"Ich war gerade mal wieder solo. Mein Ex war mit seiner Neuen sonst wohin gezogen, und ich hatte mir einen Tapetenwechsel verordnet. Eine Kreuzfahrt war bei meinem Etat nicht drin. Es wurde also trotz Winterwetter das Ferienhaus einer Kollegin im Schwarzwald. Das kam meinem aktuellen Bed\u00fcrfnis entgegen, m\u00f6glichst keine M\u00e4nner zu Gesicht zu bekommen. Mit [&hellip;]\" \/>\n<meta property=\"og:url\" content=\"https:\/\/laballade.de\/wordpress\/bibliothek\/geschriebenes\/leseprobe-schatzzeiger\/\" \/>\n<meta property=\"og:site_name\" content=\"La Ballade\" \/>\n<meta property=\"article:modified_time\" content=\"2026-01-17T17:44:19+00:00\" \/>\n<meta property=\"og:image\" content=\"https:\/\/laballade.de\/wordpress\/wp-content\/uploads\/2018\/10\/Schatzzeiger.jpg\" \/>\n\t<meta property=\"og:image:width\" content=\"1405\" \/>\n\t<meta property=\"og:image:height\" content=\"2117\" \/>\n\t<meta property=\"og:image:type\" content=\"image\/jpeg\" \/>\n<meta name=\"twitter:card\" content=\"summary_large_image\" \/>\n<meta name=\"twitter:label1\" content=\"Gesch\u00e4tzte Lesezeit\" \/>\n\t<meta name=\"twitter:data1\" content=\"2\u00a0Minuten\" \/>\n<script type=\"application\/ld+json\" class=\"yoast-schema-graph\">{\"@context\":\"https:\\\/\\\/schema.org\",\"@graph\":[{\"@type\":\"WebPage\",\"@id\":\"https:\\\/\\\/laballade.de\\\/wordpress\\\/bibliothek\\\/geschriebenes\\\/leseprobe-schatzzeiger\\\/\",\"url\":\"https:\\\/\\\/laballade.de\\\/wordpress\\\/bibliothek\\\/geschriebenes\\\/leseprobe-schatzzeiger\\\/\",\"name\":\"Leseprobe - Schatzzeiger - La Ballade\",\"isPartOf\":{\"@id\":\"https:\\\/\\\/laballade.de\\\/wordpress\\\/#website\"},\"primaryImageOfPage\":{\"@id\":\"https:\\\/\\\/laballade.de\\\/wordpress\\\/bibliothek\\\/geschriebenes\\\/leseprobe-schatzzeiger\\\/#primaryimage\"},\"image\":{\"@id\":\"https:\\\/\\\/laballade.de\\\/wordpress\\\/bibliothek\\\/geschriebenes\\\/leseprobe-schatzzeiger\\\/#primaryimage\"},\"thumbnailUrl\":\"https:\\\/\\\/laballade.de\\\/wordpress\\\/wp-content\\\/uploads\\\/2018\\\/10\\\/Schatzzeiger-199x300.jpg\",\"datePublished\":\"2021-06-19T12:16:32+00:00\",\"dateModified\":\"2026-01-17T17:44:19+00:00\",\"breadcrumb\":{\"@id\":\"https:\\\/\\\/laballade.de\\\/wordpress\\\/bibliothek\\\/geschriebenes\\\/leseprobe-schatzzeiger\\\/#breadcrumb\"},\"inLanguage\":\"de\",\"potentialAction\":[{\"@type\":\"ReadAction\",\"target\":[\"https:\\\/\\\/laballade.de\\\/wordpress\\\/bibliothek\\\/geschriebenes\\\/leseprobe-schatzzeiger\\\/\"]}]},{\"@type\":\"ImageObject\",\"inLanguage\":\"de\",\"@id\":\"https:\\\/\\\/laballade.de\\\/wordpress\\\/bibliothek\\\/geschriebenes\\\/leseprobe-schatzzeiger\\\/#primaryimage\",\"url\":\"https:\\\/\\\/laballade.de\\\/wordpress\\\/wp-content\\\/uploads\\\/2018\\\/10\\\/Schatzzeiger.jpg\",\"contentUrl\":\"https:\\\/\\\/laballade.de\\\/wordpress\\\/wp-content\\\/uploads\\\/2018\\\/10\\\/Schatzzeiger.jpg\",\"width\":1405,\"height\":2117,\"caption\":\"Ungem\u00fctliche Umgebung f\u00fcr einen Frosch.\"},{\"@type\":\"BreadcrumbList\",\"@id\":\"https:\\\/\\\/laballade.de\\\/wordpress\\\/bibliothek\\\/geschriebenes\\\/leseprobe-schatzzeiger\\\/#breadcrumb\",\"itemListElement\":[{\"@type\":\"ListItem\",\"position\":1,\"name\":\"Startseite\",\"item\":\"https:\\\/\\\/laballade.de\\\/wordpress\\\/\"},{\"@type\":\"ListItem\",\"position\":2,\"name\":\"Bibliothek\",\"item\":\"https:\\\/\\\/laballade.de\\\/wordpress\\\/bibliothek\\\/\"},{\"@type\":\"ListItem\",\"position\":3,\"name\":\"Geschriebenes\",\"item\":\"https:\\\/\\\/laballade.de\\\/wordpress\\\/bibliothek\\\/geschriebenes\\\/\"},{\"@type\":\"ListItem\",\"position\":4,\"name\":\"Leseprobe &#8211; Schatzzeiger\"}]},{\"@type\":\"WebSite\",\"@id\":\"https:\\\/\\\/laballade.de\\\/wordpress\\\/#website\",\"url\":\"https:\\\/\\\/laballade.de\\\/wordpress\\\/\",\"name\":\"La Ballade\",\"description\":\"Geschichten und Musik\",\"publisher\":{\"@id\":\"https:\\\/\\\/laballade.de\\\/wordpress\\\/#\\\/schema\\\/person\\\/6fadccd64c10acbfe6c9d563789d29a1\"},\"potentialAction\":[{\"@type\":\"SearchAction\",\"target\":{\"@type\":\"EntryPoint\",\"urlTemplate\":\"https:\\\/\\\/laballade.de\\\/wordpress\\\/?s={search_term_string}\"},\"query-input\":{\"@type\":\"PropertyValueSpecification\",\"valueRequired\":true,\"valueName\":\"search_term_string\"}}],\"inLanguage\":\"de\"},{\"@type\":[\"Person\",\"Organization\"],\"@id\":\"https:\\\/\\\/laballade.de\\\/wordpress\\\/#\\\/schema\\\/person\\\/6fadccd64c10acbfe6c9d563789d29a1\",\"name\":\"Susanne\",\"logo\":{\"@id\":\"https:\\\/\\\/laballade.de\\\/wordpress\\\/#\\\/schema\\\/person\\\/image\\\/\"},\"sameAs\":[\"https:\\\/\\\/www.laballade.de\"]}]}<\/script>\n<!-- \/ Yoast SEO plugin. -->","yoast_head_json":{"title":"Leseprobe - Schatzzeiger - La Ballade","robots":{"index":"index","follow":"follow","max-snippet":"max-snippet:-1","max-image-preview":"max-image-preview:large","max-video-preview":"max-video-preview:-1"},"canonical":"https:\/\/laballade.de\/wordpress\/bibliothek\/geschriebenes\/leseprobe-schatzzeiger\/","og_locale":"de_DE","og_type":"article","og_title":"Leseprobe - Schatzzeiger - La Ballade","og_description":"Ich war gerade mal wieder solo. Mein Ex war mit seiner Neuen sonst wohin gezogen, und ich hatte mir einen Tapetenwechsel verordnet. Eine Kreuzfahrt war bei meinem Etat nicht drin. Es wurde also trotz Winterwetter das Ferienhaus einer Kollegin im Schwarzwald. Das kam meinem aktuellen Bed\u00fcrfnis entgegen, m\u00f6glichst keine M\u00e4nner zu Gesicht zu bekommen. Mit [&hellip;]","og_url":"https:\/\/laballade.de\/wordpress\/bibliothek\/geschriebenes\/leseprobe-schatzzeiger\/","og_site_name":"La Ballade","article_modified_time":"2026-01-17T17:44:19+00:00","og_image":[{"width":1405,"height":2117,"url":"https:\/\/laballade.de\/wordpress\/wp-content\/uploads\/2018\/10\/Schatzzeiger.jpg","type":"image\/jpeg"}],"twitter_card":"summary_large_image","twitter_misc":{"Gesch\u00e4tzte Lesezeit":"2\u00a0Minuten"},"schema":{"@context":"https:\/\/schema.org","@graph":[{"@type":"WebPage","@id":"https:\/\/laballade.de\/wordpress\/bibliothek\/geschriebenes\/leseprobe-schatzzeiger\/","url":"https:\/\/laballade.de\/wordpress\/bibliothek\/geschriebenes\/leseprobe-schatzzeiger\/","name":"Leseprobe - Schatzzeiger - La Ballade","isPartOf":{"@id":"https:\/\/laballade.de\/wordpress\/#website"},"primaryImageOfPage":{"@id":"https:\/\/laballade.de\/wordpress\/bibliothek\/geschriebenes\/leseprobe-schatzzeiger\/#primaryimage"},"image":{"@id":"https:\/\/laballade.de\/wordpress\/bibliothek\/geschriebenes\/leseprobe-schatzzeiger\/#primaryimage"},"thumbnailUrl":"https:\/\/laballade.de\/wordpress\/wp-content\/uploads\/2018\/10\/Schatzzeiger-199x300.jpg","datePublished":"2021-06-19T12:16:32+00:00","dateModified":"2026-01-17T17:44:19+00:00","breadcrumb":{"@id":"https:\/\/laballade.de\/wordpress\/bibliothek\/geschriebenes\/leseprobe-schatzzeiger\/#breadcrumb"},"inLanguage":"de","potentialAction":[{"@type":"ReadAction","target":["https:\/\/laballade.de\/wordpress\/bibliothek\/geschriebenes\/leseprobe-schatzzeiger\/"]}]},{"@type":"ImageObject","inLanguage":"de","@id":"https:\/\/laballade.de\/wordpress\/bibliothek\/geschriebenes\/leseprobe-schatzzeiger\/#primaryimage","url":"https:\/\/laballade.de\/wordpress\/wp-content\/uploads\/2018\/10\/Schatzzeiger.jpg","contentUrl":"https:\/\/laballade.de\/wordpress\/wp-content\/uploads\/2018\/10\/Schatzzeiger.jpg","width":1405,"height":2117,"caption":"Ungem\u00fctliche Umgebung f\u00fcr einen Frosch."},{"@type":"BreadcrumbList","@id":"https:\/\/laballade.de\/wordpress\/bibliothek\/geschriebenes\/leseprobe-schatzzeiger\/#breadcrumb","itemListElement":[{"@type":"ListItem","position":1,"name":"Startseite","item":"https:\/\/laballade.de\/wordpress\/"},{"@type":"ListItem","position":2,"name":"Bibliothek","item":"https:\/\/laballade.de\/wordpress\/bibliothek\/"},{"@type":"ListItem","position":3,"name":"Geschriebenes","item":"https:\/\/laballade.de\/wordpress\/bibliothek\/geschriebenes\/"},{"@type":"ListItem","position":4,"name":"Leseprobe &#8211; Schatzzeiger"}]},{"@type":"WebSite","@id":"https:\/\/laballade.de\/wordpress\/#website","url":"https:\/\/laballade.de\/wordpress\/","name":"La Ballade","description":"Geschichten und Musik","publisher":{"@id":"https:\/\/laballade.de\/wordpress\/#\/schema\/person\/6fadccd64c10acbfe6c9d563789d29a1"},"potentialAction":[{"@type":"SearchAction","target":{"@type":"EntryPoint","urlTemplate":"https:\/\/laballade.de\/wordpress\/?s={search_term_string}"},"query-input":{"@type":"PropertyValueSpecification","valueRequired":true,"valueName":"search_term_string"}}],"inLanguage":"de"},{"@type":["Person","Organization"],"@id":"https:\/\/laballade.de\/wordpress\/#\/schema\/person\/6fadccd64c10acbfe6c9d563789d29a1","name":"Susanne","logo":{"@id":"https:\/\/laballade.de\/wordpress\/#\/schema\/person\/image\/"},"sameAs":["https:\/\/www.laballade.de"]}]}},"_links":{"self":[{"href":"https:\/\/laballade.de\/wordpress\/wp-json\/wp\/v2\/pages\/4468","targetHints":{"allow":["GET"]}}],"collection":[{"href":"https:\/\/laballade.de\/wordpress\/wp-json\/wp\/v2\/pages"}],"about":[{"href":"https:\/\/laballade.de\/wordpress\/wp-json\/wp\/v2\/types\/page"}],"author":[{"embeddable":true,"href":"https:\/\/laballade.de\/wordpress\/wp-json\/wp\/v2\/users\/1"}],"replies":[{"embeddable":true,"href":"https:\/\/laballade.de\/wordpress\/wp-json\/wp\/v2\/comments?post=4468"}],"version-history":[{"count":7,"href":"https:\/\/laballade.de\/wordpress\/wp-json\/wp\/v2\/pages\/4468\/revisions"}],"predecessor-version":[{"id":6441,"href":"https:\/\/laballade.de\/wordpress\/wp-json\/wp\/v2\/pages\/4468\/revisions\/6441"}],"up":[{"embeddable":true,"href":"https:\/\/laballade.de\/wordpress\/wp-json\/wp\/v2\/pages\/173"}],"wp:attachment":[{"href":"https:\/\/laballade.de\/wordpress\/wp-json\/wp\/v2\/media?parent=4468"}],"curies":[{"name":"wp","href":"https:\/\/api.w.org\/{rel}","templated":true}]}}