{"id":4438,"date":"2021-06-19T13:59:12","date_gmt":"2021-06-19T11:59:12","guid":{"rendered":"https:\/\/laballade.de\/wordpress\/?page_id=4438"},"modified":"2022-08-28T17:58:37","modified_gmt":"2022-08-28T15:58:37","slug":"leseprobe-opas-gluecksfisch","status":"publish","type":"page","link":"https:\/\/laballade.de\/wordpress\/bibliothek\/geschriebenes\/leseprobe-opas-gluecksfisch\/","title":{"rendered":"Leseprobe &#8211; Opas Gl\u00fccksfisch"},"content":{"rendered":"<div id=\"attachment_3002\" style=\"width: 202px\" class=\"wp-caption alignleft\"><img loading=\"lazy\" decoding=\"async\" aria-describedby=\"caption-attachment-3002\" class=\"wp-image-3002 size-medium\" src=\"https:\/\/laballade.de\/wordpress\/wp-content\/uploads\/2020\/06\/Titelbild-Meerjungfrauen-final-small-192x300.jpg\" alt=\"Neuerscheinung: Meerjungfrauen\" width=\"192\" height=\"300\" \/><p id=\"caption-attachment-3002\" class=\"wp-caption-text\">in <em>Meerjungfrauen &#8211; Das geheime Leben der Fabelwesen 1<\/em>, Hrsg. K. Gerlach<\/p><\/div>\n<p class=\"western\" lang=\"de-DE\">Ich will niemanden mit der Lebensgeschichte von Opa Kurt langweilen. Es reicht zu wissen, dass er fast hundert Jahre alt geworden ist und inmitten v\u00f6llig trockener Umgebung Mitglied der Marinekameradschaft war. Letzten Endes ist er dann doch gestorben, und meine Tante, die ein paar J\u00e4hrchen j\u00fcnger ist als ich, hat geerbt. Ich hatte lange Zeit kaum noch mit ihm zu tun gehabt. Bei der Beerdigung war ich trotzdem aufgekreuzt, hatte ein paar kleine Scheine f\u00fcr Grabschmuck und eine nichtssagende Karte in den daf\u00fcr vorgesehenen Kasten gesteckt und die Sache vergessen.<\/p>\n<p class=\"western\" lang=\"de-DE\">Ein paar Tage sp\u00e4ter kam dann ein Anruf von der besagten Tante. Sie redete gar nicht lang um den Brei herum: \u201eWillst du Opas Gl\u00fccksfisch haben?\u201c<\/p>\n<p class=\"western\" lang=\"de-DE\">\u201e\u00c4h \u2026\u201c Ganz dunkel kam mir die Erinnerung. Als kleiner Knirps hatte ich Opa noch regelm\u00e4\u00dfig besucht, und da stand immer ein riesiges Aquarium im Keller. Darin lag auf der einen Seite ein r\u00f6tlicher Gesteinsbrocken, der oben aus dem Wasser ragte, und neben dem Stein hing tr\u00e4ge ein dicker Fisch. Auch wenn er nur das Maul auf und zu klappte und ab und zu eine Flosse bewegte, fand ich, sah er aus, als ob er irgendwann an Land krauchen und der erste Dinosaurier werden wolle. Vielleicht habe ich das auch mal zu Opa gesagt, denn er machte mir angehendem Erstkl\u00e4ssler weis, dass der Fisch hin und wieder auf diesen Stein krabbelte und sang. Bei Vollmond nat\u00fcrlich.<\/p>\n<p class=\"western\" lang=\"de-DE\">Tante Tine riss mich aus meinen Erinnerungen. \u201eWir haben keinen Platz f\u00fcr das Aquarium.\u201c<\/p>\n<p class=\"western\" lang=\"de-DE\">\u201eAber ich, oder was?\u201c Dabei hatte ich mir schon ein paarmal \u00fcberlegt, wo ich so etwas unterbringen k\u00f6nnte. Halt eher f\u00fcr einen Leguan, aber der braucht auch recht viel Platz.<\/p>\n<p class=\"western\" lang=\"de-DE\">\u201eKeine Ahnung, ich frag ja nur. Oder wei\u00dft du was, wo du das Vieh verkloppen kannst?\u201c<\/p>\n<p class=\"western\" lang=\"de-DE\">So aus dem Stand nat\u00fcrlich nicht.<\/p>\n<p class=\"western\" lang=\"de-DE\">\u201eEgal, bring ihn her. Da f\u00e4llt mir schon was ein.\u201c Ich k\u00f6nnte wenigstens den n\u00e4chsten Vollmond abwarten.<\/p>\n<p class=\"western\" lang=\"de-DE\">\u201eIch dachte, du holst ihn ab. Mit dem Aquarium.\u201c<\/p>\n<p class=\"western\" lang=\"de-DE\">Auf dem Rad? \u201eWenn ich einen Truck auftreiben kann \u2026\u201c<\/p>\n<p class=\"western\" lang=\"de-DE\">\u201eAch so.\u201c Jetzt fing Tante Tine offenbar doch an nachzudenken. \u201eIch frag mal Ralf, der hat so Fahrzeuge.\u201c<\/p>\n<p class=\"western\" lang=\"de-DE\">Ich hatte zwar keine Ahnung, wer Ralf sein sollte, aber egal.<\/p>\n<p class=\"western\" lang=\"de-DE\">\u201eMach das\u201c, sagte ich, \u201eund dann telefonieren wir noch mal.\u201c<\/p>\n<p class=\"western\" lang=\"de-DE\">Wir telefonierten noch mal, und kurze Zeit sp\u00e4ter fuhr Ralf im verbeulten wei\u00dfen Lieferwagen vor. Darin stand das Aquarium mit allem Zubeh\u00f6r. Den Gl\u00fccksfisch hatte er in ein Gewurstel aus Eimern und M\u00fcllt\u00fcten gepackt. Hm, ja, offenbar konnte das Wesen es doch eine Zeitlang an der Luft aushalten. Gemeinsam schleppten wir das Aquarium in mein \u00fcberfl\u00fcssiges Zimmer und setzten es so schnell wie m\u00f6glich wieder in Gang. Dann wuchteten wir den Fisch hinein.<\/p>\n<p class=\"western\" lang=\"de-DE\">Der sah genau so merkw\u00fcrdig aus, wie ich ihn in Erinnerung hatte. Ein gr\u00fcn schillernder Schwanz und ein etwas unf\u00f6rmiger Vorderk\u00f6rper mit einer Andeutung von Hals. Oder kam mir das nur so vor?<\/p>\n<p lang=\"de-DE\">* * *<\/p>\n<p lang=\"de-DE\"><a href=\"https:\/\/schlapp.buchhandlung.de\/shop\/article\/43288394\/katharina_gerlach_janika_rehak_lisa_veron_christina_gmeiner_wolfgang_malischewski_meerjungfrauen.html\">E-Book via H. L. Schlapp<\/a><\/p>\n","protected":false},"excerpt":{"rendered":"<p>Ich will niemanden mit der Lebensgeschichte von Opa Kurt langweilen. Es reicht zu wissen, dass er fast hundert Jahre alt geworden ist und inmitten v\u00f6llig trockener Umgebung Mitglied der Marinekameradschaft war. Letzten Endes ist er dann doch gestorben, und meine Tante, die ein paar J\u00e4hrchen j\u00fcnger ist als ich, hat geerbt. Ich hatte lange Zeit [&hellip;]<\/p>\n","protected":false},"author":1,"featured_media":0,"parent":173,"menu_order":0,"comment_status":"closed","ping_status":"closed","template":"","meta":{"footnotes":""},"class_list":["post-4438","page","type-page","status-publish","hentry"],"yoast_head":"<!-- This site is optimized with the Yoast SEO plugin v27.4 - https:\/\/yoast.com\/product\/yoast-seo-wordpress\/ -->\n<title>Leseprobe - Opas Gl\u00fccksfisch - La Ballade<\/title>\n<meta name=\"robots\" content=\"index, follow, max-snippet:-1, max-image-preview:large, max-video-preview:-1\" \/>\n<link rel=\"canonical\" href=\"https:\/\/laballade.de\/wordpress\/bibliothek\/geschriebenes\/leseprobe-opas-gluecksfisch\/\" \/>\n<meta property=\"og:locale\" content=\"de_DE\" \/>\n<meta property=\"og:type\" content=\"article\" \/>\n<meta property=\"og:title\" content=\"Leseprobe - Opas Gl\u00fccksfisch - La Ballade\" \/>\n<meta property=\"og:description\" content=\"Ich will niemanden mit der Lebensgeschichte von Opa Kurt langweilen. Es reicht zu wissen, dass er fast hundert Jahre alt geworden ist und inmitten v\u00f6llig trockener Umgebung Mitglied der Marinekameradschaft war. Letzten Endes ist er dann doch gestorben, und meine Tante, die ein paar J\u00e4hrchen j\u00fcnger ist als ich, hat geerbt. Ich hatte lange Zeit [&hellip;]\" \/>\n<meta property=\"og:url\" content=\"https:\/\/laballade.de\/wordpress\/bibliothek\/geschriebenes\/leseprobe-opas-gluecksfisch\/\" \/>\n<meta property=\"og:site_name\" content=\"La Ballade\" \/>\n<meta property=\"article:modified_time\" content=\"2022-08-28T15:58:37+00:00\" \/>\n<meta property=\"og:image\" content=\"https:\/\/laballade.de\/wordpress\/wp-content\/uploads\/2020\/06\/Titelbild-Meerjungfrauen-final-small-192x300.jpg\" \/>\n<meta name=\"twitter:card\" content=\"summary_large_image\" \/>\n<meta name=\"twitter:label1\" content=\"Gesch\u00e4tzte Lesezeit\" \/>\n\t<meta name=\"twitter:data1\" content=\"3\u00a0Minuten\" \/>\n<script type=\"application\/ld+json\" class=\"yoast-schema-graph\">{\"@context\":\"https:\\\/\\\/schema.org\",\"@graph\":[{\"@type\":\"WebPage\",\"@id\":\"https:\\\/\\\/laballade.de\\\/wordpress\\\/bibliothek\\\/geschriebenes\\\/leseprobe-opas-gluecksfisch\\\/\",\"url\":\"https:\\\/\\\/laballade.de\\\/wordpress\\\/bibliothek\\\/geschriebenes\\\/leseprobe-opas-gluecksfisch\\\/\",\"name\":\"Leseprobe - Opas Gl\u00fccksfisch - La Ballade\",\"isPartOf\":{\"@id\":\"https:\\\/\\\/laballade.de\\\/wordpress\\\/#website\"},\"primaryImageOfPage\":{\"@id\":\"https:\\\/\\\/laballade.de\\\/wordpress\\\/bibliothek\\\/geschriebenes\\\/leseprobe-opas-gluecksfisch\\\/#primaryimage\"},\"image\":{\"@id\":\"https:\\\/\\\/laballade.de\\\/wordpress\\\/bibliothek\\\/geschriebenes\\\/leseprobe-opas-gluecksfisch\\\/#primaryimage\"},\"thumbnailUrl\":\"https:\\\/\\\/laballade.de\\\/wordpress\\\/wp-content\\\/uploads\\\/2020\\\/06\\\/Titelbild-Meerjungfrauen-final-small-192x300.jpg\",\"datePublished\":\"2021-06-19T11:59:12+00:00\",\"dateModified\":\"2022-08-28T15:58:37+00:00\",\"breadcrumb\":{\"@id\":\"https:\\\/\\\/laballade.de\\\/wordpress\\\/bibliothek\\\/geschriebenes\\\/leseprobe-opas-gluecksfisch\\\/#breadcrumb\"},\"inLanguage\":\"de\",\"potentialAction\":[{\"@type\":\"ReadAction\",\"target\":[\"https:\\\/\\\/laballade.de\\\/wordpress\\\/bibliothek\\\/geschriebenes\\\/leseprobe-opas-gluecksfisch\\\/\"]}]},{\"@type\":\"ImageObject\",\"inLanguage\":\"de\",\"@id\":\"https:\\\/\\\/laballade.de\\\/wordpress\\\/bibliothek\\\/geschriebenes\\\/leseprobe-opas-gluecksfisch\\\/#primaryimage\",\"url\":\"\",\"contentUrl\":\"\"},{\"@type\":\"BreadcrumbList\",\"@id\":\"https:\\\/\\\/laballade.de\\\/wordpress\\\/bibliothek\\\/geschriebenes\\\/leseprobe-opas-gluecksfisch\\\/#breadcrumb\",\"itemListElement\":[{\"@type\":\"ListItem\",\"position\":1,\"name\":\"Startseite\",\"item\":\"https:\\\/\\\/laballade.de\\\/wordpress\\\/\"},{\"@type\":\"ListItem\",\"position\":2,\"name\":\"Bibliothek\",\"item\":\"https:\\\/\\\/laballade.de\\\/wordpress\\\/bibliothek\\\/\"},{\"@type\":\"ListItem\",\"position\":3,\"name\":\"Geschriebenes\",\"item\":\"https:\\\/\\\/laballade.de\\\/wordpress\\\/bibliothek\\\/geschriebenes\\\/\"},{\"@type\":\"ListItem\",\"position\":4,\"name\":\"Leseprobe &#8211; Opas Gl\u00fccksfisch\"}]},{\"@type\":\"WebSite\",\"@id\":\"https:\\\/\\\/laballade.de\\\/wordpress\\\/#website\",\"url\":\"https:\\\/\\\/laballade.de\\\/wordpress\\\/\",\"name\":\"La Ballade\",\"description\":\"Geschichten und Musik\",\"publisher\":{\"@id\":\"https:\\\/\\\/laballade.de\\\/wordpress\\\/#\\\/schema\\\/person\\\/6fadccd64c10acbfe6c9d563789d29a1\"},\"potentialAction\":[{\"@type\":\"SearchAction\",\"target\":{\"@type\":\"EntryPoint\",\"urlTemplate\":\"https:\\\/\\\/laballade.de\\\/wordpress\\\/?s={search_term_string}\"},\"query-input\":{\"@type\":\"PropertyValueSpecification\",\"valueRequired\":true,\"valueName\":\"search_term_string\"}}],\"inLanguage\":\"de\"},{\"@type\":[\"Person\",\"Organization\"],\"@id\":\"https:\\\/\\\/laballade.de\\\/wordpress\\\/#\\\/schema\\\/person\\\/6fadccd64c10acbfe6c9d563789d29a1\",\"name\":\"Susanne\",\"logo\":{\"@id\":\"https:\\\/\\\/laballade.de\\\/wordpress\\\/#\\\/schema\\\/person\\\/image\\\/\"},\"sameAs\":[\"https:\\\/\\\/www.laballade.de\"]}]}<\/script>\n<!-- \/ Yoast SEO plugin. -->","yoast_head_json":{"title":"Leseprobe - Opas Gl\u00fccksfisch - La Ballade","robots":{"index":"index","follow":"follow","max-snippet":"max-snippet:-1","max-image-preview":"max-image-preview:large","max-video-preview":"max-video-preview:-1"},"canonical":"https:\/\/laballade.de\/wordpress\/bibliothek\/geschriebenes\/leseprobe-opas-gluecksfisch\/","og_locale":"de_DE","og_type":"article","og_title":"Leseprobe - Opas Gl\u00fccksfisch - La Ballade","og_description":"Ich will niemanden mit der Lebensgeschichte von Opa Kurt langweilen. Es reicht zu wissen, dass er fast hundert Jahre alt geworden ist und inmitten v\u00f6llig trockener Umgebung Mitglied der Marinekameradschaft war. Letzten Endes ist er dann doch gestorben, und meine Tante, die ein paar J\u00e4hrchen j\u00fcnger ist als ich, hat geerbt. Ich hatte lange Zeit [&hellip;]","og_url":"https:\/\/laballade.de\/wordpress\/bibliothek\/geschriebenes\/leseprobe-opas-gluecksfisch\/","og_site_name":"La Ballade","article_modified_time":"2022-08-28T15:58:37+00:00","og_image":[{"url":"https:\/\/laballade.de\/wordpress\/wp-content\/uploads\/2020\/06\/Titelbild-Meerjungfrauen-final-small-192x300.jpg","type":"","width":"","height":""}],"twitter_card":"summary_large_image","twitter_misc":{"Gesch\u00e4tzte Lesezeit":"3\u00a0Minuten"},"schema":{"@context":"https:\/\/schema.org","@graph":[{"@type":"WebPage","@id":"https:\/\/laballade.de\/wordpress\/bibliothek\/geschriebenes\/leseprobe-opas-gluecksfisch\/","url":"https:\/\/laballade.de\/wordpress\/bibliothek\/geschriebenes\/leseprobe-opas-gluecksfisch\/","name":"Leseprobe - Opas Gl\u00fccksfisch - La Ballade","isPartOf":{"@id":"https:\/\/laballade.de\/wordpress\/#website"},"primaryImageOfPage":{"@id":"https:\/\/laballade.de\/wordpress\/bibliothek\/geschriebenes\/leseprobe-opas-gluecksfisch\/#primaryimage"},"image":{"@id":"https:\/\/laballade.de\/wordpress\/bibliothek\/geschriebenes\/leseprobe-opas-gluecksfisch\/#primaryimage"},"thumbnailUrl":"https:\/\/laballade.de\/wordpress\/wp-content\/uploads\/2020\/06\/Titelbild-Meerjungfrauen-final-small-192x300.jpg","datePublished":"2021-06-19T11:59:12+00:00","dateModified":"2022-08-28T15:58:37+00:00","breadcrumb":{"@id":"https:\/\/laballade.de\/wordpress\/bibliothek\/geschriebenes\/leseprobe-opas-gluecksfisch\/#breadcrumb"},"inLanguage":"de","potentialAction":[{"@type":"ReadAction","target":["https:\/\/laballade.de\/wordpress\/bibliothek\/geschriebenes\/leseprobe-opas-gluecksfisch\/"]}]},{"@type":"ImageObject","inLanguage":"de","@id":"https:\/\/laballade.de\/wordpress\/bibliothek\/geschriebenes\/leseprobe-opas-gluecksfisch\/#primaryimage","url":"","contentUrl":""},{"@type":"BreadcrumbList","@id":"https:\/\/laballade.de\/wordpress\/bibliothek\/geschriebenes\/leseprobe-opas-gluecksfisch\/#breadcrumb","itemListElement":[{"@type":"ListItem","position":1,"name":"Startseite","item":"https:\/\/laballade.de\/wordpress\/"},{"@type":"ListItem","position":2,"name":"Bibliothek","item":"https:\/\/laballade.de\/wordpress\/bibliothek\/"},{"@type":"ListItem","position":3,"name":"Geschriebenes","item":"https:\/\/laballade.de\/wordpress\/bibliothek\/geschriebenes\/"},{"@type":"ListItem","position":4,"name":"Leseprobe &#8211; Opas Gl\u00fccksfisch"}]},{"@type":"WebSite","@id":"https:\/\/laballade.de\/wordpress\/#website","url":"https:\/\/laballade.de\/wordpress\/","name":"La Ballade","description":"Geschichten und Musik","publisher":{"@id":"https:\/\/laballade.de\/wordpress\/#\/schema\/person\/6fadccd64c10acbfe6c9d563789d29a1"},"potentialAction":[{"@type":"SearchAction","target":{"@type":"EntryPoint","urlTemplate":"https:\/\/laballade.de\/wordpress\/?s={search_term_string}"},"query-input":{"@type":"PropertyValueSpecification","valueRequired":true,"valueName":"search_term_string"}}],"inLanguage":"de"},{"@type":["Person","Organization"],"@id":"https:\/\/laballade.de\/wordpress\/#\/schema\/person\/6fadccd64c10acbfe6c9d563789d29a1","name":"Susanne","logo":{"@id":"https:\/\/laballade.de\/wordpress\/#\/schema\/person\/image\/"},"sameAs":["https:\/\/www.laballade.de"]}]}},"_links":{"self":[{"href":"https:\/\/laballade.de\/wordpress\/wp-json\/wp\/v2\/pages\/4438","targetHints":{"allow":["GET"]}}],"collection":[{"href":"https:\/\/laballade.de\/wordpress\/wp-json\/wp\/v2\/pages"}],"about":[{"href":"https:\/\/laballade.de\/wordpress\/wp-json\/wp\/v2\/types\/page"}],"author":[{"embeddable":true,"href":"https:\/\/laballade.de\/wordpress\/wp-json\/wp\/v2\/users\/1"}],"replies":[{"embeddable":true,"href":"https:\/\/laballade.de\/wordpress\/wp-json\/wp\/v2\/comments?post=4438"}],"version-history":[{"count":5,"href":"https:\/\/laballade.de\/wordpress\/wp-json\/wp\/v2\/pages\/4438\/revisions"}],"predecessor-version":[{"id":4614,"href":"https:\/\/laballade.de\/wordpress\/wp-json\/wp\/v2\/pages\/4438\/revisions\/4614"}],"up":[{"embeddable":true,"href":"https:\/\/laballade.de\/wordpress\/wp-json\/wp\/v2\/pages\/173"}],"wp:attachment":[{"href":"https:\/\/laballade.de\/wordpress\/wp-json\/wp\/v2\/media?parent=4438"}],"curies":[{"name":"wp","href":"https:\/\/api.w.org\/{rel}","templated":true}]}}