{"id":4416,"date":"2021-06-18T16:33:33","date_gmt":"2021-06-18T14:33:33","guid":{"rendered":"https:\/\/laballade.de\/wordpress\/?page_id=4416"},"modified":"2026-01-17T18:52:34","modified_gmt":"2026-01-17T17:52:34","slug":"leseprobe-silberschimmer","status":"publish","type":"page","link":"https:\/\/laballade.de\/wordpress\/bibliothek\/geschriebenes\/leseprobe-silberschimmer\/","title":{"rendered":"Leseprobe &#8211; Silberschimmer"},"content":{"rendered":"<p align=\"left\"><span style=\"font-family: Garamond, serif;\"><span style=\"font-size: medium;\"><span style=\"font-family: Garamond, serif;\"><span style=\"font-size: medium;\"><span style=\"font-family: Garamond, serif;\"><span style=\"font-size: medium;\"><span style=\"font-family: Garamond, serif;\"><span style=\"font-size: medium;\"><img loading=\"lazy\" decoding=\"async\" class=\"alignleft size-medium wp-image-6315\" src=\"https:\/\/laballade.de\/wordpress\/wp-content\/uploads\/2025\/09\/Silberschimmer-200x300.jpg\" alt=\"Buchcover Fantasy-Roman Silberschimmer\" width=\"200\" height=\"300\" srcset=\"https:\/\/laballade.de\/wordpress\/wp-content\/uploads\/2025\/09\/Silberschimmer-200x300.jpg 200w, https:\/\/laballade.de\/wordpress\/wp-content\/uploads\/2025\/09\/Silberschimmer-682x1024.jpg 682w, https:\/\/laballade.de\/wordpress\/wp-content\/uploads\/2025\/09\/Silberschimmer-768x1153.jpg 768w, https:\/\/laballade.de\/wordpress\/wp-content\/uploads\/2025\/09\/Silberschimmer-1023x1536.jpg 1023w, https:\/\/laballade.de\/wordpress\/wp-content\/uploads\/2025\/09\/Silberschimmer-900x1351.jpg 900w, https:\/\/laballade.de\/wordpress\/wp-content\/uploads\/2025\/09\/Silberschimmer.jpg 1199w\" sizes=\"auto, (max-width: 200px) 100vw, 200px\" \/><\/span><\/span><\/span><\/span><\/span><br \/>\n<\/span><\/span><\/span><span style=\"font-family: Garamond, serif;\"><span style=\"font-size: medium;\">Eine Menschentraube marschierte durch den geometrisch angelegten Park mit pr\u00e4chtigen Wasserspielen auf das Rokoko-Schl\u00f6sschen zu. Sie waren bunt und abenteuerlich ausstaffiert mit Dreispitzen und Kopft\u00fcchern, R\u00fcschenhemden und gestreiften Hosen oder R\u00f6cken. Einige trugen S\u00e4bel und plumpe Pistolen im G\u00fcrtel. Eine Frau mit wilden braunen Locken hatte einen Pl\u00fcschpapagei auf der Schulter sitzen. Neben ihr ging eine deutlich schlankere Frau in grauer Sch\u00f6\u00dfchenjacke und wei\u00dfer Haube, unter der sich eine dunkelblonde Str\u00e4hne hervorringelte.<\/span><\/span><\/p>\n<p align=\"left\">\u201e<span style=\"font-family: Garamond, serif;\"><span style=\"font-size: medium;\">Du kannst dich ja \u00fcber verungl\u00fcckte Gewandung am\u00fcsieren, Anja, wenn du keine Lust auf Piraten-Tumult hast\u201c, schlug die Frau mit dem Papagei vor.<\/span><\/span><\/p>\n<p align=\"left\"><span style=\"font-family: Garamond, serif;\"><span style=\"font-size: medium;\">Anja lachte. \u201eOch, die drei b\u00f6sen K\u00f6niginnen, die wir auf dem Parkplatz getroffen haben, waren doch sehr elegant angezogen.\u201c<\/span><\/span><\/p>\n<p align=\"left\"><span style=\"font-family: Garamond, serif;\"><span style=\"font-size: medium;\">Die Traube versammelte sich vor einer Bretterwand, an der das Programm angeschlagen war, und alle reckten die H\u00e4lse.<\/span><\/span><\/p>\n<p align=\"left\">\u201e<span style=\"font-family: Garamond, serif;\"><span style=\"font-size: medium;\">Ich geh zum Tanzworkshop\u201c, erkl\u00e4rte Anja, \u201edas ist mehr so meine Richtung.\u201c<\/span><\/span><\/p>\n<p align=\"left\">\u201e<span style=\"font-family: Garamond, serif;\"><span style=\"font-size: medium;\">Jo, pass blo\u00df auf, wenn du dir nen Prinzen angelst, nicht dass das in Wirklichkeit ein Frosch ist.\u201c<\/span><\/span><\/p>\n<p align=\"left\">\u201e<span style=\"font-family: Garamond, serif;\"><span style=\"font-size: medium;\">Keine Angst, Sibylle. Eher bring ich den Gestiefelten Kater mit nach Hause.\u201c<\/span><\/span><\/p>\n<p align=\"left\">\u201e<span style=\"font-family: Garamond, serif;\"><span style=\"font-size: medium;\">Da haben wir auf jeden Fall mehr von. Bis sp\u00e4ter!\u201c Sibylle winkte und lief ihren Piratenfreunden hinterher, um den Startpunkt der Schatzsuche ausfindig zu machen.<\/span><\/span><\/p>\n<p align=\"left\"><span style=\"font-family: Garamond, serif;\"><span style=\"font-size: medium;\">Der Tanzsaal war mit reichlich Gold und Spiegeln ausgestattet, was dazwischen an Wand zu sehen war, mit gr\u00fcner Seide mit Vogelmotiven bespannt. Ein seltsamer Kontrast zu den Stahlrohrst\u00fchlen davor. Anjas Lehrer im Mappenkurs h\u00e4tte wohl seine Freude daran.<\/span><\/span><\/p>\n<p align=\"left\"><span style=\"font-family: Garamond, serif;\"><span style=\"font-size: medium;\">Ehe sie dazu kam, ein Bild von diesem Arrangement zu schie\u00dfen, betrat durch eine versteckte T\u00fcr neben dem Portr\u00e4t des Bauherrn ein junger Mann den Raum. Er trug den farbenfrohen Seidenanzug eines H\u00f6flings und eine t\u00e4uschend echt wirkende wei\u00dfe Per\u00fccke mit Haarbeutel.<\/span><\/span><\/p>\n<p align=\"left\"><span style=\"font-family: Garamond, serif;\"><span style=\"font-size: medium;\">Anja knickste unwillk\u00fcrlich vor der stolzen Erscheinung.<\/span><\/span><\/p>\n<p align=\"left\">\u201e<span style=\"font-family: Garamond, serif;\"><span style=\"font-size: medium;\">Inkommodiert Euch nicht, Mademoiselle, ich bin hier nur der Tanzlehrer.\u201c Auch wenn er ausgestorbene W\u00f6rter kannte, sprach er mit einem deutlichen Akzent, nicht unbedingt franz\u00f6sisch.<\/span><\/span><\/p>\n<p align=\"left\">\u201e<span style=\"font-family: Garamond, serif;\"><span style=\"font-size: medium;\">\u00c4h &#8230; und ich bin das dreizehnte Hilfsk\u00fcchenm\u00e4dchen.\u201c Etwas Geistreicheres fiel ihr nicht ein. Zu sehr war sie damit besch\u00e4ftigt, den Tanzlehrer zu betrachten. Sein fein gezeichnetes Gesicht mit den hellen, aufgeweckten Augen, seine schmalen H\u00e4nde, die l\u00e4ssig eine winzige Geige hielten.<\/span><\/span><\/p>\n<p align=\"left\">\u201e<span style=\"font-family: Garamond, serif;\"><span style=\"font-size: medium;\">Ich hei\u00dfe Lauri\u201c, sagte er und sah sich suchend im Raum um. \u201eIch hoffe, wir werden noch mehr.\u201c<\/span><\/span><\/p>\n<p align=\"left\">\u201e<span style=\"font-family: Garamond, serif;\"><span style=\"font-size: medium;\">Anja\u201c, murmelte sie. \u201eJa, das hoffe ich auch.\u201c<\/span><\/span><\/p>\n<p align=\"left\"><span style=\"font-family: Garamond, serif;\"><span style=\"font-size: medium;\">Sie standen einige Augenblicke unbehaglich herum, bis von drau\u00dfen Stimmen zu h\u00f6ren waren.<\/span><\/span><\/p>\n<p align=\"left\">\u201e<span style=\"font-family: Garamond, serif;\"><span style=\"font-size: medium;\">Spiegelsaal. Hier muss es sein.\u201c<\/span><\/span><\/p>\n<p align=\"left\"><span style=\"font-family: Garamond, serif;\"><span style=\"font-size: medium;\">Paul. Konnte der nicht bei anderen Gelegenheiten tanzen gehen? So ein Tagesworkshop auf einem M\u00e4rchenfest mit gro\u00dfer Schatzsuche war doch unter seinem Niveau.<\/span><\/span><\/p>\n<p align=\"left\"><span style=\"font-family: Garamond, serif;\"><span style=\"font-size: medium;\">Lauri \u00f6ffnete schwungvoll die T\u00fcr. \u201eHereinspaziert, die Herrschaften. Man erwartet Euch bereits.\u201c<\/span><\/span><\/p>\n<p align=\"left\"><span style=\"font-family: Garamond, serif;\"><span style=\"font-size: medium;\">Paul hatte sich von der \u00fcberh\u00f6hten Per\u00fccke bis zu den roten Abs\u00e4tzen perfekt f\u00fcr ein Jahrhundert vor der Bauzeit des Schlosses ausstaffiert. Die Weste spannte inzwischen deutlicher \u00fcber dem Bauch als vor zwei Jahren, als Anja sie gen\u00e4ht hatte. Die dazugeh\u00f6rige Dame im Jos\u00e9phine-Outfit wartete gerade lang genug an der T\u00fcr, dass sie ihren eigenen Auftritt bekam.<\/span><\/span><\/p>\n<p align=\"left\"><span style=\"font-family: Garamond, serif;\"><span style=\"font-size: medium;\">Anja knickste wieder und hoffte noch dringender als vorher auf weitere Teilnehmer.<\/span><\/span><\/p>\n<p style=\"text-align: center;\" align=\"left\">* * *<\/p>\n<p align=\"left\">E-Book bei <a href=\"https:\/\/www.bod.de\/buchshop\/silberschimmer-susanne-bonn-9783748137795\">BOD<\/a> * <a href=\"https:\/\/www.buch7.de\/produkt\/silberschimmer-susanne-bonn\/1035655756?ean=9783748137795\">Buch7<\/a> *\u00a0<a href=\"https:\/\/www.fairbuch.de\/shop\/article\/38731709\/susanne_bonn_silberschimmer.html\">Fairbuch<\/a> * <a href=\"https:\/\/www.hugendubel.de\/de\/ebook_epub\/susanne_bonn-silberschimmer-35061528-produkt-details.html\">Hugendubel<\/a> * <a href=\"https:\/\/www.orellfuessli.ch\/shop\/home\/artikeldetails\/A1053119410\">Orell F\u00fcssli<\/a> * <a href=\"https:\/\/www.osiander.de\/shop\/home\/artikeldetails\/A1053119410\">Osiander<\/a> * <a href=\"https:\/\/www.skoobe.de\/books\/susanne-bonn\/silberschimmer\">Skoobe<\/a> * <a href=\"https:\/\/www.thalia.de\/shop\/home\/artikeldetails\/A1053119410\">Thalia<\/a><\/p>\n","protected":false},"excerpt":{"rendered":"<p>Eine Menschentraube marschierte durch den geometrisch angelegten Park mit pr\u00e4chtigen Wasserspielen auf das Rokoko-Schl\u00f6sschen zu. Sie waren bunt und abenteuerlich ausstaffiert mit Dreispitzen und Kopft\u00fcchern, R\u00fcschenhemden und gestreiften Hosen oder R\u00f6cken. Einige trugen S\u00e4bel und plumpe Pistolen im G\u00fcrtel. Eine Frau mit wilden braunen Locken hatte einen Pl\u00fcschpapagei auf der Schulter sitzen. Neben ihr ging [&hellip;]<\/p>\n","protected":false},"author":1,"featured_media":0,"parent":173,"menu_order":0,"comment_status":"closed","ping_status":"closed","template":"","meta":{"footnotes":""},"class_list":["post-4416","page","type-page","status-publish","hentry"],"yoast_head":"<!-- This site is optimized with the Yoast SEO plugin v27.4 - https:\/\/yoast.com\/product\/yoast-seo-wordpress\/ -->\n<title>Leseprobe - Silberschimmer - La Ballade<\/title>\n<meta name=\"robots\" content=\"index, follow, max-snippet:-1, max-image-preview:large, max-video-preview:-1\" \/>\n<link rel=\"canonical\" href=\"https:\/\/laballade.de\/wordpress\/bibliothek\/geschriebenes\/leseprobe-silberschimmer\/\" \/>\n<meta property=\"og:locale\" content=\"de_DE\" \/>\n<meta property=\"og:type\" content=\"article\" \/>\n<meta property=\"og:title\" content=\"Leseprobe - Silberschimmer - La Ballade\" \/>\n<meta property=\"og:description\" content=\"Eine Menschentraube marschierte durch den geometrisch angelegten Park mit pr\u00e4chtigen Wasserspielen auf das Rokoko-Schl\u00f6sschen zu. Sie waren bunt und abenteuerlich ausstaffiert mit Dreispitzen und Kopft\u00fcchern, R\u00fcschenhemden und gestreiften Hosen oder R\u00f6cken. Einige trugen S\u00e4bel und plumpe Pistolen im G\u00fcrtel. Eine Frau mit wilden braunen Locken hatte einen Pl\u00fcschpapagei auf der Schulter sitzen. Neben ihr ging [&hellip;]\" \/>\n<meta property=\"og:url\" content=\"https:\/\/laballade.de\/wordpress\/bibliothek\/geschriebenes\/leseprobe-silberschimmer\/\" \/>\n<meta property=\"og:site_name\" content=\"La Ballade\" \/>\n<meta property=\"article:modified_time\" content=\"2026-01-17T17:52:34+00:00\" \/>\n<meta property=\"og:image\" content=\"https:\/\/laballade.de\/wordpress\/wp-content\/uploads\/2025\/09\/Silberschimmer.jpg\" \/>\n\t<meta property=\"og:image:width\" content=\"1199\" \/>\n\t<meta property=\"og:image:height\" content=\"1800\" \/>\n\t<meta property=\"og:image:type\" content=\"image\/jpeg\" \/>\n<meta name=\"twitter:card\" content=\"summary_large_image\" \/>\n<meta name=\"twitter:label1\" content=\"Gesch\u00e4tzte Lesezeit\" \/>\n\t<meta name=\"twitter:data1\" content=\"4\u00a0Minuten\" \/>\n<script type=\"application\/ld+json\" class=\"yoast-schema-graph\">{\"@context\":\"https:\\\/\\\/schema.org\",\"@graph\":[{\"@type\":\"WebPage\",\"@id\":\"https:\\\/\\\/laballade.de\\\/wordpress\\\/bibliothek\\\/geschriebenes\\\/leseprobe-silberschimmer\\\/\",\"url\":\"https:\\\/\\\/laballade.de\\\/wordpress\\\/bibliothek\\\/geschriebenes\\\/leseprobe-silberschimmer\\\/\",\"name\":\"Leseprobe - Silberschimmer - La Ballade\",\"isPartOf\":{\"@id\":\"https:\\\/\\\/laballade.de\\\/wordpress\\\/#website\"},\"primaryImageOfPage\":{\"@id\":\"https:\\\/\\\/laballade.de\\\/wordpress\\\/bibliothek\\\/geschriebenes\\\/leseprobe-silberschimmer\\\/#primaryimage\"},\"image\":{\"@id\":\"https:\\\/\\\/laballade.de\\\/wordpress\\\/bibliothek\\\/geschriebenes\\\/leseprobe-silberschimmer\\\/#primaryimage\"},\"thumbnailUrl\":\"https:\\\/\\\/laballade.de\\\/wordpress\\\/wp-content\\\/uploads\\\/2025\\\/09\\\/Silberschimmer-200x300.jpg\",\"datePublished\":\"2021-06-18T14:33:33+00:00\",\"dateModified\":\"2026-01-17T17:52:34+00:00\",\"breadcrumb\":{\"@id\":\"https:\\\/\\\/laballade.de\\\/wordpress\\\/bibliothek\\\/geschriebenes\\\/leseprobe-silberschimmer\\\/#breadcrumb\"},\"inLanguage\":\"de\",\"potentialAction\":[{\"@type\":\"ReadAction\",\"target\":[\"https:\\\/\\\/laballade.de\\\/wordpress\\\/bibliothek\\\/geschriebenes\\\/leseprobe-silberschimmer\\\/\"]}]},{\"@type\":\"ImageObject\",\"inLanguage\":\"de\",\"@id\":\"https:\\\/\\\/laballade.de\\\/wordpress\\\/bibliothek\\\/geschriebenes\\\/leseprobe-silberschimmer\\\/#primaryimage\",\"url\":\"https:\\\/\\\/laballade.de\\\/wordpress\\\/wp-content\\\/uploads\\\/2025\\\/09\\\/Silberschimmer.jpg\",\"contentUrl\":\"https:\\\/\\\/laballade.de\\\/wordpress\\\/wp-content\\\/uploads\\\/2025\\\/09\\\/Silberschimmer.jpg\",\"width\":1199,\"height\":1800,\"caption\":\"Buchcover Fantasy-Roman Silberschimmer\"},{\"@type\":\"BreadcrumbList\",\"@id\":\"https:\\\/\\\/laballade.de\\\/wordpress\\\/bibliothek\\\/geschriebenes\\\/leseprobe-silberschimmer\\\/#breadcrumb\",\"itemListElement\":[{\"@type\":\"ListItem\",\"position\":1,\"name\":\"Startseite\",\"item\":\"https:\\\/\\\/laballade.de\\\/wordpress\\\/\"},{\"@type\":\"ListItem\",\"position\":2,\"name\":\"Bibliothek\",\"item\":\"https:\\\/\\\/laballade.de\\\/wordpress\\\/bibliothek\\\/\"},{\"@type\":\"ListItem\",\"position\":3,\"name\":\"Geschriebenes\",\"item\":\"https:\\\/\\\/laballade.de\\\/wordpress\\\/bibliothek\\\/geschriebenes\\\/\"},{\"@type\":\"ListItem\",\"position\":4,\"name\":\"Leseprobe &#8211; Silberschimmer\"}]},{\"@type\":\"WebSite\",\"@id\":\"https:\\\/\\\/laballade.de\\\/wordpress\\\/#website\",\"url\":\"https:\\\/\\\/laballade.de\\\/wordpress\\\/\",\"name\":\"La Ballade\",\"description\":\"Geschichten und Musik\",\"publisher\":{\"@id\":\"https:\\\/\\\/laballade.de\\\/wordpress\\\/#\\\/schema\\\/person\\\/6fadccd64c10acbfe6c9d563789d29a1\"},\"potentialAction\":[{\"@type\":\"SearchAction\",\"target\":{\"@type\":\"EntryPoint\",\"urlTemplate\":\"https:\\\/\\\/laballade.de\\\/wordpress\\\/?s={search_term_string}\"},\"query-input\":{\"@type\":\"PropertyValueSpecification\",\"valueRequired\":true,\"valueName\":\"search_term_string\"}}],\"inLanguage\":\"de\"},{\"@type\":[\"Person\",\"Organization\"],\"@id\":\"https:\\\/\\\/laballade.de\\\/wordpress\\\/#\\\/schema\\\/person\\\/6fadccd64c10acbfe6c9d563789d29a1\",\"name\":\"Susanne\",\"logo\":{\"@id\":\"https:\\\/\\\/laballade.de\\\/wordpress\\\/#\\\/schema\\\/person\\\/image\\\/\"},\"sameAs\":[\"https:\\\/\\\/www.laballade.de\"]}]}<\/script>\n<!-- \/ Yoast SEO plugin. -->","yoast_head_json":{"title":"Leseprobe - Silberschimmer - La Ballade","robots":{"index":"index","follow":"follow","max-snippet":"max-snippet:-1","max-image-preview":"max-image-preview:large","max-video-preview":"max-video-preview:-1"},"canonical":"https:\/\/laballade.de\/wordpress\/bibliothek\/geschriebenes\/leseprobe-silberschimmer\/","og_locale":"de_DE","og_type":"article","og_title":"Leseprobe - Silberschimmer - La Ballade","og_description":"Eine Menschentraube marschierte durch den geometrisch angelegten Park mit pr\u00e4chtigen Wasserspielen auf das Rokoko-Schl\u00f6sschen zu. Sie waren bunt und abenteuerlich ausstaffiert mit Dreispitzen und Kopft\u00fcchern, R\u00fcschenhemden und gestreiften Hosen oder R\u00f6cken. Einige trugen S\u00e4bel und plumpe Pistolen im G\u00fcrtel. Eine Frau mit wilden braunen Locken hatte einen Pl\u00fcschpapagei auf der Schulter sitzen. Neben ihr ging [&hellip;]","og_url":"https:\/\/laballade.de\/wordpress\/bibliothek\/geschriebenes\/leseprobe-silberschimmer\/","og_site_name":"La Ballade","article_modified_time":"2026-01-17T17:52:34+00:00","og_image":[{"width":1199,"height":1800,"url":"https:\/\/laballade.de\/wordpress\/wp-content\/uploads\/2025\/09\/Silberschimmer.jpg","type":"image\/jpeg"}],"twitter_card":"summary_large_image","twitter_misc":{"Gesch\u00e4tzte Lesezeit":"4\u00a0Minuten"},"schema":{"@context":"https:\/\/schema.org","@graph":[{"@type":"WebPage","@id":"https:\/\/laballade.de\/wordpress\/bibliothek\/geschriebenes\/leseprobe-silberschimmer\/","url":"https:\/\/laballade.de\/wordpress\/bibliothek\/geschriebenes\/leseprobe-silberschimmer\/","name":"Leseprobe - Silberschimmer - La Ballade","isPartOf":{"@id":"https:\/\/laballade.de\/wordpress\/#website"},"primaryImageOfPage":{"@id":"https:\/\/laballade.de\/wordpress\/bibliothek\/geschriebenes\/leseprobe-silberschimmer\/#primaryimage"},"image":{"@id":"https:\/\/laballade.de\/wordpress\/bibliothek\/geschriebenes\/leseprobe-silberschimmer\/#primaryimage"},"thumbnailUrl":"https:\/\/laballade.de\/wordpress\/wp-content\/uploads\/2025\/09\/Silberschimmer-200x300.jpg","datePublished":"2021-06-18T14:33:33+00:00","dateModified":"2026-01-17T17:52:34+00:00","breadcrumb":{"@id":"https:\/\/laballade.de\/wordpress\/bibliothek\/geschriebenes\/leseprobe-silberschimmer\/#breadcrumb"},"inLanguage":"de","potentialAction":[{"@type":"ReadAction","target":["https:\/\/laballade.de\/wordpress\/bibliothek\/geschriebenes\/leseprobe-silberschimmer\/"]}]},{"@type":"ImageObject","inLanguage":"de","@id":"https:\/\/laballade.de\/wordpress\/bibliothek\/geschriebenes\/leseprobe-silberschimmer\/#primaryimage","url":"https:\/\/laballade.de\/wordpress\/wp-content\/uploads\/2025\/09\/Silberschimmer.jpg","contentUrl":"https:\/\/laballade.de\/wordpress\/wp-content\/uploads\/2025\/09\/Silberschimmer.jpg","width":1199,"height":1800,"caption":"Buchcover Fantasy-Roman Silberschimmer"},{"@type":"BreadcrumbList","@id":"https:\/\/laballade.de\/wordpress\/bibliothek\/geschriebenes\/leseprobe-silberschimmer\/#breadcrumb","itemListElement":[{"@type":"ListItem","position":1,"name":"Startseite","item":"https:\/\/laballade.de\/wordpress\/"},{"@type":"ListItem","position":2,"name":"Bibliothek","item":"https:\/\/laballade.de\/wordpress\/bibliothek\/"},{"@type":"ListItem","position":3,"name":"Geschriebenes","item":"https:\/\/laballade.de\/wordpress\/bibliothek\/geschriebenes\/"},{"@type":"ListItem","position":4,"name":"Leseprobe &#8211; Silberschimmer"}]},{"@type":"WebSite","@id":"https:\/\/laballade.de\/wordpress\/#website","url":"https:\/\/laballade.de\/wordpress\/","name":"La Ballade","description":"Geschichten und Musik","publisher":{"@id":"https:\/\/laballade.de\/wordpress\/#\/schema\/person\/6fadccd64c10acbfe6c9d563789d29a1"},"potentialAction":[{"@type":"SearchAction","target":{"@type":"EntryPoint","urlTemplate":"https:\/\/laballade.de\/wordpress\/?s={search_term_string}"},"query-input":{"@type":"PropertyValueSpecification","valueRequired":true,"valueName":"search_term_string"}}],"inLanguage":"de"},{"@type":["Person","Organization"],"@id":"https:\/\/laballade.de\/wordpress\/#\/schema\/person\/6fadccd64c10acbfe6c9d563789d29a1","name":"Susanne","logo":{"@id":"https:\/\/laballade.de\/wordpress\/#\/schema\/person\/image\/"},"sameAs":["https:\/\/www.laballade.de"]}]}},"_links":{"self":[{"href":"https:\/\/laballade.de\/wordpress\/wp-json\/wp\/v2\/pages\/4416","targetHints":{"allow":["GET"]}}],"collection":[{"href":"https:\/\/laballade.de\/wordpress\/wp-json\/wp\/v2\/pages"}],"about":[{"href":"https:\/\/laballade.de\/wordpress\/wp-json\/wp\/v2\/types\/page"}],"author":[{"embeddable":true,"href":"https:\/\/laballade.de\/wordpress\/wp-json\/wp\/v2\/users\/1"}],"replies":[{"embeddable":true,"href":"https:\/\/laballade.de\/wordpress\/wp-json\/wp\/v2\/comments?post=4416"}],"version-history":[{"count":6,"href":"https:\/\/laballade.de\/wordpress\/wp-json\/wp\/v2\/pages\/4416\/revisions"}],"predecessor-version":[{"id":6445,"href":"https:\/\/laballade.de\/wordpress\/wp-json\/wp\/v2\/pages\/4416\/revisions\/6445"}],"up":[{"embeddable":true,"href":"https:\/\/laballade.de\/wordpress\/wp-json\/wp\/v2\/pages\/173"}],"wp:attachment":[{"href":"https:\/\/laballade.de\/wordpress\/wp-json\/wp\/v2\/media?parent=4416"}],"curies":[{"name":"wp","href":"https:\/\/api.w.org\/{rel}","templated":true}]}}