{"id":33,"date":"2017-08-07T18:01:13","date_gmt":"2017-08-07T16:01:13","guid":{"rendered":"http:\/\/laballade.de\/wordpress\/?page_id=33"},"modified":"2025-11-21T13:32:57","modified_gmt":"2025-11-21T12:32:57","slug":"ueber-mich","status":"publish","type":"page","link":"https:\/\/laballade.de\/wordpress\/ueber-mich\/","title":{"rendered":"\u00dcber mich"},"content":{"rendered":"<p>Herzlich willkommen im virtuellen Zuhause von Susanne Bonn.<\/p>\n<p>(<a href=\"https:\/\/laballade.de\/wordpress\/about-me\/\">English version<\/a>)<\/p>\n<p><img loading=\"lazy\" decoding=\"async\" class=\"alignleft size-medium wp-image-6340\" src=\"https:\/\/laballade.de\/wordpress\/wp-content\/uploads\/2025\/11\/IMG_0892-Raw-bearbeitet-300x225.jpg\" alt=\"\" width=\"300\" height=\"225\" srcset=\"https:\/\/laballade.de\/wordpress\/wp-content\/uploads\/2025\/11\/IMG_0892-Raw-bearbeitet-300x225.jpg 300w, https:\/\/laballade.de\/wordpress\/wp-content\/uploads\/2025\/11\/IMG_0892-Raw-bearbeitet-1024x768.jpg 1024w, https:\/\/laballade.de\/wordpress\/wp-content\/uploads\/2025\/11\/IMG_0892-Raw-bearbeitet-768x576.jpg 768w, https:\/\/laballade.de\/wordpress\/wp-content\/uploads\/2025\/11\/IMG_0892-Raw-bearbeitet-1536x1152.jpg 1536w, https:\/\/laballade.de\/wordpress\/wp-content\/uploads\/2025\/11\/IMG_0892-Raw-bearbeitet-2048x1536.jpg 2048w, https:\/\/laballade.de\/wordpress\/wp-content\/uploads\/2025\/11\/IMG_0892-Raw-bearbeitet-900x675.jpg 900w, https:\/\/laballade.de\/wordpress\/wp-content\/uploads\/2025\/11\/IMG_0892-Raw-bearbeitet-1280x960.jpg 1280w\" sizes=\"auto, (max-width: 300px) 100vw, 300px\" \/><\/p>\n<h5>Vorgeschichte<\/h5>\n<p>Ich wurde 1967 an der <a href=\"https:\/\/de.wikipedia.org\/wiki\/Bergstra%C3%9Fe\">Bergstra\u00dfe<\/a> geboren und habe die folgenden zwei sowie die vergangenen zweieinhalb Jahrzehnte im <a href=\"https:\/\/www.myodenwald.de\/\">Odenwald<\/a> verbracht; das macht sich im Blog an der einen oder anderen Stelle bemerkbar. Die zehn Jahre dazwischen habe ich mich in Holland (um ganz genau zu sein: <a href=\"https:\/\/www.esa.int\/About_Us\/ESTEC\/ESTEC_European_Space_Research_and_Technology_Centre\">Noordwijk, Zuid Holland<\/a>) und in der Pfalz (Germersheim) herumgetrieben, mit studienbedingten Abstechern nach Granada und Moskau (\u201efast bis zur Raumstation\u201c, meinte damals der Bergstr\u00e4\u00dfer Anzeiger).<\/p>\n<h5>Sprachen<\/h5>\n<p>Was studiert man in Germersheim? <a href=\"https:\/\/fb06.uni-mainz.de\/\">\u00dcbersetzen<\/a>. Nachdem ich mir schon mittels Fernstudium jeweils einen Schein mit Stempel f\u00fcr Englisch und Niederl\u00e4ndisch erworben hatte, fing ich mit einer fast neuen und einer ganz neuen Sprache an \u2013 Russisch und Spanisch. Zu Weihnachten im ersten Semester waren die Russischkenntnisse aus der Schule alle, und ich tauschte schleunigst Haupt- und Nebenfach aus. Damit kam ich letzten Endes zum Diplom und wieder zur\u00fcck in den Odenwald.<\/p>\n<p>Ich startete einigerma\u00dfen erfolgreich mit dem \u00dcbersetzen von <a href=\"https:\/\/laballade.de\/wordpress\/bibliothek\/uebersetztes\/\">Sachb\u00fcchern<\/a> zu Freizeit-Themen, vor allem aus dem Englischen und Niederl\u00e4ndischen. Mit der Zeit gesellten sich Computerspiele dazu, am liebsten mit Fantasy-Hintergrund, und Gesellschaftsspiele. Gelegentlich kamen auch Texte aus dem Russischen vorbei. In letzter Zeit hat sich Spanisch zur Haupt-Arbeitssprache entwickelt, und ich \u00fcbersetze regelm\u00e4\u00dfig Romane, auch hier vorzugsweise Fantasy.<\/p>\n<p>&nbsp;<\/p>\n<h5>Musik<\/h5>\n<p>Gleichzeitig mit dem Start ins \u00dcbersetzerinnenleben nahm ich einen Nebenjob auf: Auf der Grundlage, dass ich als Kind ein paar Jahre Klavierunterricht hatte, wurde ich Organistin bei der <a href=\"https:\/\/ev-kirchengemeinde-lindenfels.ekhn.de\/startseite.html\">evangelischen Kirchengemeinde Lindenfels<\/a>. Gelegentlich bin ich als Vertretung auch in anderen Gemeinden zu Gast. Um dem Ganzen eine etwas solidere Basis zu geben, treibe ich mich seit den sp\u00e4ten Neunzigern regelm\u00e4\u00dfig auf Musikkursen herum. Von denen ist im Blog ebenfalls die Rede.<\/p>\n<p>Schlie\u00dflich verwendete ich noch einige Jahre auf ein weiteres Fernstudium, Geschichte und Musikwissenschaft. Aus den vielen spannenden Dingen, die ich dabei erfahren habe und nach denen ich auf dieser Basis immer noch suche, wachsen die Ideen f\u00fcr meine <a href=\"https:\/\/laballade.de\/wordpress\/bibliothek\/geschriebenes\/\">Romane und Kurzgeschichten<\/a>.<\/p>\n<p>Aktuelles und Kleinigkeiten unter 500 Zeichen melde ich unter <a href=\"https:\/\/hessen.social\/@SusanneBonn\" rel=\"me\">Mastodon<\/a>.<\/p>\n<p>&nbsp;<\/p>\n<h5>Politisches<\/h5>\n<p>Ich bin Kartoffel durch und durch, aus mir k\u00f6nnte man Pommfritt schneiden. Mir liegt etwas an meiner Heimat und ihren Traditionen. Ich bin ein \u00fcberzeugtes Landei, spreche Dialekt und laufe bei Gelegenheit in Tracht oder anderen seltsamen Gew\u00e4ndern herum. Auch sonst habe ich Interessen und Vorlieben, die gern aus der rechten Ecke mit Beschlag belegt werden. Deshalb will ich hier ausdr\u00fccklich festhalten: Die AfD spricht nicht f\u00fcr mich, auch sonst keine rechte Partei. In den jeweiligen Programmen bzw. den \u00c4u\u00dferungen mehr oder weniger prominenter Mitglieder finde ich nichts, was in eine lebenswerte Zukunft weist, eher das Gegenteil. (Und bei manchen, die als eher links gelten, hoffe ich sehr, dass sie schleunigst ihr Navi repariert kriegen und den Kurs wiederfinden.)<\/p>\n<p>Ich hoffe, davon l\u00e4sst sich etwas in meinen Texten wiederfinden. Solarpunk statt Dystopie!<\/p>\n<p>&nbsp;<\/p>\n<p>Foto: Atelier Neumark<\/p>\n","protected":false},"excerpt":{"rendered":"<p>Herzlich willkommen im virtuellen Zuhause von Susanne Bonn. (English version) Vorgeschichte Ich wurde 1967 an der Bergstra\u00dfe geboren und habe die folgenden zwei sowie die vergangenen zweieinhalb Jahrzehnte im Odenwald verbracht; das macht sich im Blog an der einen oder anderen Stelle bemerkbar. Die zehn Jahre dazwischen habe ich mich in Holland (um ganz genau [&hellip;]<\/p>\n","protected":false},"author":1,"featured_media":0,"parent":0,"menu_order":0,"comment_status":"closed","ping_status":"closed","template":"","meta":{"footnotes":""},"class_list":["post-33","page","type-page","status-publish","hentry"],"yoast_head":"<!-- This site is optimized with the Yoast SEO plugin v27.4 - https:\/\/yoast.com\/product\/yoast-seo-wordpress\/ -->\n<title>\u00dcber mich - La Ballade<\/title>\n<meta name=\"description\" content=\"Einige Informationen zu Susanne Bonn und ihrem Werdegang\" \/>\n<meta name=\"robots\" content=\"index, follow, max-snippet:-1, max-image-preview:large, max-video-preview:-1\" \/>\n<link rel=\"canonical\" href=\"https:\/\/laballade.de\/wordpress\/ueber-mich\/\" \/>\n<meta property=\"og:locale\" content=\"de_DE\" \/>\n<meta property=\"og:type\" content=\"article\" \/>\n<meta property=\"og:title\" content=\"\u00dcber mich - La Ballade\" \/>\n<meta property=\"og:description\" content=\"Einige Informationen zu Susanne Bonn und ihrem Werdegang\" \/>\n<meta property=\"og:url\" content=\"https:\/\/laballade.de\/wordpress\/ueber-mich\/\" \/>\n<meta property=\"og:site_name\" content=\"La Ballade\" \/>\n<meta property=\"article:modified_time\" content=\"2025-11-21T12:32:57+00:00\" \/>\n<meta property=\"og:image\" content=\"https:\/\/laballade.de\/wordpress\/wp-content\/uploads\/2025\/11\/IMG_0892-Raw-bearbeitet-1024x768.jpg\" \/>\n\t<meta property=\"og:image:width\" content=\"1024\" \/>\n\t<meta property=\"og:image:height\" content=\"768\" \/>\n\t<meta property=\"og:image:type\" content=\"image\/jpeg\" \/>\n<meta name=\"twitter:card\" content=\"summary_large_image\" \/>\n<meta name=\"twitter:label1\" content=\"Gesch\u00e4tzte Lesezeit\" \/>\n\t<meta name=\"twitter:data1\" content=\"3\u00a0Minuten\" \/>\n<script type=\"application\/ld+json\" class=\"yoast-schema-graph\">{\"@context\":\"https:\\\/\\\/schema.org\",\"@graph\":[{\"@type\":\"WebPage\",\"@id\":\"https:\\\/\\\/laballade.de\\\/wordpress\\\/ueber-mich\\\/\",\"url\":\"https:\\\/\\\/laballade.de\\\/wordpress\\\/ueber-mich\\\/\",\"name\":\"\u00dcber mich - La Ballade\",\"isPartOf\":{\"@id\":\"https:\\\/\\\/laballade.de\\\/wordpress\\\/#website\"},\"primaryImageOfPage\":{\"@id\":\"https:\\\/\\\/laballade.de\\\/wordpress\\\/ueber-mich\\\/#primaryimage\"},\"image\":{\"@id\":\"https:\\\/\\\/laballade.de\\\/wordpress\\\/ueber-mich\\\/#primaryimage\"},\"thumbnailUrl\":\"https:\\\/\\\/laballade.de\\\/wordpress\\\/wp-content\\\/uploads\\\/2025\\\/11\\\/IMG_0892-Raw-bearbeitet-300x225.jpg\",\"datePublished\":\"2017-08-07T16:01:13+00:00\",\"dateModified\":\"2025-11-21T12:32:57+00:00\",\"description\":\"Einige Informationen zu Susanne Bonn und ihrem Werdegang\",\"breadcrumb\":{\"@id\":\"https:\\\/\\\/laballade.de\\\/wordpress\\\/ueber-mich\\\/#breadcrumb\"},\"inLanguage\":\"de\",\"potentialAction\":[{\"@type\":\"ReadAction\",\"target\":[\"https:\\\/\\\/laballade.de\\\/wordpress\\\/ueber-mich\\\/\"]}]},{\"@type\":\"ImageObject\",\"inLanguage\":\"de\",\"@id\":\"https:\\\/\\\/laballade.de\\\/wordpress\\\/ueber-mich\\\/#primaryimage\",\"url\":\"https:\\\/\\\/laballade.de\\\/wordpress\\\/wp-content\\\/uploads\\\/2025\\\/11\\\/IMG_0892-Raw-bearbeitet.jpg\",\"contentUrl\":\"https:\\\/\\\/laballade.de\\\/wordpress\\\/wp-content\\\/uploads\\\/2025\\\/11\\\/IMG_0892-Raw-bearbeitet.jpg\",\"width\":2362,\"height\":1772,\"caption\":\"Portr\u00e4t von Susanne Bonn\"},{\"@type\":\"BreadcrumbList\",\"@id\":\"https:\\\/\\\/laballade.de\\\/wordpress\\\/ueber-mich\\\/#breadcrumb\",\"itemListElement\":[{\"@type\":\"ListItem\",\"position\":1,\"name\":\"Startseite\",\"item\":\"https:\\\/\\\/laballade.de\\\/wordpress\\\/\"},{\"@type\":\"ListItem\",\"position\":2,\"name\":\"\u00dcber mich\"}]},{\"@type\":\"WebSite\",\"@id\":\"https:\\\/\\\/laballade.de\\\/wordpress\\\/#website\",\"url\":\"https:\\\/\\\/laballade.de\\\/wordpress\\\/\",\"name\":\"La Ballade\",\"description\":\"Geschichten und Musik\",\"publisher\":{\"@id\":\"https:\\\/\\\/laballade.de\\\/wordpress\\\/#\\\/schema\\\/person\\\/6fadccd64c10acbfe6c9d563789d29a1\"},\"potentialAction\":[{\"@type\":\"SearchAction\",\"target\":{\"@type\":\"EntryPoint\",\"urlTemplate\":\"https:\\\/\\\/laballade.de\\\/wordpress\\\/?s={search_term_string}\"},\"query-input\":{\"@type\":\"PropertyValueSpecification\",\"valueRequired\":true,\"valueName\":\"search_term_string\"}}],\"inLanguage\":\"de\"},{\"@type\":[\"Person\",\"Organization\"],\"@id\":\"https:\\\/\\\/laballade.de\\\/wordpress\\\/#\\\/schema\\\/person\\\/6fadccd64c10acbfe6c9d563789d29a1\",\"name\":\"Susanne\",\"logo\":{\"@id\":\"https:\\\/\\\/laballade.de\\\/wordpress\\\/#\\\/schema\\\/person\\\/image\\\/\"},\"sameAs\":[\"https:\\\/\\\/www.laballade.de\"]}]}<\/script>\n<!-- \/ Yoast SEO plugin. -->","yoast_head_json":{"title":"\u00dcber mich - La Ballade","description":"Einige Informationen zu Susanne Bonn und ihrem Werdegang","robots":{"index":"index","follow":"follow","max-snippet":"max-snippet:-1","max-image-preview":"max-image-preview:large","max-video-preview":"max-video-preview:-1"},"canonical":"https:\/\/laballade.de\/wordpress\/ueber-mich\/","og_locale":"de_DE","og_type":"article","og_title":"\u00dcber mich - La Ballade","og_description":"Einige Informationen zu Susanne Bonn und ihrem Werdegang","og_url":"https:\/\/laballade.de\/wordpress\/ueber-mich\/","og_site_name":"La Ballade","article_modified_time":"2025-11-21T12:32:57+00:00","og_image":[{"width":1024,"height":768,"url":"https:\/\/laballade.de\/wordpress\/wp-content\/uploads\/2025\/11\/IMG_0892-Raw-bearbeitet-1024x768.jpg","type":"image\/jpeg"}],"twitter_card":"summary_large_image","twitter_misc":{"Gesch\u00e4tzte Lesezeit":"3\u00a0Minuten"},"schema":{"@context":"https:\/\/schema.org","@graph":[{"@type":"WebPage","@id":"https:\/\/laballade.de\/wordpress\/ueber-mich\/","url":"https:\/\/laballade.de\/wordpress\/ueber-mich\/","name":"\u00dcber mich - La Ballade","isPartOf":{"@id":"https:\/\/laballade.de\/wordpress\/#website"},"primaryImageOfPage":{"@id":"https:\/\/laballade.de\/wordpress\/ueber-mich\/#primaryimage"},"image":{"@id":"https:\/\/laballade.de\/wordpress\/ueber-mich\/#primaryimage"},"thumbnailUrl":"https:\/\/laballade.de\/wordpress\/wp-content\/uploads\/2025\/11\/IMG_0892-Raw-bearbeitet-300x225.jpg","datePublished":"2017-08-07T16:01:13+00:00","dateModified":"2025-11-21T12:32:57+00:00","description":"Einige Informationen zu Susanne Bonn und ihrem Werdegang","breadcrumb":{"@id":"https:\/\/laballade.de\/wordpress\/ueber-mich\/#breadcrumb"},"inLanguage":"de","potentialAction":[{"@type":"ReadAction","target":["https:\/\/laballade.de\/wordpress\/ueber-mich\/"]}]},{"@type":"ImageObject","inLanguage":"de","@id":"https:\/\/laballade.de\/wordpress\/ueber-mich\/#primaryimage","url":"https:\/\/laballade.de\/wordpress\/wp-content\/uploads\/2025\/11\/IMG_0892-Raw-bearbeitet.jpg","contentUrl":"https:\/\/laballade.de\/wordpress\/wp-content\/uploads\/2025\/11\/IMG_0892-Raw-bearbeitet.jpg","width":2362,"height":1772,"caption":"Portr\u00e4t von Susanne Bonn"},{"@type":"BreadcrumbList","@id":"https:\/\/laballade.de\/wordpress\/ueber-mich\/#breadcrumb","itemListElement":[{"@type":"ListItem","position":1,"name":"Startseite","item":"https:\/\/laballade.de\/wordpress\/"},{"@type":"ListItem","position":2,"name":"\u00dcber mich"}]},{"@type":"WebSite","@id":"https:\/\/laballade.de\/wordpress\/#website","url":"https:\/\/laballade.de\/wordpress\/","name":"La Ballade","description":"Geschichten und Musik","publisher":{"@id":"https:\/\/laballade.de\/wordpress\/#\/schema\/person\/6fadccd64c10acbfe6c9d563789d29a1"},"potentialAction":[{"@type":"SearchAction","target":{"@type":"EntryPoint","urlTemplate":"https:\/\/laballade.de\/wordpress\/?s={search_term_string}"},"query-input":{"@type":"PropertyValueSpecification","valueRequired":true,"valueName":"search_term_string"}}],"inLanguage":"de"},{"@type":["Person","Organization"],"@id":"https:\/\/laballade.de\/wordpress\/#\/schema\/person\/6fadccd64c10acbfe6c9d563789d29a1","name":"Susanne","logo":{"@id":"https:\/\/laballade.de\/wordpress\/#\/schema\/person\/image\/"},"sameAs":["https:\/\/www.laballade.de"]}]}},"_links":{"self":[{"href":"https:\/\/laballade.de\/wordpress\/wp-json\/wp\/v2\/pages\/33","targetHints":{"allow":["GET"]}}],"collection":[{"href":"https:\/\/laballade.de\/wordpress\/wp-json\/wp\/v2\/pages"}],"about":[{"href":"https:\/\/laballade.de\/wordpress\/wp-json\/wp\/v2\/types\/page"}],"author":[{"embeddable":true,"href":"https:\/\/laballade.de\/wordpress\/wp-json\/wp\/v2\/users\/1"}],"replies":[{"embeddable":true,"href":"https:\/\/laballade.de\/wordpress\/wp-json\/wp\/v2\/comments?post=33"}],"version-history":[{"count":29,"href":"https:\/\/laballade.de\/wordpress\/wp-json\/wp\/v2\/pages\/33\/revisions"}],"predecessor-version":[{"id":6342,"href":"https:\/\/laballade.de\/wordpress\/wp-json\/wp\/v2\/pages\/33\/revisions\/6342"}],"wp:attachment":[{"href":"https:\/\/laballade.de\/wordpress\/wp-json\/wp\/v2\/media?parent=33"}],"curies":[{"name":"wp","href":"https:\/\/api.w.org\/{rel}","templated":true}]}}