{"id":171,"date":"2018-05-27T20:27:54","date_gmt":"2018-05-27T18:27:54","guid":{"rendered":"http:\/\/laballade.de\/wordpress\/?page_id=171"},"modified":"2026-03-18T21:43:28","modified_gmt":"2026-03-18T20:43:28","slug":"uebersetztes","status":"publish","type":"page","link":"https:\/\/laballade.de\/wordpress\/bibliothek\/uebersetztes\/","title":{"rendered":"\u00dcbersetztes"},"content":{"rendered":"<p>Achtung Werbung &#8211; N\u00e4heres dazu unter <a href=\"https:\/\/laballade.de\/wordpress\/bibliothek\/\">Bibliothek<\/a><\/p>\n<p>Hier folgt eine Auswahl der Sachb\u00fccher, Kinderb\u00fccher und Romane, die ich in den letzten Jahren \u00fcbersetzt habe. Die Links f\u00fchren nach M\u00f6glichkeit zum jeweiligen Verlag, zum <a href=\"https:\/\/shop.autorenwelt.de\/\">Autorenwelt-Shop<\/a> oder einer anderen Versandbuchhandlung meines Vertrauens. Amazon-Links sind entsprechend gekennzeichnet.<\/p>\n<p><strong>Neu erschienen:<\/strong><\/p>\n<p><a href=\"https:\/\/shop.autorenwelt.de\/products\/the-elements-of-baking-von-katarina-cermelj\">The Elements of Baking<\/a> von <a href=\"https:\/\/theloopywhisk.com\/about-me\/\">Katarina Cermelj<\/a> (AT Verlag)<\/p>\n<p>&nbsp;<\/p>\n<p><strong>2025<\/strong><\/p>\n<p>in Zusammenarbeit mit <a href=\"https:\/\/www.ib-trans.de\/de\/imke-brodersen-diplom-uebersetzerin\">Imke Brodersen<\/a>:<\/p>\n<p><a href=\"https:\/\/www.amazon.de\/Tr%C3%A4gerin-Flammen-Gesetz-Drachen-Buch-ebook\/dp\/B0G2MR8FLH\">Tr\u00e4gerin der Flammen \u2013 Das Gesetz der Drachen, Buch 1<\/a> von <a href=\"https:\/\/pedrourvi.com\/willkommen\/\">Pedro Urvi<\/a> (Amazon)<\/p>\n<p><a href=\"https:\/\/www.amazon.de\/Die-sechs-Elemente-Gesetz-Drachen-ebook\/dp\/B0G2T1TN3X\">Die sechs Elemente \u2013 Das Gesetz der Drachen, Buch 2<\/a> von Pedro Urvi (Amazon)<\/p>\n<p><a href=\"https:\/\/www.amazon.de\/Waldl%C3%A4uferehre-Weg-Waldl%C3%A4ufers-Buch-20-ebook\/dp\/B0FDL92RC6\">Waldl\u00e4uferehre &#8211; Der Weg des Waldl\u00e4ufers, Buch 20<\/a> von Pedro Urvi (Amazon)<\/p>\n<p><a href=\"https:\/\/www.amazon.de\/-\/en\/Pedro-Urvi-ebook\/dp\/B0G2MJN5XD\">Die R\u00fcckkehr des Waldl\u00e4ufers &#8211; Der Weg des Waldl\u00e4ufers, Buch 21 (Epilog 1)<\/a> von Pedro Urvi (Amazon)<\/p>\n<p><a href=\"https:\/\/www.amazon.de\/Das-Schicksal-Schneepanther-Epilog-Waldl\u00e4ufers-ebook\/dp\/B0G2LN6H2J\">Das Schicksal der Schneepanther &#8211; Der Weg des Waldl\u00e4ufers, Buch 22 (Epilog 2)<\/a> von Pedro Urvi (Amazon)<\/p>\n<p><a href=\"https:\/\/www.amazon.de\/Tremia-Gefahr-Weg-Waldl%C3%A4ufers-Buch-ebook\/dp\/B0F1G5MDPC\">Tremia in Gefahr &#8211; Der Weg des Waldl\u00e4ufers, Buch 19<\/a> von <a href=\"https:\/\/pedrourvi.com\/willkommen\/\">Pedro Urvi<\/a> (Amazon)<\/p>\n<p><a href=\"https:\/\/www.amazon.de\/Die-Krone-Nordens-Waldl%C3%A4ufers-Buch\/dp\/B0F23ZDR55\/262-3856525-3935035\">Die Krone des Nordens &#8211; Der Weg des Waldl\u00e4ufers, Buch 18<\/a> von <a href=\"https:\/\/pedrourvi.com\/willkommen\/\">Pedro Urvi<\/a> (Amazon)<\/p>\n<p>&nbsp;<\/p>\n<p><a href=\"https:\/\/shop.autorenwelt.de\/products\/brew-it-yourself-von-richard-hood-und-nick-moyle-ubersetzt-von-susanne-bonn?variant=53715178684741\">Brew it yourself<\/a> von <a href=\"https:\/\/twothirstygardeners.co.uk\/\">Richard Hood &amp; Nick Moyle<\/a> (AT Verlag)<\/p>\n<p>&nbsp;<\/p>\n<p><strong>2024<\/strong><\/p>\n<p><a href=\"https:\/\/www.amazon.de\/Drachent%C3%BCcke-Weg-Waldl%C3%A4ufers-Buch-17\/dp\/B0DPX76Z5F\/262-3856525-3935035\">Drachent\u00fccke &#8211; Der Weg des Waldl\u00e4ufers, Buch 17<\/a> von Pedro Urvi (Amazon)<\/p>\n<p><a href=\"https:\/\/www.amazon.de\/Die-Druidenk%C3%B6nigin-Weg-Waldl%C3%A4ufers-Buch-ebook\/dp\/B0D2XQN2DJ\">Die Druidenk\u00f6nigin &#8211; Der Weg des Waldl\u00e4ufers, Buch 16<\/a> von <a href=\"https:\/\/pedrourvi.com\/willkommen\/\">Pedro Urvi<\/a> (Amazon)<\/p>\n<p><em><a href=\"https:\/\/www.amazon.de\/Unverg%C3%A4ngliche-erwacht-Weg-Waldl%C3%A4ufers-Buch-ebook\/dp\/B0CW1BYFMN\">Der Unverg\u00e4ngliche erwacht &#8211; Der Weg des Waldl\u00e4ufers, Buch 15<\/a><\/em> von Pedro Urvi (Amazon)<\/p>\n<p><a href=\"https:\/\/shop.autorenwelt.de\/products\/the-fast-five-von-donna-hay?variant=47285436252485\">The fast five &#8211; wenig Zeit, viel Geschmack<\/a> von <a href=\"https:\/\/www.donnahay.com.au\/\">Donna Hay<\/a> (AT Verlag)<\/p>\n<p><em><a href=\"https:\/\/www.amazon.de\/Mission-Osten-Weg-Waldl%C3%A4ufers-Buch-ebook\/dp\/B0CSWNHXZW\/\">Mission im Osten &#8211; Der Weg des Waldl\u00e4ufers, Buch 14<\/a><\/em> von <a href=\"https:\/\/pedrourvi.com\/willkommen\/\">Pedro Urvi<\/a> (Amazon)<\/p>\n<p><em><a href=\"https:\/\/www.amazon.de\/gp\/product\/B0CPVWF3G5?ref_=dbs_m_mng_rwt_calw_tkin_12&amp;storeType=ebooks\">Lockruf des Drachen &#8211; Der Weg des Waldl\u00e4ufers, Buch 13<\/a><\/em> von <a href=\"https:\/\/pedrourvi.com\/willkommen\/\">Pedro Urvi<\/a> (Amazon)<\/p>\n<p><strong>2023<\/strong><\/p>\n<p><a href=\"https:\/\/shop.autorenwelt.de\/products\/weihnachten-von-donna-hay-ubersetzt-von-kirsten-sonntag-und-susanne-bonn\"><em>Weihnachten &#8211; Festlich genie\u00dfen<\/em><\/a> von <a href=\"https:\/\/www.donnahay.com.au\/\">Donna Hay<\/a> (AT-Verlag)<\/p>\n<p><a href=\"https:\/\/shop.autorenwelt.de\/products\/ist-das-ein-kochbuch-von-heston-blumenthal-ubersetzt-von-susanne-bonn\"><em>Ist das ein Kochbuch?<\/em><\/a> von <a href=\"https:\/\/thefatduck.co.uk\/\">Heston Blumenthal<\/a> (AT-Verlag)<\/p>\n<p><a href=\"https:\/\/shop.autorenwelt.de\/products\/das-reis-buch-von-sri-owen-ubersetzt-von-susanne-bonn\"><em>Das Reis-Buch<\/em><\/a> von <a href=\"http:\/\/www.sriowen.com\/\">Sri Owen<\/a> (AT-Verlag)<\/p>\n<p><a href=\"https:\/\/www.amazon.de\/gp\/product\/B0CL2K4ZTD?ref_=dbs_m_mng_rwt_calw_tkin_11&amp;storeType=ebooks\"><em>Drachenenergie &#8211; Der Weg des Waldl\u00e4ufers, Buch 12<\/em><\/a> von <a href=\"https:\/\/pedrourvi.com\/willkommen\/\">Pedro Urvi<\/a> (Amazon)<\/p>\n<p><a href=\"https:\/\/www.amazon.de\/gp\/product\/B0CDXTT6QC?ref_=dbs_m_mng_rwt_calw_tkin_10&amp;storeType=ebooks\"><em>Eisiger Ursprung &#8211; Der Weg des Waldl\u00e4ufers, Buch 11<\/em><\/a> von <a href=\"https:\/\/pedrourvi.com\/willkommen\/\">Pedro Urvi<\/a> (Amazon)<\/p>\n<p><a href=\"https:\/\/www.amazon.de\/gp\/product\/B0C7N6XDGT?ref_=dbs_m_mng_rwt_calw_tkin_9&amp;storeType=ebooks\"><em>Das Waldl\u00e4uferkonzil &#8211; Der Weg des Waldl\u00e4ufers, Buch 10<\/em><\/a> von <a href=\"https:\/\/pedrourvi.com\/willkommen\/\">Pedro Urvi<\/a> (Amazon)<\/p>\n<p><em><a href=\"https:\/\/www.amazon.de\/gp\/product\/B0C1VR8848?ref_=dbs_m_mng_rwt_calw_tkin_8&amp;storeType=ebooks\">Verschw\u00f6rung im Norden &#8211; Der Weg des Waldl\u00e4ufers, Buch 9<\/a><\/em> von <a href=\"https:\/\/pedrourvi.com\/willkommen\/\">Pedro Urvi<\/a> (Amazon)<\/p>\n<p><a href=\"https:\/\/www.amazon.de\/gp\/product\/B0BVJ88PFL?ref_=dbs_m_mng_rwt_calw_tkin_7&amp;storeType=ebooks\"><em>Die T\u00fcrkisk\u00f6nigin &#8211; Der Weg des Waldl\u00e4ufers, Buch 8<\/em><\/a> von <a href=\"https:\/\/pedrourvi.com\/willkommen\/\">Pedro Urvi<\/a> (Amazon)<\/p>\n<p><a href=\"https:\/\/shop.autorenwelt.de\/products\/der-konig-des-westens-von-pedro-urvi?variant=40939017371741\"><em>Der K\u00f6nig des Westens &#8211; Der Weg des Waldl\u00e4ufers, Buch 7<\/em><\/a> von <a href=\"https:\/\/pedrourvi.com\/willkommen\/\">Pedro Urvi<\/a><\/p>\n<p><strong>2022<\/strong><\/p>\n<p><a href=\"https:\/\/shop.autorenwelt.de\/products\/der-weg-des-spezialisten-von-pedro-urvi?variant=40940631064669\"><em>Der Weg des Spezialisten &#8211; Der Weg des Waldl\u00e4ufers, Buch 6<\/em><\/a> von <a href=\"https:\/\/pedrourvi.com\/willkommen\/\">Pedro Urvi<\/a><\/p>\n<p><a href=\"https:\/\/shop.autorenwelt.de\/products\/das-geheime-refugium-von-pedro-urvi?variant=40939197005917\"><em>Das geheime Refugium &#8211; Der Weg des Waldl\u00e4ufers, Buch 5<\/em><\/a> von <a href=\"https:\/\/pedrourvi.com\/willkommen\/\">Pedro Urvi<\/a><\/p>\n<p><a href=\"https:\/\/shop.autorenwelt.de\/products\/ammu-von-asma-khan\"><em>Ammu &#8211; Indische Lieblingsrezepte meiner Mutter<\/em><\/a> von <a href=\"https:\/\/www.greatbritishchefs.com\/chefs\/asma-khan\">Asma Khan<\/a> (AT-Verlag)<\/p>\n<p><a href=\"https:\/\/shop.autorenwelt.de\/products\/dinosaurier-evolution-arten-untergang-von-fernando-novas-und-damian-voglino-ubersetzt-von-susanne-bonn\"><i>Dinosaurier \u2013 Evolution, Arten, Untergang <\/i><\/a>von Fernando Novas\/Dami\u00e1n Voglino (NGV)<\/p>\n<p><i><a href=\"https:\/\/www.haendel-festspiele.de\/de\/programm\/2022\/haendel-goes-tinder\/\">H\u00e4ndel goes Tinder<\/a>, <\/i>Stichting Gooisch Klassiek\/Int. H\u00e4ndel-Festspiele G\u00f6ttingen<\/p>\n<p><strong>2021<\/strong><\/p>\n<p><a href=\"https:\/\/www.amazon.de\/Dunkle-Duke-Laura-Landon-ebook\/dp\/B09G5F5X9M\/ref=tmm_kin_title_sr?_encoding=UTF8&amp;qid=1641494068&amp;sr=8-4\"><em>Der dunkle Duke<\/em><\/a> von <a href=\"https:\/\/www.lauralandon.com\/\">Laura Landon<\/a> (Prairie Muse; Amazon-Link)<\/p>\n<p><a href=\"https:\/\/www.balticsealibrary.info\/66-balticsealibrary\/essays\/810-der-ostseeraum-spannungsfeld-im-wandel-der-zeiten.html\">&#8222;Der Ostseeraum &#8211; Spannungsfeld im Wandel der Zeiten&#8220;<\/a> von Nils Blomkvist (online unter Baltic Sea Library)<\/p>\n<p><a href=\"https:\/\/shop.autorenwelt.de\/products\/die-weisheit-des-traumas-von-anouk-bindels\"><em>Die Weisheit des Traumas<\/em><\/a> von <a href=\"https:\/\/anoukbindels.com\/\">Anouk Bindels<\/a> (EchnAton)<\/p>\n<p><em>T\u00e4glich besser essen<\/em> von Hugh Fearnley Whittingstall (AT-Verlag)<\/p>\n<p><strong>2020<\/strong><\/p>\n<p><a href=\"https:\/\/shop.autorenwelt.de\/products\/asmas-indische-kuche-meine-familienrezepte-aus-dem-darjeeling-express-von-asma-khan\"><em>Asma&#8217;s Indische K\u00fcche &#8211; Meine Familienrezepte aus dem Darjeeling Express<\/em><\/a> von Asma Khan (AT-Verlag)<\/p>\n<p><a href=\"https:\/\/shop.autorenwelt.de\/products\/das-leben-ein-fest-das-kochbuch-der-islamischen-welt-von-anissa-helou\"><em>Das Leben ein Fest &#8211; Das Kochbuch der islamischen Welt<\/em><\/a> von Anissa Helou (AT-Verlag)<\/p>\n<p><a href=\"https:\/\/laballade.de\/wordpress\/weihnachtsgeschichte-meister-perez-der-organist-1\/\">&#8222;Meister P\u00e9rez der Organist&#8220;<\/a> von <a href=\"http:\/\/www.cervantesvirtual.com\/portales\/gustavo_adolfo_becquer\/autor_biografia\/\">Gustavo Adolfo B\u00e9cquer (1836-1870)<\/a><\/p>\n<p><strong>2019<\/strong><\/p>\n<p><em>\u00c4pfel &#8211; Rezepte aus dem Obstgarten<\/em> von James Rich (AT-Verlag)<\/p>\n<p><a href=\"https:\/\/shop.autorenwelt.de\/products\/effizienter-arbeiten-fur-dummies-von-arjan-broere?variant=39435717673053\"><em>Effizienter arbeiten f\u00fcr Dummies<\/em><\/a> von Arjan Broere (Wiley VCH)<\/p>\n<p><strong>2018<\/strong><\/p>\n<p><a href=\"https:\/\/www.concerti.de\/konzert\/tan-dun-buddha-passion-dresden\/\"><em>Buddha Passion<\/em><\/a> von Tan Dun<em> (Dresdner Musikfestspiele)<\/em><\/p>\n<p><em>Restlos gut<\/em> von Hugh Fearnley-Whittingstall (AT-Verlag)<\/p>\n<p><a href=\"https:\/\/shop.autorenwelt.de\/products\/viel-mehr-vegetarisch-200-neue-rezepte-aus-dem-river-cottage-von-hugh-fearnley-whittingstall\"><em>Viel mehr vegetarisch<\/em><\/a> von Hugh Fearnley-Whittingstall (AT-Verlag)<\/p>\n<p><strong>2017<\/strong><\/p>\n<p><a href=\"https:\/\/nietsch.de\/grne-heiler-p-12363.html\"><em>Gr\u00fcne Heiler<\/em><\/a> von Victoria Boutenko (Hans Nietsch Verlag)<\/p>\n<p><em>T\u00e4glich Fr\u00fcchte<\/em> von Hugh Fearnley-Whittingstall (AT-Verlag)<\/p>\n<p><i>Kulturreisef\u00fchrer Katalonien<\/i> (Ag\u00e8ncia Catalana de Turisme)<\/p>\n<p><em>Skandinavisch kochen<\/em> von Trine Hahnemann (Edition Michael Fischer)<\/p>\n<p><em>Vegetarisch, basisch, gut f\u00fcr Eilige<\/em> von Natasha Corrett (AT-Verlag)<\/p>\n<p><em>Vegane Rezepte mit Aquafaba<\/em> von Zsu Dever (AT-Verlag)<\/p>\n<p><strong>2016<\/strong><\/p>\n<p><em>Achtsamkeit in der Pubert\u00e4t<\/em> von Eline Snel (Herder)<\/p>\n<p><em>Detox basisch vegetarisch<\/em> von Natasha Corrett (AT-Verlag)<\/p>\n<p><i>Drache Donatus und der vergessene Geburtstag; <\/i><i> Drache Donatus und die gro\u00dfe K\u00e4lte; <\/i><i> Elfe Florine und der Wackelzahn <\/i>von Li Lef\u00e9bure (Compact)<\/p>\n<p><em>G\u00e4rtner dich gl\u00fccklich<\/em> von Karolien Verbanck (Edition Michael Fischer)<\/p>\n<p><i>Hexentorte; Hexenbaby; Hexenfreund; Hexenwunsch <\/i>von Guy Dani\u00ebls (Compact)<i><br \/>\n<\/i><\/p>\n<p><em>Liebe und Bindungsangst<\/em> von Hannah Cuppen (Herder)<\/p>\n<p><strong>2015<br \/>\n<\/strong><\/p>\n<p><em>Brot<\/em> von Daniel Stevens (AT-Verlag)<\/p>\n<p><em>Huhn &amp; Ei<\/em> von Marc Diacono (AT-Verlag)<\/p>\n<p><em>Im Farbenmeer eines Pr\u00e4riegartens<\/em> von Lianne Pot (DVA)<\/p>\n<p><i>Light &amp; Easy<\/i> von Hugh Fearnley-Whittingstall (AT-Verlag)<\/p>\n<p><a href=\"https:\/\/shop.autorenwelt.de\/products\/pokeln-rauchern-fleisch-geflugel-und-fisch-haltbar-machen-von-steven-lamb?variant=51793262278\"><em>P\u00f6keln &amp; R\u00e4uchern<\/em><\/a> von Steven Lamb (AT-Verlag)<\/p>\n<p><strong>2014<\/strong><\/p>\n<p><em>Foto-Kreativ-Lab<\/em> von Steve &amp; Carla Sonheim (Edition Michael Fischer)<\/p>\n<p><em>Kochen f\u00fcr Kinder mit ADHS und Autismus<\/em> von Dana Laake und Pamela J. Compart (Verlag Hans Huber)<\/p>\n<p><em><a href=\"https:\/\/shop.autorenwelt.de\/products\/le-petit-paris-fingerfood-auf-franzosisch-von-nathalie-benezet?variant=51738965254\">Le Petit Paris<\/a><\/em> von Nathalie Benezet (Edition Michael Fischer)<\/p>\n<p><a href=\"https:\/\/shop.autorenwelt.de\/products\/vegetarisch-basisch-gut-fur-jeden-tag-uber-100-neue-basische-rezepte-von-natasha-corrett-vicki-edgson?variant=51738906374\"><em>Vegetarisch, basisch, gut f\u00fcr jeden Tag<\/em><\/a> von Natasha Corrett und Vicky Edgson (AT-Verlag)<\/p>\n<p><strong>2013<\/strong><\/p>\n<p><a href=\"https:\/\/shop.autorenwelt.de\/products\/so-wenig-design-wie-moglich-von-dieter-rams?variant=50815497222\"><em>Dieter Rams: So wenig Design wie m\u00f6glich<\/em><\/a> von Sophie Lovell (edel)<\/p>\n<p><em>Drei gute Dinge auf dem Teller<\/em> von Hugh Fearnley-Whittingstall (AT-Verlag)<\/p>\n<p><a href=\"https:\/\/shop.autorenwelt.de\/products\/essattacken-stoppen-ein-selbsthilfeprogramm-gegen-binge-eating-von-christopher-g-fairburn-1?variant=39424856883293\"><em>Essattacken stoppen<\/em><\/a> von Christopher G. Fairburn (Verlag Hans Huber)<\/p>\n<p><em>I\u00a0<span style=\"color: #000000;\">&#x2665; <\/span>New York<\/em> von Daniel Humm und Will Guidara (AT-Verlag)<\/p>\n<p><em>Verr\u00fcckte Fakten \u00fcber die Welt<\/em>; <em>Verr\u00fcckte Fakten aus dem Tierreich<\/em> von Mitchell Symmons (Ravensburger Verlag)<\/p>\n<p><strong>2012<\/strong><\/p>\n<p><a href=\"https:\/\/shop.autorenwelt.de\/products\/achtsamkeit-fur-menschen-mit-autismus-von-annelies-spek-ubersetzt-von-susanne-bonn?variant=39649769881693\"><em>Achtsamkeit f\u00fcr Menschen mit Autismus<\/em><\/a> von Annelies Spek (Verlag Hans Huber)<\/p>\n<p><em>Rezepte f\u00fcr Marie<\/em> von Manfred Meeuwig (AT Verlag)<\/p>\n<p><strong>2011<\/strong><\/p>\n<p><em>Enneagramm f\u00fcr Dummies<\/em> von Jeanette van Stijn (Wiley VCH)<\/p>\n<p><i>Quiltinspirationen<\/i> von Jane Brocket (Haupt)<\/p>\n<p><i>Zisch, Blubber, Knall \u2013 Kunterbunter Experimentier- und Bastelspa\u00df<\/i> von Fiona Watts (Ravensburger Verlag)<\/p>\n<p><strong>2009<\/strong><\/p>\n<p><a href=\"https:\/\/www.haupt.ch\/Verlag\/Buecher\/Gestalten\/Faerben\/Textile-Druck-und-Faerbetechniken.html\"><em>Textile Druck- und F\u00e4rbetechniken<\/em><\/a> von Eva Pascual i Mir\u00f3, Miriam Albinana Trias, Rosa Oliveras, Joan Albert Sanchez Sanchez und Elisa Rubio Ferrer (Haupt)<\/p>\n<p><strong>2008<\/strong><\/p>\n<p><i>Europas alte B\u00e4ume: Ihre Geschichten, ihre Geheimnisse <\/i>von Jeroen Pater (Kosmos)<\/p>\n<p>&nbsp;<\/p>\n","protected":false},"excerpt":{"rendered":"<p>Achtung Werbung &#8211; N\u00e4heres dazu unter Bibliothek Hier folgt eine Auswahl der Sachb\u00fccher, Kinderb\u00fccher und Romane, die ich in den letzten Jahren \u00fcbersetzt habe. Die Links f\u00fchren nach M\u00f6glichkeit zum jeweiligen Verlag, zum Autorenwelt-Shop oder einer anderen Versandbuchhandlung meines Vertrauens. Amazon-Links sind entsprechend gekennzeichnet. Neu erschienen: The Elements of Baking von Katarina Cermelj (AT Verlag) [&hellip;]<\/p>\n","protected":false},"author":1,"featured_media":0,"parent":166,"menu_order":0,"comment_status":"closed","ping_status":"closed","template":"","meta":{"footnotes":""},"class_list":["post-171","page","type-page","status-publish","hentry"],"yoast_head":"<!-- This site is optimized with the Yoast SEO plugin v27.4 - https:\/\/yoast.com\/product\/yoast-seo-wordpress\/ -->\n<title>\u00dcbersetztes - La Ballade<\/title>\n<meta name=\"description\" content=\"\u00dcbersetzte Sachb\u00fccher und Kinderb\u00fccher; \u00fcbersetzte Spiele; Englisch, Niederl\u00e4ndisch, Spanisch, Russisch\" \/>\n<meta name=\"robots\" content=\"index, follow, max-snippet:-1, max-image-preview:large, max-video-preview:-1\" \/>\n<link rel=\"canonical\" href=\"https:\/\/laballade.de\/wordpress\/bibliothek\/uebersetztes\/\" \/>\n<meta property=\"og:locale\" content=\"de_DE\" \/>\n<meta property=\"og:type\" content=\"article\" \/>\n<meta property=\"og:title\" content=\"\u00dcbersetztes - La Ballade\" \/>\n<meta property=\"og:description\" content=\"\u00dcbersetzte Sachb\u00fccher und Kinderb\u00fccher; \u00fcbersetzte Spiele; Englisch, Niederl\u00e4ndisch, Spanisch, Russisch\" \/>\n<meta property=\"og:url\" content=\"https:\/\/laballade.de\/wordpress\/bibliothek\/uebersetztes\/\" \/>\n<meta property=\"og:site_name\" content=\"La Ballade\" \/>\n<meta property=\"article:modified_time\" content=\"2026-03-18T20:43:28+00:00\" \/>\n<meta name=\"twitter:card\" content=\"summary_large_image\" \/>\n<meta name=\"twitter:label1\" content=\"Gesch\u00e4tzte Lesezeit\" \/>\n\t<meta name=\"twitter:data1\" content=\"4\u00a0Minuten\" \/>\n<script type=\"application\/ld+json\" class=\"yoast-schema-graph\">{\"@context\":\"https:\\\/\\\/schema.org\",\"@graph\":[{\"@type\":\"WebPage\",\"@id\":\"https:\\\/\\\/laballade.de\\\/wordpress\\\/bibliothek\\\/uebersetztes\\\/\",\"url\":\"https:\\\/\\\/laballade.de\\\/wordpress\\\/bibliothek\\\/uebersetztes\\\/\",\"name\":\"\u00dcbersetztes - La Ballade\",\"isPartOf\":{\"@id\":\"https:\\\/\\\/laballade.de\\\/wordpress\\\/#website\"},\"datePublished\":\"2018-05-27T18:27:54+00:00\",\"dateModified\":\"2026-03-18T20:43:28+00:00\",\"description\":\"\u00dcbersetzte Sachb\u00fccher und Kinderb\u00fccher; \u00fcbersetzte Spiele; Englisch, Niederl\u00e4ndisch, Spanisch, Russisch\",\"breadcrumb\":{\"@id\":\"https:\\\/\\\/laballade.de\\\/wordpress\\\/bibliothek\\\/uebersetztes\\\/#breadcrumb\"},\"inLanguage\":\"de\",\"potentialAction\":[{\"@type\":\"ReadAction\",\"target\":[\"https:\\\/\\\/laballade.de\\\/wordpress\\\/bibliothek\\\/uebersetztes\\\/\"]}]},{\"@type\":\"BreadcrumbList\",\"@id\":\"https:\\\/\\\/laballade.de\\\/wordpress\\\/bibliothek\\\/uebersetztes\\\/#breadcrumb\",\"itemListElement\":[{\"@type\":\"ListItem\",\"position\":1,\"name\":\"Startseite\",\"item\":\"https:\\\/\\\/laballade.de\\\/wordpress\\\/\"},{\"@type\":\"ListItem\",\"position\":2,\"name\":\"Bibliothek\",\"item\":\"https:\\\/\\\/laballade.de\\\/wordpress\\\/bibliothek\\\/\"},{\"@type\":\"ListItem\",\"position\":3,\"name\":\"\u00dcbersetztes\"}]},{\"@type\":\"WebSite\",\"@id\":\"https:\\\/\\\/laballade.de\\\/wordpress\\\/#website\",\"url\":\"https:\\\/\\\/laballade.de\\\/wordpress\\\/\",\"name\":\"La Ballade\",\"description\":\"Geschichten und Musik\",\"publisher\":{\"@id\":\"https:\\\/\\\/laballade.de\\\/wordpress\\\/#\\\/schema\\\/person\\\/6fadccd64c10acbfe6c9d563789d29a1\"},\"potentialAction\":[{\"@type\":\"SearchAction\",\"target\":{\"@type\":\"EntryPoint\",\"urlTemplate\":\"https:\\\/\\\/laballade.de\\\/wordpress\\\/?s={search_term_string}\"},\"query-input\":{\"@type\":\"PropertyValueSpecification\",\"valueRequired\":true,\"valueName\":\"search_term_string\"}}],\"inLanguage\":\"de\"},{\"@type\":[\"Person\",\"Organization\"],\"@id\":\"https:\\\/\\\/laballade.de\\\/wordpress\\\/#\\\/schema\\\/person\\\/6fadccd64c10acbfe6c9d563789d29a1\",\"name\":\"Susanne\",\"logo\":{\"@id\":\"https:\\\/\\\/laballade.de\\\/wordpress\\\/#\\\/schema\\\/person\\\/image\\\/\"},\"sameAs\":[\"https:\\\/\\\/www.laballade.de\"]}]}<\/script>\n<!-- \/ Yoast SEO plugin. -->","yoast_head_json":{"title":"\u00dcbersetztes - La Ballade","description":"\u00dcbersetzte Sachb\u00fccher und Kinderb\u00fccher; \u00fcbersetzte Spiele; Englisch, Niederl\u00e4ndisch, Spanisch, Russisch","robots":{"index":"index","follow":"follow","max-snippet":"max-snippet:-1","max-image-preview":"max-image-preview:large","max-video-preview":"max-video-preview:-1"},"canonical":"https:\/\/laballade.de\/wordpress\/bibliothek\/uebersetztes\/","og_locale":"de_DE","og_type":"article","og_title":"\u00dcbersetztes - La Ballade","og_description":"\u00dcbersetzte Sachb\u00fccher und Kinderb\u00fccher; \u00fcbersetzte Spiele; Englisch, Niederl\u00e4ndisch, Spanisch, Russisch","og_url":"https:\/\/laballade.de\/wordpress\/bibliothek\/uebersetztes\/","og_site_name":"La Ballade","article_modified_time":"2026-03-18T20:43:28+00:00","twitter_card":"summary_large_image","twitter_misc":{"Gesch\u00e4tzte Lesezeit":"4\u00a0Minuten"},"schema":{"@context":"https:\/\/schema.org","@graph":[{"@type":"WebPage","@id":"https:\/\/laballade.de\/wordpress\/bibliothek\/uebersetztes\/","url":"https:\/\/laballade.de\/wordpress\/bibliothek\/uebersetztes\/","name":"\u00dcbersetztes - La Ballade","isPartOf":{"@id":"https:\/\/laballade.de\/wordpress\/#website"},"datePublished":"2018-05-27T18:27:54+00:00","dateModified":"2026-03-18T20:43:28+00:00","description":"\u00dcbersetzte Sachb\u00fccher und Kinderb\u00fccher; \u00fcbersetzte Spiele; Englisch, Niederl\u00e4ndisch, Spanisch, Russisch","breadcrumb":{"@id":"https:\/\/laballade.de\/wordpress\/bibliothek\/uebersetztes\/#breadcrumb"},"inLanguage":"de","potentialAction":[{"@type":"ReadAction","target":["https:\/\/laballade.de\/wordpress\/bibliothek\/uebersetztes\/"]}]},{"@type":"BreadcrumbList","@id":"https:\/\/laballade.de\/wordpress\/bibliothek\/uebersetztes\/#breadcrumb","itemListElement":[{"@type":"ListItem","position":1,"name":"Startseite","item":"https:\/\/laballade.de\/wordpress\/"},{"@type":"ListItem","position":2,"name":"Bibliothek","item":"https:\/\/laballade.de\/wordpress\/bibliothek\/"},{"@type":"ListItem","position":3,"name":"\u00dcbersetztes"}]},{"@type":"WebSite","@id":"https:\/\/laballade.de\/wordpress\/#website","url":"https:\/\/laballade.de\/wordpress\/","name":"La Ballade","description":"Geschichten und Musik","publisher":{"@id":"https:\/\/laballade.de\/wordpress\/#\/schema\/person\/6fadccd64c10acbfe6c9d563789d29a1"},"potentialAction":[{"@type":"SearchAction","target":{"@type":"EntryPoint","urlTemplate":"https:\/\/laballade.de\/wordpress\/?s={search_term_string}"},"query-input":{"@type":"PropertyValueSpecification","valueRequired":true,"valueName":"search_term_string"}}],"inLanguage":"de"},{"@type":["Person","Organization"],"@id":"https:\/\/laballade.de\/wordpress\/#\/schema\/person\/6fadccd64c10acbfe6c9d563789d29a1","name":"Susanne","logo":{"@id":"https:\/\/laballade.de\/wordpress\/#\/schema\/person\/image\/"},"sameAs":["https:\/\/www.laballade.de"]}]}},"_links":{"self":[{"href":"https:\/\/laballade.de\/wordpress\/wp-json\/wp\/v2\/pages\/171","targetHints":{"allow":["GET"]}}],"collection":[{"href":"https:\/\/laballade.de\/wordpress\/wp-json\/wp\/v2\/pages"}],"about":[{"href":"https:\/\/laballade.de\/wordpress\/wp-json\/wp\/v2\/types\/page"}],"author":[{"embeddable":true,"href":"https:\/\/laballade.de\/wordpress\/wp-json\/wp\/v2\/users\/1"}],"replies":[{"embeddable":true,"href":"https:\/\/laballade.de\/wordpress\/wp-json\/wp\/v2\/comments?post=171"}],"version-history":[{"count":50,"href":"https:\/\/laballade.de\/wordpress\/wp-json\/wp\/v2\/pages\/171\/revisions"}],"predecessor-version":[{"id":6532,"href":"https:\/\/laballade.de\/wordpress\/wp-json\/wp\/v2\/pages\/171\/revisions\/6532"}],"up":[{"embeddable":true,"href":"https:\/\/laballade.de\/wordpress\/wp-json\/wp\/v2\/pages\/166"}],"wp:attachment":[{"href":"https:\/\/laballade.de\/wordpress\/wp-json\/wp\/v2\/media?parent=171"}],"curies":[{"name":"wp","href":"https:\/\/api.w.org\/{rel}","templated":true}]}}