{"id":166,"date":"2018-05-27T20:26:40","date_gmt":"2018-05-27T18:26:40","guid":{"rendered":"http:\/\/laballade.de\/wordpress\/?page_id=166"},"modified":"2026-01-19T10:11:07","modified_gmt":"2026-01-19T09:11:07","slug":"bibliothek","status":"publish","type":"page","link":"https:\/\/laballade.de\/wordpress\/bibliothek\/","title":{"rendered":"Bibliothek"},"content":{"rendered":"<p>Achtung, meine Bibliothek enth\u00e4lt Werbung!<\/p>\n<p>Die Links auf den Unterseiten f\u00fchren zum jeweiligen Verlag, bei gedruckten B\u00fcchern ggf. zum <a href=\"https:\/\/shop.autorenwelt.de\/\">Autorenwelt-Shop<\/a>, bei E-Books zur Buchhandlung meines Vertrauens, <a href=\"https:\/\/schlapp.buchhandlung.de\/shop\/\">H. L. Schlapp<\/a> in Darmstadt\/Bensheim und anderen Online-H\u00e4ndlern. Die Firma Schlapp steht hier als Beispiel daf\u00fcr, dass viele \u201eBuchhandlungen um die Ecke\u201c etwas Vergleichbares anbieten, es kann sich lohnen, einmal bei der n\u00e4chstgelegenen vorbeizuschauen. Bei \u00dcbersetzungen gibt es zudem einen Link\u00a0 zur Website der Autorys, falls vorhanden.<\/p>\n<p>Es handelt sich hierbei nicht um Partner-\/Affiliate-Links. Wenn nicht ausdr\u00fccklich anders vermerkt, erhalte ich keine Gegenleistung f\u00fcr Erw\u00e4hnungen, Besprechungen, Links etc.<\/p>\n<p>Die Unterseiten enthalten m\u00f6glichst aktuell <a href=\"https:\/\/laballade.de\/wordpress\/bibliothek\/uebersetztes\/\">\u00dcbersetztes<\/a> und <a href=\"https:\/\/laballade.de\/wordpress\/bibliothek\/geschriebenes\/\">Geschriebenes<\/a><\/p>\n<p>Gelesenes erscheint, ebenfalls m\u00f6glichst aktuell und eventuell mit Bewertung, auf <a href=\"https:\/\/bookwyrm.social\/user\/SusanneBonn\">Bookwyrm<\/a><\/p>\n","protected":false},"excerpt":{"rendered":"<p>Achtung, meine Bibliothek enth\u00e4lt Werbung! Die Links auf den Unterseiten f\u00fchren zum jeweiligen Verlag, bei gedruckten B\u00fcchern ggf. zum Autorenwelt-Shop, bei E-Books zur Buchhandlung meines Vertrauens, H. L. Schlapp in Darmstadt\/Bensheim und anderen Online-H\u00e4ndlern. Die Firma Schlapp steht hier als Beispiel daf\u00fcr, dass viele \u201eBuchhandlungen um die Ecke\u201c etwas Vergleichbares anbieten, es kann sich lohnen, [&hellip;]<\/p>\n","protected":false},"author":1,"featured_media":0,"parent":0,"menu_order":0,"comment_status":"closed","ping_status":"closed","template":"","meta":{"footnotes":""},"class_list":["post-166","page","type-page","status-publish","hentry"],"yoast_head":"<!-- This site is optimized with the Yoast SEO plugin v27.4 - https:\/\/yoast.com\/product\/yoast-seo-wordpress\/ -->\n<title>Bibliothek - La Ballade<\/title>\n<meta name=\"description\" content=\"In meiner Bibliothek stehen B\u00fccher (und andere Texte), die ich \u00fcbersetzt, geschrieben oder wenigstens gelesen habe\" \/>\n<meta name=\"robots\" content=\"index, follow, max-snippet:-1, max-image-preview:large, max-video-preview:-1\" \/>\n<link rel=\"canonical\" href=\"https:\/\/laballade.de\/wordpress\/bibliothek\/\" \/>\n<meta property=\"og:locale\" content=\"de_DE\" \/>\n<meta property=\"og:type\" content=\"article\" \/>\n<meta property=\"og:title\" content=\"Bibliothek - La Ballade\" \/>\n<meta property=\"og:description\" content=\"In meiner Bibliothek stehen B\u00fccher (und andere Texte), die ich \u00fcbersetzt, geschrieben oder wenigstens gelesen habe\" \/>\n<meta property=\"og:url\" content=\"https:\/\/laballade.de\/wordpress\/bibliothek\/\" \/>\n<meta property=\"og:site_name\" content=\"La Ballade\" \/>\n<meta property=\"article:modified_time\" content=\"2026-01-19T09:11:07+00:00\" \/>\n<meta name=\"twitter:card\" content=\"summary_large_image\" \/>\n<meta name=\"twitter:label1\" content=\"Gesch\u00e4tzte Lesezeit\" \/>\n\t<meta name=\"twitter:data1\" content=\"1\u00a0Minute\" \/>\n<script type=\"application\/ld+json\" class=\"yoast-schema-graph\">{\"@context\":\"https:\\\/\\\/schema.org\",\"@graph\":[{\"@type\":\"WebPage\",\"@id\":\"https:\\\/\\\/laballade.de\\\/wordpress\\\/bibliothek\\\/\",\"url\":\"https:\\\/\\\/laballade.de\\\/wordpress\\\/bibliothek\\\/\",\"name\":\"Bibliothek - La Ballade\",\"isPartOf\":{\"@id\":\"https:\\\/\\\/laballade.de\\\/wordpress\\\/#website\"},\"datePublished\":\"2018-05-27T18:26:40+00:00\",\"dateModified\":\"2026-01-19T09:11:07+00:00\",\"description\":\"In meiner Bibliothek stehen B\u00fccher (und andere Texte), die ich \u00fcbersetzt, geschrieben oder wenigstens gelesen habe\",\"breadcrumb\":{\"@id\":\"https:\\\/\\\/laballade.de\\\/wordpress\\\/bibliothek\\\/#breadcrumb\"},\"inLanguage\":\"de\",\"potentialAction\":[{\"@type\":\"ReadAction\",\"target\":[\"https:\\\/\\\/laballade.de\\\/wordpress\\\/bibliothek\\\/\"]}]},{\"@type\":\"BreadcrumbList\",\"@id\":\"https:\\\/\\\/laballade.de\\\/wordpress\\\/bibliothek\\\/#breadcrumb\",\"itemListElement\":[{\"@type\":\"ListItem\",\"position\":1,\"name\":\"Startseite\",\"item\":\"https:\\\/\\\/laballade.de\\\/wordpress\\\/\"},{\"@type\":\"ListItem\",\"position\":2,\"name\":\"Bibliothek\"}]},{\"@type\":\"WebSite\",\"@id\":\"https:\\\/\\\/laballade.de\\\/wordpress\\\/#website\",\"url\":\"https:\\\/\\\/laballade.de\\\/wordpress\\\/\",\"name\":\"La Ballade\",\"description\":\"Geschichten und Musik\",\"publisher\":{\"@id\":\"https:\\\/\\\/laballade.de\\\/wordpress\\\/#\\\/schema\\\/person\\\/6fadccd64c10acbfe6c9d563789d29a1\"},\"potentialAction\":[{\"@type\":\"SearchAction\",\"target\":{\"@type\":\"EntryPoint\",\"urlTemplate\":\"https:\\\/\\\/laballade.de\\\/wordpress\\\/?s={search_term_string}\"},\"query-input\":{\"@type\":\"PropertyValueSpecification\",\"valueRequired\":true,\"valueName\":\"search_term_string\"}}],\"inLanguage\":\"de\"},{\"@type\":[\"Person\",\"Organization\"],\"@id\":\"https:\\\/\\\/laballade.de\\\/wordpress\\\/#\\\/schema\\\/person\\\/6fadccd64c10acbfe6c9d563789d29a1\",\"name\":\"Susanne\",\"logo\":{\"@id\":\"https:\\\/\\\/laballade.de\\\/wordpress\\\/#\\\/schema\\\/person\\\/image\\\/\"},\"sameAs\":[\"https:\\\/\\\/www.laballade.de\"]}]}<\/script>\n<!-- \/ Yoast SEO plugin. -->","yoast_head_json":{"title":"Bibliothek - La Ballade","description":"In meiner Bibliothek stehen B\u00fccher (und andere Texte), die ich \u00fcbersetzt, geschrieben oder wenigstens gelesen habe","robots":{"index":"index","follow":"follow","max-snippet":"max-snippet:-1","max-image-preview":"max-image-preview:large","max-video-preview":"max-video-preview:-1"},"canonical":"https:\/\/laballade.de\/wordpress\/bibliothek\/","og_locale":"de_DE","og_type":"article","og_title":"Bibliothek - La Ballade","og_description":"In meiner Bibliothek stehen B\u00fccher (und andere Texte), die ich \u00fcbersetzt, geschrieben oder wenigstens gelesen habe","og_url":"https:\/\/laballade.de\/wordpress\/bibliothek\/","og_site_name":"La Ballade","article_modified_time":"2026-01-19T09:11:07+00:00","twitter_card":"summary_large_image","twitter_misc":{"Gesch\u00e4tzte Lesezeit":"1\u00a0Minute"},"schema":{"@context":"https:\/\/schema.org","@graph":[{"@type":"WebPage","@id":"https:\/\/laballade.de\/wordpress\/bibliothek\/","url":"https:\/\/laballade.de\/wordpress\/bibliothek\/","name":"Bibliothek - La Ballade","isPartOf":{"@id":"https:\/\/laballade.de\/wordpress\/#website"},"datePublished":"2018-05-27T18:26:40+00:00","dateModified":"2026-01-19T09:11:07+00:00","description":"In meiner Bibliothek stehen B\u00fccher (und andere Texte), die ich \u00fcbersetzt, geschrieben oder wenigstens gelesen habe","breadcrumb":{"@id":"https:\/\/laballade.de\/wordpress\/bibliothek\/#breadcrumb"},"inLanguage":"de","potentialAction":[{"@type":"ReadAction","target":["https:\/\/laballade.de\/wordpress\/bibliothek\/"]}]},{"@type":"BreadcrumbList","@id":"https:\/\/laballade.de\/wordpress\/bibliothek\/#breadcrumb","itemListElement":[{"@type":"ListItem","position":1,"name":"Startseite","item":"https:\/\/laballade.de\/wordpress\/"},{"@type":"ListItem","position":2,"name":"Bibliothek"}]},{"@type":"WebSite","@id":"https:\/\/laballade.de\/wordpress\/#website","url":"https:\/\/laballade.de\/wordpress\/","name":"La Ballade","description":"Geschichten und Musik","publisher":{"@id":"https:\/\/laballade.de\/wordpress\/#\/schema\/person\/6fadccd64c10acbfe6c9d563789d29a1"},"potentialAction":[{"@type":"SearchAction","target":{"@type":"EntryPoint","urlTemplate":"https:\/\/laballade.de\/wordpress\/?s={search_term_string}"},"query-input":{"@type":"PropertyValueSpecification","valueRequired":true,"valueName":"search_term_string"}}],"inLanguage":"de"},{"@type":["Person","Organization"],"@id":"https:\/\/laballade.de\/wordpress\/#\/schema\/person\/6fadccd64c10acbfe6c9d563789d29a1","name":"Susanne","logo":{"@id":"https:\/\/laballade.de\/wordpress\/#\/schema\/person\/image\/"},"sameAs":["https:\/\/www.laballade.de"]}]}},"_links":{"self":[{"href":"https:\/\/laballade.de\/wordpress\/wp-json\/wp\/v2\/pages\/166","targetHints":{"allow":["GET"]}}],"collection":[{"href":"https:\/\/laballade.de\/wordpress\/wp-json\/wp\/v2\/pages"}],"about":[{"href":"https:\/\/laballade.de\/wordpress\/wp-json\/wp\/v2\/types\/page"}],"author":[{"embeddable":true,"href":"https:\/\/laballade.de\/wordpress\/wp-json\/wp\/v2\/users\/1"}],"replies":[{"embeddable":true,"href":"https:\/\/laballade.de\/wordpress\/wp-json\/wp\/v2\/comments?post=166"}],"version-history":[{"count":16,"href":"https:\/\/laballade.de\/wordpress\/wp-json\/wp\/v2\/pages\/166\/revisions"}],"predecessor-version":[{"id":6463,"href":"https:\/\/laballade.de\/wordpress\/wp-json\/wp\/v2\/pages\/166\/revisions\/6463"}],"wp:attachment":[{"href":"https:\/\/laballade.de\/wordpress\/wp-json\/wp\/v2\/media?parent=166"}],"curies":[{"name":"wp","href":"https:\/\/api.w.org\/{rel}","templated":true}]}}